{"id":74,"date":"2018-05-16T19:13:21","date_gmt":"2018-05-16T17:13:21","guid":{"rendered":"http:\/\/sophiestalport.com\/?page_id=74"},"modified":"2019-05-23T08:11:52","modified_gmt":"2019-05-23T06:11:52","slug":"parcours","status":"publish","type":"page","link":"https:\/\/sophiestalport.com\/index.php\/parcours\/","title":{"rendered":"Parcours"},"content":{"rendered":"<div id=\"cs-content\" class=\"cs-content\"><\/div>\n","protected":false},"excerpt":{"rendered":"<p>Mon parcours\u00a0\u00bbLa premi\u00e8re fois que j\u2019ai march\u00e9, je suis tomb\u00e9e. La premi\u00e8re fois que je suis tomb\u00e9e, je me suis relev\u00e9e. La premi\u00e8re fois que je me suis relev\u00e9e, j\u2019ai march\u00e9&#8230;\u00a0\u00bb Vincent Cuvelier, La premi\u00e8re fois que je suis n\u00e9e La premi\u00e8re fois que je suis mont\u00e9e sur sc\u00e8ne, j\u2019en suis sortie en me disant \u00ab\u00a0C\u2019est \u00e7a que je veux!\u00a0\u00bb. De Lyon \u00e0 Barcelone, de Barcelone \u00e0 Paris, d\u00e9couvrez mon parcours en images. Un visuel, une \u00e9tape, la vie\u2026! 19782 &#8230;<\/p>\n","protected":false},"author":1,"featured_media":0,"parent":0,"menu_order":0,"comment_status":"closed","ping_status":"closed","template":"template-blank-4.php","meta":[],"yoast_head":"<!-- This site is optimized with the Yoast SEO plugin v20.11 - https:\/\/yoast.com\/wordpress\/plugins\/seo\/ -->\n<title>Parcours - Sophie Stalport<\/title>\n<meta name=\"robots\" content=\"index, follow, max-snippet:-1, max-image-preview:large, max-video-preview:-1\" \/>\n<link rel=\"canonical\" href=\"https:\/\/sophiestalport.com\/index.php\/parcours\/\" \/>\n<meta property=\"og:locale\" content=\"fr_FR\" \/>\n<meta property=\"og:type\" content=\"article\" \/>\n<meta property=\"og:title\" content=\"Parcours - Sophie Stalport\" \/>\n<meta property=\"og:description\" content=\"Mon parcours&quot;La premi\u00e8re fois que j\u2019ai march\u00e9, je suis tomb\u00e9e. La premi\u00e8re fois que je suis tomb\u00e9e, je me suis relev\u00e9e. La premi\u00e8re fois que je me suis relev\u00e9e, j\u2019ai march\u00e9...&quot; Vincent Cuvelier, La premi\u00e8re fois que je suis n\u00e9e La premi\u00e8re fois que je suis mont\u00e9e sur sc\u00e8ne, j\u2019en suis sortie en me disant &quot;C\u2019est \u00e7a que je veux!&quot;. De Lyon \u00e0 Barcelone, de Barcelone \u00e0 Paris, d\u00e9couvrez mon parcours en images. Un visuel, une \u00e9tape, la vie\u2026! 19782 ...\" \/>\n<meta property=\"og:url\" content=\"https:\/\/sophiestalport.com\/index.php\/parcours\/\" \/>\n<meta property=\"og:site_name\" content=\"Sophie Stalport\" \/>\n<meta property=\"article:modified_time\" content=\"2019-05-23T06:11:52+00:00\" \/>\n<meta name=\"twitter:card\" content=\"summary_large_image\" \/>\n<meta name=\"twitter:label1\" content=\"Dur\u00e9e de lecture estim\u00e9e\" \/>\n\t<meta name=\"twitter:data1\" content=\"5 minutes\" \/>\n<script type=\"application\/ld+json\" class=\"yoast-schema-graph\">{\"@context\":\"https:\/\/schema.org\",\"@graph\":[{\"@type\":\"WebPage\",\"@id\":\"https:\/\/sophiestalport.com\/index.php\/parcours\/\",\"url\":\"https:\/\/sophiestalport.com\/index.php\/parcours\/\",\"name\":\"Parcours - Sophie Stalport\",\"isPartOf\":{\"@id\":\"https:\/\/sophiestalport.com\/#website\"},\"datePublished\":\"2018-05-16T17:13:21+00:00\",\"dateModified\":\"2019-05-23T06:11:52+00:00\",\"breadcrumb\":{\"@id\":\"https:\/\/sophiestalport.com\/index.php\/parcours\/#breadcrumb\"},\"inLanguage\":\"fr-FR\",\"potentialAction\":[{\"@type\":\"ReadAction\",\"target\":[\"https:\/\/sophiestalport.com\/index.php\/parcours\/\"]}]},{\"@type\":\"BreadcrumbList\",\"@id\":\"https:\/\/sophiestalport.com\/index.php\/parcours\/#breadcrumb\",\"itemListElement\":[{\"@type\":\"ListItem\",\"position\":1,\"name\":\"Home\",\"item\":\"https:\/\/sophiestalport.com\/\"},{\"@type\":\"ListItem\",\"position\":2,\"name\":\"Parcours\"}]},{\"@type\":\"WebSite\",\"@id\":\"https:\/\/sophiestalport.com\/#website\",\"url\":\"https:\/\/sophiestalport.com\/\",\"name\":\"Sophie Stalport\",\"description\":\"Com\u00e9dienne\",\"potentialAction\":[{\"@type\":\"SearchAction\",\"target\":{\"@type\":\"EntryPoint\",\"urlTemplate\":\"https:\/\/sophiestalport.com\/?s={search_term_string}\"},\"query-input\":\"required name=search_term_string\"}],\"inLanguage\":\"fr-FR\"}]}<\/script>\n<!-- \/ Yoast SEO plugin. -->","yoast_head_json":{"title":"Parcours - Sophie Stalport","robots":{"index":"index","follow":"follow","max-snippet":"max-snippet:-1","max-image-preview":"max-image-preview:large","max-video-preview":"max-video-preview:-1"},"canonical":"https:\/\/sophiestalport.com\/index.php\/parcours\/","og_locale":"fr_FR","og_type":"article","og_title":"Parcours - Sophie Stalport","og_description":"Mon parcours\"La premi\u00e8re fois que j\u2019ai march\u00e9, je suis tomb\u00e9e. La premi\u00e8re fois que je suis tomb\u00e9e, je me suis relev\u00e9e. La premi\u00e8re fois que je me suis relev\u00e9e, j\u2019ai march\u00e9...\" Vincent Cuvelier, La premi\u00e8re fois que je suis n\u00e9e La premi\u00e8re fois que je suis mont\u00e9e sur sc\u00e8ne, j\u2019en suis sortie en me disant \"C\u2019est \u00e7a que je veux!\". De Lyon \u00e0 Barcelone, de Barcelone \u00e0 Paris, d\u00e9couvrez mon parcours en images. Un visuel, une \u00e9tape, la vie\u2026! 19782 ...","og_url":"https:\/\/sophiestalport.com\/index.php\/parcours\/","og_site_name":"Sophie Stalport","article_modified_time":"2019-05-23T06:11:52+00:00","twitter_card":"summary_large_image","twitter_misc":{"Dur\u00e9e de lecture estim\u00e9e":"5 minutes"},"schema":{"@context":"https:\/\/schema.org","@graph":[{"@type":"WebPage","@id":"https:\/\/sophiestalport.com\/index.php\/parcours\/","url":"https:\/\/sophiestalport.com\/index.php\/parcours\/","name":"Parcours - Sophie Stalport","isPartOf":{"@id":"https:\/\/sophiestalport.com\/#website"},"datePublished":"2018-05-16T17:13:21+00:00","dateModified":"2019-05-23T06:11:52+00:00","breadcrumb":{"@id":"https:\/\/sophiestalport.com\/index.php\/parcours\/#breadcrumb"},"inLanguage":"fr-FR","potentialAction":[{"@type":"ReadAction","target":["https:\/\/sophiestalport.com\/index.php\/parcours\/"]}]},{"@type":"BreadcrumbList","@id":"https:\/\/sophiestalport.com\/index.php\/parcours\/#breadcrumb","itemListElement":[{"@type":"ListItem","position":1,"name":"Home","item":"https:\/\/sophiestalport.com\/"},{"@type":"ListItem","position":2,"name":"Parcours"}]},{"@type":"WebSite","@id":"https:\/\/sophiestalport.com\/#website","url":"https:\/\/sophiestalport.com\/","name":"Sophie Stalport","description":"Com\u00e9dienne","potentialAction":[{"@type":"SearchAction","target":{"@type":"EntryPoint","urlTemplate":"https:\/\/sophiestalport.com\/?s={search_term_string}"},"query-input":"required name=search_term_string"}],"inLanguage":"fr-FR"}]}},"_links":{"self":[{"href":"https:\/\/sophiestalport.com\/index.php\/wp-json\/wp\/v2\/pages\/74"}],"collection":[{"href":"https:\/\/sophiestalport.com\/index.php\/wp-json\/wp\/v2\/pages"}],"about":[{"href":"https:\/\/sophiestalport.com\/index.php\/wp-json\/wp\/v2\/types\/page"}],"author":[{"embeddable":true,"href":"https:\/\/sophiestalport.com\/index.php\/wp-json\/wp\/v2\/users\/1"}],"replies":[{"embeddable":true,"href":"https:\/\/sophiestalport.com\/index.php\/wp-json\/wp\/v2\/comments?post=74"}],"version-history":[{"count":78,"href":"https:\/\/sophiestalport.com\/index.php\/wp-json\/wp\/v2\/pages\/74\/revisions"}],"predecessor-version":[{"id":1098,"href":"https:\/\/sophiestalport.com\/index.php\/wp-json\/wp\/v2\/pages\/74\/revisions\/1098"}],"wp:attachment":[{"href":"https:\/\/sophiestalport.com\/index.php\/wp-json\/wp\/v2\/media?parent=74"}],"curies":[{"name":"wp","href":"https:\/\/api.w.org\/{rel}","templated":true}]}}