{"id":729,"date":"2018-06-14T17:14:04","date_gmt":"2018-06-14T15:14:04","guid":{"rendered":"http:\/\/sophiestalport.com\/?page_id=729"},"modified":"2018-06-28T16:26:29","modified_gmt":"2018-06-28T14:26:29","slug":"direction_acteurs_mise_en_scene","status":"publish","type":"page","link":"https:\/\/sophiestalport.com\/index.php\/direction_acteurs_mise_en_scene\/","title":{"rendered":"Direction d&rsquo;acteur"},"content":{"rendered":"<div id=\"cs-content\" class=\"cs-content\"><\/div>\n","protected":false},"excerpt":{"rendered":"<p>direction d&rsquo;acteur &#8211; mise en sc\u00e8neDe l&rsquo;interpr\u00e9tation \u00e0 la direction d&rsquo;acteur, une passerelle tellement \u00e9vidente au fil des ann\u00e9es. De la direction d&rsquo;acteur \u00e0 la mise en sc\u00e8ne de spectacles dans les mus\u00e9es, juste un pas \u00e0 franchir. Le savoir-faire au fil des cr\u00e9ations s&rsquo;affine&#8230; Spectacles dans les mus\u00e9esCliquez sur l&rsquo;image pour d\u00e9couvrir tous les spectacles P\u00e9dagogieintervenante th\u00e9\u00e2tre DIRECTION D&rsquo;UNE CLASSE-TH\u00c9\u00c2TRE Direction d\u2019une classe th\u00e9\u00e2tre (Cursus du CE2 au CM2) \u00e0 l\u2019Ecole primaire Poincar\u00e9 B d\u2019Asni\u00e8res-sur-Seine (92). Encadrement d&rsquo;un atelier &#8230;<\/p>\n","protected":false},"author":1,"featured_media":0,"parent":0,"menu_order":0,"comment_status":"closed","ping_status":"closed","template":"","meta":[],"yoast_head":"<!-- This site is optimized with the Yoast SEO plugin v20.11 - https:\/\/yoast.com\/wordpress\/plugins\/seo\/ -->\n<title>Direction d&#039;acteur - Sophie Stalport<\/title>\n<meta name=\"robots\" content=\"index, follow, max-snippet:-1, max-image-preview:large, max-video-preview:-1\" \/>\n<link rel=\"canonical\" href=\"https:\/\/sophiestalport.com\/index.php\/direction_acteurs_mise_en_scene\/\" \/>\n<meta property=\"og:locale\" content=\"fr_FR\" \/>\n<meta property=\"og:type\" content=\"article\" \/>\n<meta property=\"og:title\" content=\"Direction d&#039;acteur - Sophie Stalport\" \/>\n<meta property=\"og:description\" content=\"direction d&#039;acteur - mise en sc\u00e8neDe l&#039;interpr\u00e9tation \u00e0 la direction d&#039;acteur, une passerelle tellement \u00e9vidente au fil des ann\u00e9es. De la direction d&#039;acteur \u00e0 la mise en sc\u00e8ne de spectacles dans les mus\u00e9es, juste un pas \u00e0 franchir. Le savoir-faire au fil des cr\u00e9ations s&#039;affine... Spectacles dans les mus\u00e9esCliquez sur l&#039;image pour d\u00e9couvrir tous les spectacles P\u00e9dagogieintervenante th\u00e9\u00e2tre DIRECTION D&#039;UNE CLASSE-TH\u00c9\u00c2TRE Direction d\u2019une classe th\u00e9\u00e2tre (Cursus du CE2 au CM2) \u00e0 l\u2019Ecole primaire Poincar\u00e9 B d\u2019Asni\u00e8res-sur-Seine (92). Encadrement d&#039;un atelier ...\" \/>\n<meta property=\"og:url\" content=\"https:\/\/sophiestalport.com\/index.php\/direction_acteurs_mise_en_scene\/\" \/>\n<meta property=\"og:site_name\" content=\"Sophie Stalport\" \/>\n<meta property=\"article:modified_time\" content=\"2018-06-28T14:26:29+00:00\" \/>\n<meta name=\"twitter:card\" content=\"summary_large_image\" \/>\n<meta name=\"twitter:label1\" content=\"Dur\u00e9e de lecture estim\u00e9e\" \/>\n\t<meta name=\"twitter:data1\" content=\"3 minutes\" \/>\n<script type=\"application\/ld+json\" class=\"yoast-schema-graph\">{\"@context\":\"https:\/\/schema.org\",\"@graph\":[{\"@type\":\"WebPage\",\"@id\":\"https:\/\/sophiestalport.com\/index.php\/direction_acteurs_mise_en_scene\/\",\"url\":\"https:\/\/sophiestalport.com\/index.php\/direction_acteurs_mise_en_scene\/\",\"name\":\"Direction d'acteur - Sophie Stalport\",\"isPartOf\":{\"@id\":\"https:\/\/sophiestalport.com\/#website\"},\"datePublished\":\"2018-06-14T15:14:04+00:00\",\"dateModified\":\"2018-06-28T14:26:29+00:00\",\"breadcrumb\":{\"@id\":\"https:\/\/sophiestalport.com\/index.php\/direction_acteurs_mise_en_scene\/#breadcrumb\"},\"inLanguage\":\"fr-FR\",\"potentialAction\":[{\"@type\":\"ReadAction\",\"target\":[\"https:\/\/sophiestalport.com\/index.php\/direction_acteurs_mise_en_scene\/\"]}]},{\"@type\":\"BreadcrumbList\",\"@id\":\"https:\/\/sophiestalport.com\/index.php\/direction_acteurs_mise_en_scene\/#breadcrumb\",\"itemListElement\":[{\"@type\":\"ListItem\",\"position\":1,\"name\":\"Home\",\"item\":\"https:\/\/sophiestalport.com\/\"},{\"@type\":\"ListItem\",\"position\":2,\"name\":\"Direction d&rsquo;acteur\"}]},{\"@type\":\"WebSite\",\"@id\":\"https:\/\/sophiestalport.com\/#website\",\"url\":\"https:\/\/sophiestalport.com\/\",\"name\":\"Sophie Stalport\",\"description\":\"Com\u00e9dienne\",\"potentialAction\":[{\"@type\":\"SearchAction\",\"target\":{\"@type\":\"EntryPoint\",\"urlTemplate\":\"https:\/\/sophiestalport.com\/?s={search_term_string}\"},\"query-input\":\"required name=search_term_string\"}],\"inLanguage\":\"fr-FR\"}]}<\/script>\n<!-- \/ Yoast SEO plugin. -->","yoast_head_json":{"title":"Direction d'acteur - Sophie Stalport","robots":{"index":"index","follow":"follow","max-snippet":"max-snippet:-1","max-image-preview":"max-image-preview:large","max-video-preview":"max-video-preview:-1"},"canonical":"https:\/\/sophiestalport.com\/index.php\/direction_acteurs_mise_en_scene\/","og_locale":"fr_FR","og_type":"article","og_title":"Direction d'acteur - Sophie Stalport","og_description":"direction d'acteur - mise en sc\u00e8neDe l'interpr\u00e9tation \u00e0 la direction d'acteur, une passerelle tellement \u00e9vidente au fil des ann\u00e9es. De la direction d'acteur \u00e0 la mise en sc\u00e8ne de spectacles dans les mus\u00e9es, juste un pas \u00e0 franchir. Le savoir-faire au fil des cr\u00e9ations s'affine... Spectacles dans les mus\u00e9esCliquez sur l'image pour d\u00e9couvrir tous les spectacles P\u00e9dagogieintervenante th\u00e9\u00e2tre DIRECTION D'UNE CLASSE-TH\u00c9\u00c2TRE Direction d\u2019une classe th\u00e9\u00e2tre (Cursus du CE2 au CM2) \u00e0 l\u2019Ecole primaire Poincar\u00e9 B d\u2019Asni\u00e8res-sur-Seine (92). Encadrement d'un atelier ...","og_url":"https:\/\/sophiestalport.com\/index.php\/direction_acteurs_mise_en_scene\/","og_site_name":"Sophie Stalport","article_modified_time":"2018-06-28T14:26:29+00:00","twitter_card":"summary_large_image","twitter_misc":{"Dur\u00e9e de lecture estim\u00e9e":"3 minutes"},"schema":{"@context":"https:\/\/schema.org","@graph":[{"@type":"WebPage","@id":"https:\/\/sophiestalport.com\/index.php\/direction_acteurs_mise_en_scene\/","url":"https:\/\/sophiestalport.com\/index.php\/direction_acteurs_mise_en_scene\/","name":"Direction d'acteur - Sophie Stalport","isPartOf":{"@id":"https:\/\/sophiestalport.com\/#website"},"datePublished":"2018-06-14T15:14:04+00:00","dateModified":"2018-06-28T14:26:29+00:00","breadcrumb":{"@id":"https:\/\/sophiestalport.com\/index.php\/direction_acteurs_mise_en_scene\/#breadcrumb"},"inLanguage":"fr-FR","potentialAction":[{"@type":"ReadAction","target":["https:\/\/sophiestalport.com\/index.php\/direction_acteurs_mise_en_scene\/"]}]},{"@type":"BreadcrumbList","@id":"https:\/\/sophiestalport.com\/index.php\/direction_acteurs_mise_en_scene\/#breadcrumb","itemListElement":[{"@type":"ListItem","position":1,"name":"Home","item":"https:\/\/sophiestalport.com\/"},{"@type":"ListItem","position":2,"name":"Direction d&rsquo;acteur"}]},{"@type":"WebSite","@id":"https:\/\/sophiestalport.com\/#website","url":"https:\/\/sophiestalport.com\/","name":"Sophie Stalport","description":"Com\u00e9dienne","potentialAction":[{"@type":"SearchAction","target":{"@type":"EntryPoint","urlTemplate":"https:\/\/sophiestalport.com\/?s={search_term_string}"},"query-input":"required name=search_term_string"}],"inLanguage":"fr-FR"}]}},"_links":{"self":[{"href":"https:\/\/sophiestalport.com\/index.php\/wp-json\/wp\/v2\/pages\/729"}],"collection":[{"href":"https:\/\/sophiestalport.com\/index.php\/wp-json\/wp\/v2\/pages"}],"about":[{"href":"https:\/\/sophiestalport.com\/index.php\/wp-json\/wp\/v2\/types\/page"}],"author":[{"embeddable":true,"href":"https:\/\/sophiestalport.com\/index.php\/wp-json\/wp\/v2\/users\/1"}],"replies":[{"embeddable":true,"href":"https:\/\/sophiestalport.com\/index.php\/wp-json\/wp\/v2\/comments?post=729"}],"version-history":[{"count":17,"href":"https:\/\/sophiestalport.com\/index.php\/wp-json\/wp\/v2\/pages\/729\/revisions"}],"predecessor-version":[{"id":958,"href":"https:\/\/sophiestalport.com\/index.php\/wp-json\/wp\/v2\/pages\/729\/revisions\/958"}],"wp:attachment":[{"href":"https:\/\/sophiestalport.com\/index.php\/wp-json\/wp\/v2\/media?parent=729"}],"curies":[{"name":"wp","href":"https:\/\/api.w.org\/{rel}","templated":true}]}}