{"id":707,"date":"2018-06-14T10:19:24","date_gmt":"2018-06-14T08:19:24","guid":{"rendered":"http:\/\/sophiestalport.com\/?page_id=707"},"modified":"2019-09-30T21:04:34","modified_gmt":"2019-09-30T19:04:34","slug":"lyrique","status":"publish","type":"page","link":"https:\/\/sophiestalport.com\/index.php\/lyrique\/","title":{"rendered":"Lyrique"},"content":{"rendered":"<div id=\"cs-content\" class=\"cs-content\"><\/div>\n","protected":false},"excerpt":{"rendered":"<p>LyriqueCours de chant lyrique sous la direction de Jean-Pierre et Marianne Blivet (Blivet School) Voix de MEZZO-SOPRANO 2010 Concerts lyriquesStabat Mater de Pergol\u00e8se Les fun\u00e9railles de la Reine Mary de Purcell Pupitre Mezzo-soprano &#8211; Ensemble vocal du Ch\u0153ur de La Ville (direction Agn\u00e8s Stocchetti) 2005-2009 Les soir\u00e9es lyriques du Choeur de la VilleInterpr\u00e9tation des grands airs du r\u00e9pertoire Mezzo-soprano 2002-2003 Le Ch\u00e2teau \u00e0 Toto Op\u00e9ra Bouffe en 3 actesde Jacques Offenbach Livret de Meilhac et Hal\u00e9vy Arrangement et orchestration Alfred &#8230;<\/p>\n","protected":false},"author":1,"featured_media":0,"parent":0,"menu_order":0,"comment_status":"closed","ping_status":"closed","template":"","meta":[],"yoast_head":"<!-- This site is optimized with the Yoast SEO plugin v20.11 - https:\/\/yoast.com\/wordpress\/plugins\/seo\/ -->\n<title>Lyrique - Sophie Stalport<\/title>\n<meta name=\"robots\" content=\"index, follow, max-snippet:-1, max-image-preview:large, max-video-preview:-1\" \/>\n<link rel=\"canonical\" href=\"https:\/\/sophiestalport.com\/index.php\/lyrique\/\" \/>\n<meta property=\"og:locale\" content=\"fr_FR\" \/>\n<meta property=\"og:type\" content=\"article\" \/>\n<meta property=\"og:title\" content=\"Lyrique - Sophie Stalport\" \/>\n<meta property=\"og:description\" content=\"LyriqueCours de chant lyrique sous la direction de Jean-Pierre et Marianne Blivet (Blivet School) Voix de MEZZO-SOPRANO 2010 Concerts lyriquesStabat Mater de Pergol\u00e8se Les fun\u00e9railles de la Reine Mary de Purcell Pupitre Mezzo-soprano - Ensemble vocal du Ch\u0153ur de La Ville (direction Agn\u00e8s Stocchetti) 2005-2009 Les soir\u00e9es lyriques du Choeur de la VilleInterpr\u00e9tation des grands airs du r\u00e9pertoire Mezzo-soprano 2002-2003 Le Ch\u00e2teau \u00e0 Toto Op\u00e9ra Bouffe en 3 actesde Jacques Offenbach Livret de Meilhac et Hal\u00e9vy Arrangement et orchestration Alfred ...\" \/>\n<meta property=\"og:url\" content=\"https:\/\/sophiestalport.com\/index.php\/lyrique\/\" \/>\n<meta property=\"og:site_name\" content=\"Sophie Stalport\" \/>\n<meta property=\"article:modified_time\" content=\"2019-09-30T19:04:34+00:00\" \/>\n<meta name=\"twitter:card\" content=\"summary_large_image\" \/>\n<meta name=\"twitter:label1\" content=\"Dur\u00e9e de lecture estim\u00e9e\" \/>\n\t<meta name=\"twitter:data1\" content=\"2 minutes\" \/>\n<script type=\"application\/ld+json\" class=\"yoast-schema-graph\">{\"@context\":\"https:\/\/schema.org\",\"@graph\":[{\"@type\":\"WebPage\",\"@id\":\"https:\/\/sophiestalport.com\/index.php\/lyrique\/\",\"url\":\"https:\/\/sophiestalport.com\/index.php\/lyrique\/\",\"name\":\"Lyrique - Sophie Stalport\",\"isPartOf\":{\"@id\":\"https:\/\/sophiestalport.com\/#website\"},\"datePublished\":\"2018-06-14T08:19:24+00:00\",\"dateModified\":\"2019-09-30T19:04:34+00:00\",\"breadcrumb\":{\"@id\":\"https:\/\/sophiestalport.com\/index.php\/lyrique\/#breadcrumb\"},\"inLanguage\":\"fr-FR\",\"potentialAction\":[{\"@type\":\"ReadAction\",\"target\":[\"https:\/\/sophiestalport.com\/index.php\/lyrique\/\"]}]},{\"@type\":\"BreadcrumbList\",\"@id\":\"https:\/\/sophiestalport.com\/index.php\/lyrique\/#breadcrumb\",\"itemListElement\":[{\"@type\":\"ListItem\",\"position\":1,\"name\":\"Home\",\"item\":\"https:\/\/sophiestalport.com\/\"},{\"@type\":\"ListItem\",\"position\":2,\"name\":\"Lyrique\"}]},{\"@type\":\"WebSite\",\"@id\":\"https:\/\/sophiestalport.com\/#website\",\"url\":\"https:\/\/sophiestalport.com\/\",\"name\":\"Sophie Stalport\",\"description\":\"Com\u00e9dienne\",\"potentialAction\":[{\"@type\":\"SearchAction\",\"target\":{\"@type\":\"EntryPoint\",\"urlTemplate\":\"https:\/\/sophiestalport.com\/?s={search_term_string}\"},\"query-input\":\"required name=search_term_string\"}],\"inLanguage\":\"fr-FR\"}]}<\/script>\n<!-- \/ Yoast SEO plugin. -->","yoast_head_json":{"title":"Lyrique - Sophie Stalport","robots":{"index":"index","follow":"follow","max-snippet":"max-snippet:-1","max-image-preview":"max-image-preview:large","max-video-preview":"max-video-preview:-1"},"canonical":"https:\/\/sophiestalport.com\/index.php\/lyrique\/","og_locale":"fr_FR","og_type":"article","og_title":"Lyrique - Sophie Stalport","og_description":"LyriqueCours de chant lyrique sous la direction de Jean-Pierre et Marianne Blivet (Blivet School) Voix de MEZZO-SOPRANO 2010 Concerts lyriquesStabat Mater de Pergol\u00e8se Les fun\u00e9railles de la Reine Mary de Purcell Pupitre Mezzo-soprano - Ensemble vocal du Ch\u0153ur de La Ville (direction Agn\u00e8s Stocchetti) 2005-2009 Les soir\u00e9es lyriques du Choeur de la VilleInterpr\u00e9tation des grands airs du r\u00e9pertoire Mezzo-soprano 2002-2003 Le Ch\u00e2teau \u00e0 Toto Op\u00e9ra Bouffe en 3 actesde Jacques Offenbach Livret de Meilhac et Hal\u00e9vy Arrangement et orchestration Alfred ...","og_url":"https:\/\/sophiestalport.com\/index.php\/lyrique\/","og_site_name":"Sophie Stalport","article_modified_time":"2019-09-30T19:04:34+00:00","twitter_card":"summary_large_image","twitter_misc":{"Dur\u00e9e de lecture estim\u00e9e":"2 minutes"},"schema":{"@context":"https:\/\/schema.org","@graph":[{"@type":"WebPage","@id":"https:\/\/sophiestalport.com\/index.php\/lyrique\/","url":"https:\/\/sophiestalport.com\/index.php\/lyrique\/","name":"Lyrique - Sophie Stalport","isPartOf":{"@id":"https:\/\/sophiestalport.com\/#website"},"datePublished":"2018-06-14T08:19:24+00:00","dateModified":"2019-09-30T19:04:34+00:00","breadcrumb":{"@id":"https:\/\/sophiestalport.com\/index.php\/lyrique\/#breadcrumb"},"inLanguage":"fr-FR","potentialAction":[{"@type":"ReadAction","target":["https:\/\/sophiestalport.com\/index.php\/lyrique\/"]}]},{"@type":"BreadcrumbList","@id":"https:\/\/sophiestalport.com\/index.php\/lyrique\/#breadcrumb","itemListElement":[{"@type":"ListItem","position":1,"name":"Home","item":"https:\/\/sophiestalport.com\/"},{"@type":"ListItem","position":2,"name":"Lyrique"}]},{"@type":"WebSite","@id":"https:\/\/sophiestalport.com\/#website","url":"https:\/\/sophiestalport.com\/","name":"Sophie Stalport","description":"Com\u00e9dienne","potentialAction":[{"@type":"SearchAction","target":{"@type":"EntryPoint","urlTemplate":"https:\/\/sophiestalport.com\/?s={search_term_string}"},"query-input":"required name=search_term_string"}],"inLanguage":"fr-FR"}]}},"_links":{"self":[{"href":"https:\/\/sophiestalport.com\/index.php\/wp-json\/wp\/v2\/pages\/707"}],"collection":[{"href":"https:\/\/sophiestalport.com\/index.php\/wp-json\/wp\/v2\/pages"}],"about":[{"href":"https:\/\/sophiestalport.com\/index.php\/wp-json\/wp\/v2\/types\/page"}],"author":[{"embeddable":true,"href":"https:\/\/sophiestalport.com\/index.php\/wp-json\/wp\/v2\/users\/1"}],"replies":[{"embeddable":true,"href":"https:\/\/sophiestalport.com\/index.php\/wp-json\/wp\/v2\/comments?post=707"}],"version-history":[{"count":19,"href":"https:\/\/sophiestalport.com\/index.php\/wp-json\/wp\/v2\/pages\/707\/revisions"}],"predecessor-version":[{"id":1160,"href":"https:\/\/sophiestalport.com\/index.php\/wp-json\/wp\/v2\/pages\/707\/revisions\/1160"}],"wp:attachment":[{"href":"https:\/\/sophiestalport.com\/index.php\/wp-json\/wp\/v2\/media?parent=707"}],"curies":[{"name":"wp","href":"https:\/\/api.w.org\/{rel}","templated":true}]}}