{"id":651,"date":"2018-06-09T15:32:01","date_gmt":"2018-06-09T13:32:01","guid":{"rendered":"http:\/\/sophiestalport.com\/?page_id=651"},"modified":"2018-06-09T15:45:48","modified_gmt":"2018-06-09T13:45:48","slug":"cabaret_chanson_francaise","status":"publish","type":"page","link":"https:\/\/sophiestalport.com\/index.php\/cabaret_chanson_francaise\/","title":{"rendered":"Cabarets chanson fran\u00e7aise"},"content":{"rendered":"<div id=\"cs-content\" class=\"cs-content\"><\/div>\n","protected":false},"excerpt":{"rendered":"<p>Cabarets chanson fran\u00e7aise SAISON 2001-2002 LA DIVA DE L&rsquo;EMPIRE (Cabaret-revue 1900) Direction musicale Jean-Pierre Gesbert Mise en sc\u00e8ne Herv\u00e9 Van Der Meulen Chor\u00e9graphie Jean-Marc Hoolbecq La sc\u00e8ne et l\u2019envers d\u2019un music hall. Jeu et chant\u00a0: D\u2019elle \u00e0 lui (P. Marinier), Les amis de monsieur (H. Fragson), Quand l\u2019Amour meurt\u2026 (G. Millandy \/O. Cr\u00e9mieux) Danse\u00a0: Marche des Folies Berg\u00e8res (P. Linke) JUIN 2000 Chansons de b\u00eates Mise en sc\u00e8ne Jean-Louis Martin Barbaz Conception et direction musicale Jean-Pierre Gesbert Chansons autour du &#8230;<\/p>\n","protected":false},"author":1,"featured_media":0,"parent":0,"menu_order":0,"comment_status":"closed","ping_status":"closed","template":"","meta":[],"yoast_head":"<!-- This site is optimized with the Yoast SEO plugin v20.11 - https:\/\/yoast.com\/wordpress\/plugins\/seo\/ -->\n<title>Cabarets chanson fran\u00e7aise - Sophie Stalport<\/title>\n<meta name=\"robots\" content=\"index, follow, max-snippet:-1, max-image-preview:large, max-video-preview:-1\" \/>\n<link rel=\"canonical\" href=\"https:\/\/sophiestalport.com\/index.php\/cabaret_chanson_francaise\/\" \/>\n<meta property=\"og:locale\" content=\"fr_FR\" \/>\n<meta property=\"og:type\" content=\"article\" \/>\n<meta property=\"og:title\" content=\"Cabarets chanson fran\u00e7aise - Sophie Stalport\" \/>\n<meta property=\"og:description\" content=\"Cabarets chanson fran\u00e7aise SAISON 2001-2002 LA DIVA DE L&#039;EMPIRE (Cabaret-revue 1900) Direction musicale Jean-Pierre Gesbert Mise en sc\u00e8ne Herv\u00e9 Van Der Meulen Chor\u00e9graphie Jean-Marc Hoolbecq La sc\u00e8ne et l\u2019envers d\u2019un music hall. Jeu et chant\u00a0: D\u2019elle \u00e0 lui (P. Marinier), Les amis de monsieur (H. Fragson), Quand l\u2019Amour meurt\u2026 (G. Millandy \/O. Cr\u00e9mieux) Danse\u00a0: Marche des Folies Berg\u00e8res (P. Linke) JUIN 2000 Chansons de b\u00eates Mise en sc\u00e8ne Jean-Louis Martin Barbaz Conception et direction musicale Jean-Pierre Gesbert Chansons autour du ...\" \/>\n<meta property=\"og:url\" content=\"https:\/\/sophiestalport.com\/index.php\/cabaret_chanson_francaise\/\" \/>\n<meta property=\"og:site_name\" content=\"Sophie Stalport\" \/>\n<meta property=\"article:modified_time\" content=\"2018-06-09T13:45:48+00:00\" \/>\n<meta name=\"twitter:card\" content=\"summary_large_image\" \/>\n<meta name=\"twitter:label1\" content=\"Dur\u00e9e de lecture estim\u00e9e\" \/>\n\t<meta name=\"twitter:data1\" content=\"2 minutes\" \/>\n<script type=\"application\/ld+json\" class=\"yoast-schema-graph\">{\"@context\":\"https:\/\/schema.org\",\"@graph\":[{\"@type\":\"WebPage\",\"@id\":\"https:\/\/sophiestalport.com\/index.php\/cabaret_chanson_francaise\/\",\"url\":\"https:\/\/sophiestalport.com\/index.php\/cabaret_chanson_francaise\/\",\"name\":\"Cabarets chanson fran\u00e7aise - Sophie Stalport\",\"isPartOf\":{\"@id\":\"https:\/\/sophiestalport.com\/#website\"},\"datePublished\":\"2018-06-09T13:32:01+00:00\",\"dateModified\":\"2018-06-09T13:45:48+00:00\",\"breadcrumb\":{\"@id\":\"https:\/\/sophiestalport.com\/index.php\/cabaret_chanson_francaise\/#breadcrumb\"},\"inLanguage\":\"fr-FR\",\"potentialAction\":[{\"@type\":\"ReadAction\",\"target\":[\"https:\/\/sophiestalport.com\/index.php\/cabaret_chanson_francaise\/\"]}]},{\"@type\":\"BreadcrumbList\",\"@id\":\"https:\/\/sophiestalport.com\/index.php\/cabaret_chanson_francaise\/#breadcrumb\",\"itemListElement\":[{\"@type\":\"ListItem\",\"position\":1,\"name\":\"Home\",\"item\":\"https:\/\/sophiestalport.com\/\"},{\"@type\":\"ListItem\",\"position\":2,\"name\":\"Cabarets chanson fran\u00e7aise\"}]},{\"@type\":\"WebSite\",\"@id\":\"https:\/\/sophiestalport.com\/#website\",\"url\":\"https:\/\/sophiestalport.com\/\",\"name\":\"Sophie Stalport\",\"description\":\"Com\u00e9dienne\",\"potentialAction\":[{\"@type\":\"SearchAction\",\"target\":{\"@type\":\"EntryPoint\",\"urlTemplate\":\"https:\/\/sophiestalport.com\/?s={search_term_string}\"},\"query-input\":\"required name=search_term_string\"}],\"inLanguage\":\"fr-FR\"}]}<\/script>\n<!-- \/ Yoast SEO plugin. -->","yoast_head_json":{"title":"Cabarets chanson fran\u00e7aise - Sophie Stalport","robots":{"index":"index","follow":"follow","max-snippet":"max-snippet:-1","max-image-preview":"max-image-preview:large","max-video-preview":"max-video-preview:-1"},"canonical":"https:\/\/sophiestalport.com\/index.php\/cabaret_chanson_francaise\/","og_locale":"fr_FR","og_type":"article","og_title":"Cabarets chanson fran\u00e7aise - Sophie Stalport","og_description":"Cabarets chanson fran\u00e7aise SAISON 2001-2002 LA DIVA DE L'EMPIRE (Cabaret-revue 1900) Direction musicale Jean-Pierre Gesbert Mise en sc\u00e8ne Herv\u00e9 Van Der Meulen Chor\u00e9graphie Jean-Marc Hoolbecq La sc\u00e8ne et l\u2019envers d\u2019un music hall. Jeu et chant\u00a0: D\u2019elle \u00e0 lui (P. Marinier), Les amis de monsieur (H. Fragson), Quand l\u2019Amour meurt\u2026 (G. Millandy \/O. Cr\u00e9mieux) Danse\u00a0: Marche des Folies Berg\u00e8res (P. Linke) JUIN 2000 Chansons de b\u00eates Mise en sc\u00e8ne Jean-Louis Martin Barbaz Conception et direction musicale Jean-Pierre Gesbert Chansons autour du ...","og_url":"https:\/\/sophiestalport.com\/index.php\/cabaret_chanson_francaise\/","og_site_name":"Sophie Stalport","article_modified_time":"2018-06-09T13:45:48+00:00","twitter_card":"summary_large_image","twitter_misc":{"Dur\u00e9e de lecture estim\u00e9e":"2 minutes"},"schema":{"@context":"https:\/\/schema.org","@graph":[{"@type":"WebPage","@id":"https:\/\/sophiestalport.com\/index.php\/cabaret_chanson_francaise\/","url":"https:\/\/sophiestalport.com\/index.php\/cabaret_chanson_francaise\/","name":"Cabarets chanson fran\u00e7aise - Sophie Stalport","isPartOf":{"@id":"https:\/\/sophiestalport.com\/#website"},"datePublished":"2018-06-09T13:32:01+00:00","dateModified":"2018-06-09T13:45:48+00:00","breadcrumb":{"@id":"https:\/\/sophiestalport.com\/index.php\/cabaret_chanson_francaise\/#breadcrumb"},"inLanguage":"fr-FR","potentialAction":[{"@type":"ReadAction","target":["https:\/\/sophiestalport.com\/index.php\/cabaret_chanson_francaise\/"]}]},{"@type":"BreadcrumbList","@id":"https:\/\/sophiestalport.com\/index.php\/cabaret_chanson_francaise\/#breadcrumb","itemListElement":[{"@type":"ListItem","position":1,"name":"Home","item":"https:\/\/sophiestalport.com\/"},{"@type":"ListItem","position":2,"name":"Cabarets chanson fran\u00e7aise"}]},{"@type":"WebSite","@id":"https:\/\/sophiestalport.com\/#website","url":"https:\/\/sophiestalport.com\/","name":"Sophie Stalport","description":"Com\u00e9dienne","potentialAction":[{"@type":"SearchAction","target":{"@type":"EntryPoint","urlTemplate":"https:\/\/sophiestalport.com\/?s={search_term_string}"},"query-input":"required name=search_term_string"}],"inLanguage":"fr-FR"}]}},"_links":{"self":[{"href":"https:\/\/sophiestalport.com\/index.php\/wp-json\/wp\/v2\/pages\/651"}],"collection":[{"href":"https:\/\/sophiestalport.com\/index.php\/wp-json\/wp\/v2\/pages"}],"about":[{"href":"https:\/\/sophiestalport.com\/index.php\/wp-json\/wp\/v2\/types\/page"}],"author":[{"embeddable":true,"href":"https:\/\/sophiestalport.com\/index.php\/wp-json\/wp\/v2\/users\/1"}],"replies":[{"embeddable":true,"href":"https:\/\/sophiestalport.com\/index.php\/wp-json\/wp\/v2\/comments?post=651"}],"version-history":[{"count":12,"href":"https:\/\/sophiestalport.com\/index.php\/wp-json\/wp\/v2\/pages\/651\/revisions"}],"predecessor-version":[{"id":664,"href":"https:\/\/sophiestalport.com\/index.php\/wp-json\/wp\/v2\/pages\/651\/revisions\/664"}],"wp:attachment":[{"href":"https:\/\/sophiestalport.com\/index.php\/wp-json\/wp\/v2\/media?parent=651"}],"curies":[{"name":"wp","href":"https:\/\/api.w.org\/{rel}","templated":true}]}}