{"id":639,"date":"2018-06-09T15:17:46","date_gmt":"2018-06-09T13:17:46","guid":{"rendered":"http:\/\/sophiestalport.com\/?page_id=639"},"modified":"2019-06-16T17:39:14","modified_gmt":"2019-06-16T15:39:14","slug":"barbara_paroles_d_une_louve_chanson_francaise","status":"publish","type":"page","link":"https:\/\/sophiestalport.com\/index.php\/barbara_paroles_d_une_louve_chanson_francaise\/","title":{"rendered":"Barbara, paroles d&rsquo;une louve"},"content":{"rendered":"<div id=\"cs-content\" class=\"cs-content\"><\/div>\n","protected":false},"excerpt":{"rendered":"<p>CHANSON FRAN\u00c7AISE \/ 2001-2004 BARBARA, paroles d&rsquo;une louve Textes et chansons de Barbara Textes extraits de Il \u00e9tait un piano noir, M\u00e9moires interrompus Conception Sophie Stalport Mise en sc\u00e8ne et direction d&rsquo;acteur Julie Andr\u00e9 Avec Sophie Stalport (interpr\u00e9tation) et Florence Spire (piano) Extrait de presse\u00a0: \u00ab\u00a0Sophie Stalport chante Barbara telle qu\u2019elle est, avec de grands yeux clairs qui ne demandent qu\u2019\u00e0 s\u2019\u00e9merveiller. Com\u00e9dienne avant tout, elle met l\u2019intelligence qu\u2019elle a de son art au service d\u2019un chant pur, sans recherche &#8230;<\/p>\n","protected":false},"author":1,"featured_media":0,"parent":0,"menu_order":0,"comment_status":"closed","ping_status":"closed","template":"","meta":[],"yoast_head":"<!-- This site is optimized with the Yoast SEO plugin v20.11 - https:\/\/yoast.com\/wordpress\/plugins\/seo\/ -->\n<title>Barbara, paroles d&#039;une louve - Sophie Stalport<\/title>\n<meta name=\"robots\" content=\"index, follow, max-snippet:-1, max-image-preview:large, max-video-preview:-1\" \/>\n<link rel=\"canonical\" href=\"https:\/\/sophiestalport.com\/index.php\/barbara_paroles_d_une_louve_chanson_francaise\/\" \/>\n<meta property=\"og:locale\" content=\"fr_FR\" \/>\n<meta property=\"og:type\" content=\"article\" \/>\n<meta property=\"og:title\" content=\"Barbara, paroles d&#039;une louve - Sophie Stalport\" \/>\n<meta property=\"og:description\" content=\"CHANSON FRAN\u00c7AISE \/ 2001-2004 BARBARA, paroles d&#039;une louve Textes et chansons de Barbara Textes extraits de Il \u00e9tait un piano noir, M\u00e9moires interrompus Conception Sophie Stalport Mise en sc\u00e8ne et direction d&#039;acteur Julie Andr\u00e9 Avec Sophie Stalport (interpr\u00e9tation) et Florence Spire (piano) Extrait de presse\u00a0: \u00ab\u00a0Sophie Stalport chante Barbara telle qu\u2019elle est, avec de grands yeux clairs qui ne demandent qu\u2019\u00e0 s\u2019\u00e9merveiller. Com\u00e9dienne avant tout, elle met l\u2019intelligence qu\u2019elle a de son art au service d\u2019un chant pur, sans recherche ...\" \/>\n<meta property=\"og:url\" content=\"https:\/\/sophiestalport.com\/index.php\/barbara_paroles_d_une_louve_chanson_francaise\/\" \/>\n<meta property=\"og:site_name\" content=\"Sophie Stalport\" \/>\n<meta property=\"article:modified_time\" content=\"2019-06-16T15:39:14+00:00\" \/>\n<meta name=\"twitter:card\" content=\"summary_large_image\" \/>\n<meta name=\"twitter:label1\" content=\"Dur\u00e9e de lecture estim\u00e9e\" \/>\n\t<meta name=\"twitter:data1\" content=\"2 minutes\" \/>\n<script type=\"application\/ld+json\" class=\"yoast-schema-graph\">{\"@context\":\"https:\/\/schema.org\",\"@graph\":[{\"@type\":\"WebPage\",\"@id\":\"https:\/\/sophiestalport.com\/index.php\/barbara_paroles_d_une_louve_chanson_francaise\/\",\"url\":\"https:\/\/sophiestalport.com\/index.php\/barbara_paroles_d_une_louve_chanson_francaise\/\",\"name\":\"Barbara, paroles d'une louve - Sophie Stalport\",\"isPartOf\":{\"@id\":\"https:\/\/sophiestalport.com\/#website\"},\"datePublished\":\"2018-06-09T13:17:46+00:00\",\"dateModified\":\"2019-06-16T15:39:14+00:00\",\"breadcrumb\":{\"@id\":\"https:\/\/sophiestalport.com\/index.php\/barbara_paroles_d_une_louve_chanson_francaise\/#breadcrumb\"},\"inLanguage\":\"fr-FR\",\"potentialAction\":[{\"@type\":\"ReadAction\",\"target\":[\"https:\/\/sophiestalport.com\/index.php\/barbara_paroles_d_une_louve_chanson_francaise\/\"]}]},{\"@type\":\"BreadcrumbList\",\"@id\":\"https:\/\/sophiestalport.com\/index.php\/barbara_paroles_d_une_louve_chanson_francaise\/#breadcrumb\",\"itemListElement\":[{\"@type\":\"ListItem\",\"position\":1,\"name\":\"Home\",\"item\":\"https:\/\/sophiestalport.com\/\"},{\"@type\":\"ListItem\",\"position\":2,\"name\":\"Barbara, paroles d&rsquo;une louve\"}]},{\"@type\":\"WebSite\",\"@id\":\"https:\/\/sophiestalport.com\/#website\",\"url\":\"https:\/\/sophiestalport.com\/\",\"name\":\"Sophie Stalport\",\"description\":\"Com\u00e9dienne\",\"potentialAction\":[{\"@type\":\"SearchAction\",\"target\":{\"@type\":\"EntryPoint\",\"urlTemplate\":\"https:\/\/sophiestalport.com\/?s={search_term_string}\"},\"query-input\":\"required name=search_term_string\"}],\"inLanguage\":\"fr-FR\"}]}<\/script>\n<!-- \/ Yoast SEO plugin. -->","yoast_head_json":{"title":"Barbara, paroles d'une louve - Sophie Stalport","robots":{"index":"index","follow":"follow","max-snippet":"max-snippet:-1","max-image-preview":"max-image-preview:large","max-video-preview":"max-video-preview:-1"},"canonical":"https:\/\/sophiestalport.com\/index.php\/barbara_paroles_d_une_louve_chanson_francaise\/","og_locale":"fr_FR","og_type":"article","og_title":"Barbara, paroles d'une louve - Sophie Stalport","og_description":"CHANSON FRAN\u00c7AISE \/ 2001-2004 BARBARA, paroles d'une louve Textes et chansons de Barbara Textes extraits de Il \u00e9tait un piano noir, M\u00e9moires interrompus Conception Sophie Stalport Mise en sc\u00e8ne et direction d'acteur Julie Andr\u00e9 Avec Sophie Stalport (interpr\u00e9tation) et Florence Spire (piano) Extrait de presse\u00a0: \u00ab\u00a0Sophie Stalport chante Barbara telle qu\u2019elle est, avec de grands yeux clairs qui ne demandent qu\u2019\u00e0 s\u2019\u00e9merveiller. Com\u00e9dienne avant tout, elle met l\u2019intelligence qu\u2019elle a de son art au service d\u2019un chant pur, sans recherche ...","og_url":"https:\/\/sophiestalport.com\/index.php\/barbara_paroles_d_une_louve_chanson_francaise\/","og_site_name":"Sophie Stalport","article_modified_time":"2019-06-16T15:39:14+00:00","twitter_card":"summary_large_image","twitter_misc":{"Dur\u00e9e de lecture estim\u00e9e":"2 minutes"},"schema":{"@context":"https:\/\/schema.org","@graph":[{"@type":"WebPage","@id":"https:\/\/sophiestalport.com\/index.php\/barbara_paroles_d_une_louve_chanson_francaise\/","url":"https:\/\/sophiestalport.com\/index.php\/barbara_paroles_d_une_louve_chanson_francaise\/","name":"Barbara, paroles d'une louve - Sophie Stalport","isPartOf":{"@id":"https:\/\/sophiestalport.com\/#website"},"datePublished":"2018-06-09T13:17:46+00:00","dateModified":"2019-06-16T15:39:14+00:00","breadcrumb":{"@id":"https:\/\/sophiestalport.com\/index.php\/barbara_paroles_d_une_louve_chanson_francaise\/#breadcrumb"},"inLanguage":"fr-FR","potentialAction":[{"@type":"ReadAction","target":["https:\/\/sophiestalport.com\/index.php\/barbara_paroles_d_une_louve_chanson_francaise\/"]}]},{"@type":"BreadcrumbList","@id":"https:\/\/sophiestalport.com\/index.php\/barbara_paroles_d_une_louve_chanson_francaise\/#breadcrumb","itemListElement":[{"@type":"ListItem","position":1,"name":"Home","item":"https:\/\/sophiestalport.com\/"},{"@type":"ListItem","position":2,"name":"Barbara, paroles d&rsquo;une louve"}]},{"@type":"WebSite","@id":"https:\/\/sophiestalport.com\/#website","url":"https:\/\/sophiestalport.com\/","name":"Sophie Stalport","description":"Com\u00e9dienne","potentialAction":[{"@type":"SearchAction","target":{"@type":"EntryPoint","urlTemplate":"https:\/\/sophiestalport.com\/?s={search_term_string}"},"query-input":"required name=search_term_string"}],"inLanguage":"fr-FR"}]}},"_links":{"self":[{"href":"https:\/\/sophiestalport.com\/index.php\/wp-json\/wp\/v2\/pages\/639"}],"collection":[{"href":"https:\/\/sophiestalport.com\/index.php\/wp-json\/wp\/v2\/pages"}],"about":[{"href":"https:\/\/sophiestalport.com\/index.php\/wp-json\/wp\/v2\/types\/page"}],"author":[{"embeddable":true,"href":"https:\/\/sophiestalport.com\/index.php\/wp-json\/wp\/v2\/users\/1"}],"replies":[{"embeddable":true,"href":"https:\/\/sophiestalport.com\/index.php\/wp-json\/wp\/v2\/comments?post=639"}],"version-history":[{"count":10,"href":"https:\/\/sophiestalport.com\/index.php\/wp-json\/wp\/v2\/pages\/639\/revisions"}],"predecessor-version":[{"id":1138,"href":"https:\/\/sophiestalport.com\/index.php\/wp-json\/wp\/v2\/pages\/639\/revisions\/1138"}],"wp:attachment":[{"href":"https:\/\/sophiestalport.com\/index.php\/wp-json\/wp\/v2\/media?parent=639"}],"curies":[{"name":"wp","href":"https:\/\/api.w.org\/{rel}","templated":true}]}}