{"id":604,"date":"2018-06-09T14:43:27","date_gmt":"2018-06-09T12:43:27","guid":{"rendered":"http:\/\/sophiestalport.com\/?page_id=604"},"modified":"2019-09-30T21:46:53","modified_gmt":"2019-09-30T19:46:53","slug":"chant_brel_barbara","status":"publish","type":"page","link":"https:\/\/sophiestalport.com\/index.php\/chant_brel_barbara\/","title":{"rendered":"B+B=A"},"content":{"rendered":"<div id=\"cs-content\" class=\"cs-content\"><\/div>\n","protected":false},"excerpt":{"rendered":"<p>CHANSON FRAN\u00c7AISE \/ 2007 B+B=AChansons de Jacques Brel et Barbara Textes d\u2019Alexandre Wajnberg Conception et mise en sc\u00e8ne Marylin Alasset Arrangements Laurian Daire Lumi\u00e8re Richard Fischler Avec Sophie Stalport, Pierre Deverines, Laurian Daire ou C\u00e9line Ottria (piano) ExtraitsEnregistrement public 17 f\u00e9vrier 2007 au TVO Saint-Maurice (94) Le bel \u00e2ge \/ Barbara Dis quand reviendras-tu\u00a0?\/ Barbara Le temps du Lilas \/ Barbara La chanson des vieux amants \/ Jacques Brel Mon enfance \/ Barbara<\/p>\n","protected":false},"author":1,"featured_media":0,"parent":0,"menu_order":0,"comment_status":"closed","ping_status":"closed","template":"","meta":[],"yoast_head":"<!-- This site is optimized with the Yoast SEO plugin v20.11 - https:\/\/yoast.com\/wordpress\/plugins\/seo\/ -->\n<title>B+B=A - Sophie Stalport<\/title>\n<meta name=\"robots\" content=\"index, follow, max-snippet:-1, max-image-preview:large, max-video-preview:-1\" \/>\n<link rel=\"canonical\" href=\"https:\/\/sophiestalport.com\/index.php\/chant_brel_barbara\/\" \/>\n<meta property=\"og:locale\" content=\"fr_FR\" \/>\n<meta property=\"og:type\" content=\"article\" \/>\n<meta property=\"og:title\" content=\"B+B=A - Sophie Stalport\" \/>\n<meta property=\"og:description\" content=\"CHANSON FRAN\u00c7AISE \/ 2007 B+B=AChansons de Jacques Brel et Barbara Textes d\u2019Alexandre Wajnberg Conception et mise en sc\u00e8ne Marylin Alasset Arrangements Laurian Daire Lumi\u00e8re Richard Fischler Avec Sophie Stalport, Pierre Deverines, Laurian Daire ou C\u00e9line Ottria (piano) ExtraitsEnregistrement public 17 f\u00e9vrier 2007 au TVO Saint-Maurice (94) Le bel \u00e2ge \/ Barbara Dis quand reviendras-tu\u00a0?\/ Barbara Le temps du Lilas \/ Barbara La chanson des vieux amants \/ Jacques Brel Mon enfance \/ Barbara\" \/>\n<meta property=\"og:url\" content=\"https:\/\/sophiestalport.com\/index.php\/chant_brel_barbara\/\" \/>\n<meta property=\"og:site_name\" content=\"Sophie Stalport\" \/>\n<meta property=\"article:modified_time\" content=\"2019-09-30T19:46:53+00:00\" \/>\n<meta name=\"twitter:card\" content=\"summary_large_image\" \/>\n<meta name=\"twitter:label1\" content=\"Dur\u00e9e de lecture estim\u00e9e\" \/>\n\t<meta name=\"twitter:data1\" content=\"3 minutes\" \/>\n<script type=\"application\/ld+json\" class=\"yoast-schema-graph\">{\"@context\":\"https:\/\/schema.org\",\"@graph\":[{\"@type\":\"WebPage\",\"@id\":\"https:\/\/sophiestalport.com\/index.php\/chant_brel_barbara\/\",\"url\":\"https:\/\/sophiestalport.com\/index.php\/chant_brel_barbara\/\",\"name\":\"B+B=A - Sophie Stalport\",\"isPartOf\":{\"@id\":\"https:\/\/sophiestalport.com\/#website\"},\"datePublished\":\"2018-06-09T12:43:27+00:00\",\"dateModified\":\"2019-09-30T19:46:53+00:00\",\"breadcrumb\":{\"@id\":\"https:\/\/sophiestalport.com\/index.php\/chant_brel_barbara\/#breadcrumb\"},\"inLanguage\":\"fr-FR\",\"potentialAction\":[{\"@type\":\"ReadAction\",\"target\":[\"https:\/\/sophiestalport.com\/index.php\/chant_brel_barbara\/\"]}]},{\"@type\":\"BreadcrumbList\",\"@id\":\"https:\/\/sophiestalport.com\/index.php\/chant_brel_barbara\/#breadcrumb\",\"itemListElement\":[{\"@type\":\"ListItem\",\"position\":1,\"name\":\"Home\",\"item\":\"https:\/\/sophiestalport.com\/\"},{\"@type\":\"ListItem\",\"position\":2,\"name\":\"B+B=A\"}]},{\"@type\":\"WebSite\",\"@id\":\"https:\/\/sophiestalport.com\/#website\",\"url\":\"https:\/\/sophiestalport.com\/\",\"name\":\"Sophie Stalport\",\"description\":\"Com\u00e9dienne\",\"potentialAction\":[{\"@type\":\"SearchAction\",\"target\":{\"@type\":\"EntryPoint\",\"urlTemplate\":\"https:\/\/sophiestalport.com\/?s={search_term_string}\"},\"query-input\":\"required name=search_term_string\"}],\"inLanguage\":\"fr-FR\"}]}<\/script>\n<!-- \/ Yoast SEO plugin. -->","yoast_head_json":{"title":"B+B=A - Sophie Stalport","robots":{"index":"index","follow":"follow","max-snippet":"max-snippet:-1","max-image-preview":"max-image-preview:large","max-video-preview":"max-video-preview:-1"},"canonical":"https:\/\/sophiestalport.com\/index.php\/chant_brel_barbara\/","og_locale":"fr_FR","og_type":"article","og_title":"B+B=A - Sophie Stalport","og_description":"CHANSON FRAN\u00c7AISE \/ 2007 B+B=AChansons de Jacques Brel et Barbara Textes d\u2019Alexandre Wajnberg Conception et mise en sc\u00e8ne Marylin Alasset Arrangements Laurian Daire Lumi\u00e8re Richard Fischler Avec Sophie Stalport, Pierre Deverines, Laurian Daire ou C\u00e9line Ottria (piano) ExtraitsEnregistrement public 17 f\u00e9vrier 2007 au TVO Saint-Maurice (94) Le bel \u00e2ge \/ Barbara Dis quand reviendras-tu\u00a0?\/ Barbara Le temps du Lilas \/ Barbara La chanson des vieux amants \/ Jacques Brel Mon enfance \/ Barbara","og_url":"https:\/\/sophiestalport.com\/index.php\/chant_brel_barbara\/","og_site_name":"Sophie Stalport","article_modified_time":"2019-09-30T19:46:53+00:00","twitter_card":"summary_large_image","twitter_misc":{"Dur\u00e9e de lecture estim\u00e9e":"3 minutes"},"schema":{"@context":"https:\/\/schema.org","@graph":[{"@type":"WebPage","@id":"https:\/\/sophiestalport.com\/index.php\/chant_brel_barbara\/","url":"https:\/\/sophiestalport.com\/index.php\/chant_brel_barbara\/","name":"B+B=A - Sophie Stalport","isPartOf":{"@id":"https:\/\/sophiestalport.com\/#website"},"datePublished":"2018-06-09T12:43:27+00:00","dateModified":"2019-09-30T19:46:53+00:00","breadcrumb":{"@id":"https:\/\/sophiestalport.com\/index.php\/chant_brel_barbara\/#breadcrumb"},"inLanguage":"fr-FR","potentialAction":[{"@type":"ReadAction","target":["https:\/\/sophiestalport.com\/index.php\/chant_brel_barbara\/"]}]},{"@type":"BreadcrumbList","@id":"https:\/\/sophiestalport.com\/index.php\/chant_brel_barbara\/#breadcrumb","itemListElement":[{"@type":"ListItem","position":1,"name":"Home","item":"https:\/\/sophiestalport.com\/"},{"@type":"ListItem","position":2,"name":"B+B=A"}]},{"@type":"WebSite","@id":"https:\/\/sophiestalport.com\/#website","url":"https:\/\/sophiestalport.com\/","name":"Sophie Stalport","description":"Com\u00e9dienne","potentialAction":[{"@type":"SearchAction","target":{"@type":"EntryPoint","urlTemplate":"https:\/\/sophiestalport.com\/?s={search_term_string}"},"query-input":"required name=search_term_string"}],"inLanguage":"fr-FR"}]}},"_links":{"self":[{"href":"https:\/\/sophiestalport.com\/index.php\/wp-json\/wp\/v2\/pages\/604"}],"collection":[{"href":"https:\/\/sophiestalport.com\/index.php\/wp-json\/wp\/v2\/pages"}],"about":[{"href":"https:\/\/sophiestalport.com\/index.php\/wp-json\/wp\/v2\/types\/page"}],"author":[{"embeddable":true,"href":"https:\/\/sophiestalport.com\/index.php\/wp-json\/wp\/v2\/users\/1"}],"replies":[{"embeddable":true,"href":"https:\/\/sophiestalport.com\/index.php\/wp-json\/wp\/v2\/comments?post=604"}],"version-history":[{"count":23,"href":"https:\/\/sophiestalport.com\/index.php\/wp-json\/wp\/v2\/pages\/604\/revisions"}],"predecessor-version":[{"id":1171,"href":"https:\/\/sophiestalport.com\/index.php\/wp-json\/wp\/v2\/pages\/604\/revisions\/1171"}],"wp:attachment":[{"href":"https:\/\/sophiestalport.com\/index.php\/wp-json\/wp\/v2\/media?parent=604"}],"curies":[{"name":"wp","href":"https:\/\/api.w.org\/{rel}","templated":true}]}}