{"id":593,"date":"2018-06-09T14:16:47","date_gmt":"2018-06-09T12:16:47","guid":{"rendered":"http:\/\/sophiestalport.com\/?page_id=593"},"modified":"2018-06-15T21:53:54","modified_gmt":"2018-06-15T19:53:54","slug":"chant","status":"publish","type":"page","link":"https:\/\/sophiestalport.com\/index.php\/chant\/","title":{"rendered":"Chant"},"content":{"rendered":"<div id=\"cs-content\" class=\"cs-content\"><\/div>\n","protected":false},"excerpt":{"rendered":"<p>ChantEn 2001, l&rsquo;envie d&rsquo;explorer le r\u00e9pertoire de Barbara me pousse de fa\u00e7on autodidacte \u00e0 chanter pour la premi\u00e8re fois sur sc\u00e8ne. Barbara, paroles d&rsquo;une louve se joue alors r\u00e9guli\u00e8rement au Bistrot Blanc, petit resto-cabaret du 9\u00e8me arrondissement de Paris, puis dans quelques th\u00e9\u00e2tres alentours. S&rsquo;en suivent du jeu, de la danse, du chant : des Cabarets chanson fran\u00e7aise, un Op\u00e9ra-Bouffe de Jacques Offenbach en tant que choriste. Puis un spectacle qui m\u00eale les univers de Jacques Brel et Barbara. Une &#8230;<\/p>\n","protected":false},"author":1,"featured_media":0,"parent":0,"menu_order":0,"comment_status":"closed","ping_status":"closed","template":"","meta":[],"yoast_head":"<!-- This site is optimized with the Yoast SEO plugin v20.11 - https:\/\/yoast.com\/wordpress\/plugins\/seo\/ -->\n<title>Chant - Sophie Stalport<\/title>\n<meta name=\"robots\" content=\"index, follow, max-snippet:-1, max-image-preview:large, max-video-preview:-1\" \/>\n<link rel=\"canonical\" href=\"https:\/\/sophiestalport.com\/index.php\/chant\/\" \/>\n<meta property=\"og:locale\" content=\"fr_FR\" \/>\n<meta property=\"og:type\" content=\"article\" \/>\n<meta property=\"og:title\" content=\"Chant - Sophie Stalport\" \/>\n<meta property=\"og:description\" content=\"ChantEn 2001, l&#039;envie d&#039;explorer le r\u00e9pertoire de Barbara me pousse de fa\u00e7on autodidacte \u00e0 chanter pour la premi\u00e8re fois sur sc\u00e8ne. Barbara, paroles d&#039;une louve se joue alors r\u00e9guli\u00e8rement au Bistrot Blanc, petit resto-cabaret du 9\u00e8me arrondissement de Paris, puis dans quelques th\u00e9\u00e2tres alentours. S&#039;en suivent du jeu, de la danse, du chant : des Cabarets chanson fran\u00e7aise, un Op\u00e9ra-Bouffe de Jacques Offenbach en tant que choriste. Puis un spectacle qui m\u00eale les univers de Jacques Brel et Barbara. Une ...\" \/>\n<meta property=\"og:url\" content=\"https:\/\/sophiestalport.com\/index.php\/chant\/\" \/>\n<meta property=\"og:site_name\" content=\"Sophie Stalport\" \/>\n<meta property=\"article:modified_time\" content=\"2018-06-15T19:53:54+00:00\" \/>\n<meta name=\"twitter:card\" content=\"summary_large_image\" \/>\n<meta name=\"twitter:label1\" content=\"Dur\u00e9e de lecture estim\u00e9e\" \/>\n\t<meta name=\"twitter:data1\" content=\"2 minutes\" \/>\n<script type=\"application\/ld+json\" class=\"yoast-schema-graph\">{\"@context\":\"https:\/\/schema.org\",\"@graph\":[{\"@type\":\"WebPage\",\"@id\":\"https:\/\/sophiestalport.com\/index.php\/chant\/\",\"url\":\"https:\/\/sophiestalport.com\/index.php\/chant\/\",\"name\":\"Chant - Sophie Stalport\",\"isPartOf\":{\"@id\":\"https:\/\/sophiestalport.com\/#website\"},\"datePublished\":\"2018-06-09T12:16:47+00:00\",\"dateModified\":\"2018-06-15T19:53:54+00:00\",\"breadcrumb\":{\"@id\":\"https:\/\/sophiestalport.com\/index.php\/chant\/#breadcrumb\"},\"inLanguage\":\"fr-FR\",\"potentialAction\":[{\"@type\":\"ReadAction\",\"target\":[\"https:\/\/sophiestalport.com\/index.php\/chant\/\"]}]},{\"@type\":\"BreadcrumbList\",\"@id\":\"https:\/\/sophiestalport.com\/index.php\/chant\/#breadcrumb\",\"itemListElement\":[{\"@type\":\"ListItem\",\"position\":1,\"name\":\"Home\",\"item\":\"https:\/\/sophiestalport.com\/\"},{\"@type\":\"ListItem\",\"position\":2,\"name\":\"Chant\"}]},{\"@type\":\"WebSite\",\"@id\":\"https:\/\/sophiestalport.com\/#website\",\"url\":\"https:\/\/sophiestalport.com\/\",\"name\":\"Sophie Stalport\",\"description\":\"Com\u00e9dienne\",\"potentialAction\":[{\"@type\":\"SearchAction\",\"target\":{\"@type\":\"EntryPoint\",\"urlTemplate\":\"https:\/\/sophiestalport.com\/?s={search_term_string}\"},\"query-input\":\"required name=search_term_string\"}],\"inLanguage\":\"fr-FR\"}]}<\/script>\n<!-- \/ Yoast SEO plugin. -->","yoast_head_json":{"title":"Chant - Sophie Stalport","robots":{"index":"index","follow":"follow","max-snippet":"max-snippet:-1","max-image-preview":"max-image-preview:large","max-video-preview":"max-video-preview:-1"},"canonical":"https:\/\/sophiestalport.com\/index.php\/chant\/","og_locale":"fr_FR","og_type":"article","og_title":"Chant - Sophie Stalport","og_description":"ChantEn 2001, l'envie d'explorer le r\u00e9pertoire de Barbara me pousse de fa\u00e7on autodidacte \u00e0 chanter pour la premi\u00e8re fois sur sc\u00e8ne. Barbara, paroles d'une louve se joue alors r\u00e9guli\u00e8rement au Bistrot Blanc, petit resto-cabaret du 9\u00e8me arrondissement de Paris, puis dans quelques th\u00e9\u00e2tres alentours. S'en suivent du jeu, de la danse, du chant : des Cabarets chanson fran\u00e7aise, un Op\u00e9ra-Bouffe de Jacques Offenbach en tant que choriste. Puis un spectacle qui m\u00eale les univers de Jacques Brel et Barbara. Une ...","og_url":"https:\/\/sophiestalport.com\/index.php\/chant\/","og_site_name":"Sophie Stalport","article_modified_time":"2018-06-15T19:53:54+00:00","twitter_card":"summary_large_image","twitter_misc":{"Dur\u00e9e de lecture estim\u00e9e":"2 minutes"},"schema":{"@context":"https:\/\/schema.org","@graph":[{"@type":"WebPage","@id":"https:\/\/sophiestalport.com\/index.php\/chant\/","url":"https:\/\/sophiestalport.com\/index.php\/chant\/","name":"Chant - Sophie Stalport","isPartOf":{"@id":"https:\/\/sophiestalport.com\/#website"},"datePublished":"2018-06-09T12:16:47+00:00","dateModified":"2018-06-15T19:53:54+00:00","breadcrumb":{"@id":"https:\/\/sophiestalport.com\/index.php\/chant\/#breadcrumb"},"inLanguage":"fr-FR","potentialAction":[{"@type":"ReadAction","target":["https:\/\/sophiestalport.com\/index.php\/chant\/"]}]},{"@type":"BreadcrumbList","@id":"https:\/\/sophiestalport.com\/index.php\/chant\/#breadcrumb","itemListElement":[{"@type":"ListItem","position":1,"name":"Home","item":"https:\/\/sophiestalport.com\/"},{"@type":"ListItem","position":2,"name":"Chant"}]},{"@type":"WebSite","@id":"https:\/\/sophiestalport.com\/#website","url":"https:\/\/sophiestalport.com\/","name":"Sophie Stalport","description":"Com\u00e9dienne","potentialAction":[{"@type":"SearchAction","target":{"@type":"EntryPoint","urlTemplate":"https:\/\/sophiestalport.com\/?s={search_term_string}"},"query-input":"required name=search_term_string"}],"inLanguage":"fr-FR"}]}},"_links":{"self":[{"href":"https:\/\/sophiestalport.com\/index.php\/wp-json\/wp\/v2\/pages\/593"}],"collection":[{"href":"https:\/\/sophiestalport.com\/index.php\/wp-json\/wp\/v2\/pages"}],"about":[{"href":"https:\/\/sophiestalport.com\/index.php\/wp-json\/wp\/v2\/types\/page"}],"author":[{"embeddable":true,"href":"https:\/\/sophiestalport.com\/index.php\/wp-json\/wp\/v2\/users\/1"}],"replies":[{"embeddable":true,"href":"https:\/\/sophiestalport.com\/index.php\/wp-json\/wp\/v2\/comments?post=593"}],"version-history":[{"count":16,"href":"https:\/\/sophiestalport.com\/index.php\/wp-json\/wp\/v2\/pages\/593\/revisions"}],"predecessor-version":[{"id":762,"href":"https:\/\/sophiestalport.com\/index.php\/wp-json\/wp\/v2\/pages\/593\/revisions\/762"}],"wp:attachment":[{"href":"https:\/\/sophiestalport.com\/index.php\/wp-json\/wp\/v2\/media?parent=593"}],"curies":[{"name":"wp","href":"https:\/\/api.w.org\/{rel}","templated":true}]}}