{"id":577,"date":"2018-06-08T22:59:19","date_gmt":"2018-06-08T20:59:19","guid":{"rendered":"http:\/\/sophiestalport.com\/?page_id=577"},"modified":"2018-06-13T15:23:28","modified_gmt":"2018-06-13T13:23:28","slug":"et_aussi_sophie_stalport","status":"publish","type":"page","link":"https:\/\/sophiestalport.com\/index.php\/et_aussi_sophie_stalport\/","title":{"rendered":"Et aussi&#8230;"},"content":{"rendered":"<div id=\"cs-content\" class=\"cs-content\"><\/div>\n","protected":false},"excerpt":{"rendered":"<p>Et aussi&#8230;Les spectacles plus anciens CLASSIQUE \/ 2002-2003 Le Chien du Jardinier de Lope de Vega Mise en sc\u00e8ne Jean-Marc Hoolbecq R\u00f4le de Marcela, suivante typique des com\u00e9dias du Si\u00e8cle d\u2019Or espagnol. CLASSIQUE \/ 2001-2003 Le Triomphe de l\u2019Amour de Marivaux Mise en sc\u00e8ne Herv\u00e9 van der Meulen R\u00f4le d&rsquo;Hermidas, suivante marivaudienne travestie en homme tout au long de l\u2019intrigue. CONTEMPORAIN \/ 2000-2001 L\u2019Azote, Le Grand Vizir, Le D\u00e9funtde Ren\u00e9 de Obaldia Mise en sc\u00e8ne Isabelle G\u00e9not Diff\u00e9rents r\u00f4les de &#8230;<\/p>\n","protected":false},"author":1,"featured_media":0,"parent":0,"menu_order":0,"comment_status":"closed","ping_status":"closed","template":"","meta":[],"yoast_head":"<!-- This site is optimized with the Yoast SEO plugin v20.11 - https:\/\/yoast.com\/wordpress\/plugins\/seo\/ -->\n<title>Et aussi... - Sophie Stalport<\/title>\n<meta name=\"robots\" content=\"index, follow, max-snippet:-1, max-image-preview:large, max-video-preview:-1\" \/>\n<link rel=\"canonical\" href=\"https:\/\/sophiestalport.com\/index.php\/et_aussi_sophie_stalport\/\" \/>\n<meta property=\"og:locale\" content=\"fr_FR\" \/>\n<meta property=\"og:type\" content=\"article\" \/>\n<meta property=\"og:title\" content=\"Et aussi... - Sophie Stalport\" \/>\n<meta property=\"og:description\" content=\"Et aussi...Les spectacles plus anciens CLASSIQUE \/ 2002-2003 Le Chien du Jardinier de Lope de Vega Mise en sc\u00e8ne Jean-Marc Hoolbecq R\u00f4le de Marcela, suivante typique des com\u00e9dias du Si\u00e8cle d\u2019Or espagnol. CLASSIQUE \/ 2001-2003 Le Triomphe de l\u2019Amour de Marivaux Mise en sc\u00e8ne Herv\u00e9 van der Meulen R\u00f4le d&#039;Hermidas, suivante marivaudienne travestie en homme tout au long de l\u2019intrigue. CONTEMPORAIN \/ 2000-2001 L\u2019Azote, Le Grand Vizir, Le D\u00e9funtde Ren\u00e9 de Obaldia Mise en sc\u00e8ne Isabelle G\u00e9not Diff\u00e9rents r\u00f4les de ...\" \/>\n<meta property=\"og:url\" content=\"https:\/\/sophiestalport.com\/index.php\/et_aussi_sophie_stalport\/\" \/>\n<meta property=\"og:site_name\" content=\"Sophie Stalport\" \/>\n<meta property=\"article:modified_time\" content=\"2018-06-13T13:23:28+00:00\" \/>\n<meta name=\"twitter:card\" content=\"summary_large_image\" \/>\n<meta name=\"twitter:label1\" content=\"Dur\u00e9e de lecture estim\u00e9e\" \/>\n\t<meta name=\"twitter:data1\" content=\"3 minutes\" \/>\n<script type=\"application\/ld+json\" class=\"yoast-schema-graph\">{\"@context\":\"https:\/\/schema.org\",\"@graph\":[{\"@type\":\"WebPage\",\"@id\":\"https:\/\/sophiestalport.com\/index.php\/et_aussi_sophie_stalport\/\",\"url\":\"https:\/\/sophiestalport.com\/index.php\/et_aussi_sophie_stalport\/\",\"name\":\"Et aussi... - Sophie Stalport\",\"isPartOf\":{\"@id\":\"https:\/\/sophiestalport.com\/#website\"},\"datePublished\":\"2018-06-08T20:59:19+00:00\",\"dateModified\":\"2018-06-13T13:23:28+00:00\",\"breadcrumb\":{\"@id\":\"https:\/\/sophiestalport.com\/index.php\/et_aussi_sophie_stalport\/#breadcrumb\"},\"inLanguage\":\"fr-FR\",\"potentialAction\":[{\"@type\":\"ReadAction\",\"target\":[\"https:\/\/sophiestalport.com\/index.php\/et_aussi_sophie_stalport\/\"]}]},{\"@type\":\"BreadcrumbList\",\"@id\":\"https:\/\/sophiestalport.com\/index.php\/et_aussi_sophie_stalport\/#breadcrumb\",\"itemListElement\":[{\"@type\":\"ListItem\",\"position\":1,\"name\":\"Home\",\"item\":\"https:\/\/sophiestalport.com\/\"},{\"@type\":\"ListItem\",\"position\":2,\"name\":\"Et aussi&#8230;\"}]},{\"@type\":\"WebSite\",\"@id\":\"https:\/\/sophiestalport.com\/#website\",\"url\":\"https:\/\/sophiestalport.com\/\",\"name\":\"Sophie Stalport\",\"description\":\"Com\u00e9dienne\",\"potentialAction\":[{\"@type\":\"SearchAction\",\"target\":{\"@type\":\"EntryPoint\",\"urlTemplate\":\"https:\/\/sophiestalport.com\/?s={search_term_string}\"},\"query-input\":\"required name=search_term_string\"}],\"inLanguage\":\"fr-FR\"}]}<\/script>\n<!-- \/ Yoast SEO plugin. -->","yoast_head_json":{"title":"Et aussi... - Sophie Stalport","robots":{"index":"index","follow":"follow","max-snippet":"max-snippet:-1","max-image-preview":"max-image-preview:large","max-video-preview":"max-video-preview:-1"},"canonical":"https:\/\/sophiestalport.com\/index.php\/et_aussi_sophie_stalport\/","og_locale":"fr_FR","og_type":"article","og_title":"Et aussi... - Sophie Stalport","og_description":"Et aussi...Les spectacles plus anciens CLASSIQUE \/ 2002-2003 Le Chien du Jardinier de Lope de Vega Mise en sc\u00e8ne Jean-Marc Hoolbecq R\u00f4le de Marcela, suivante typique des com\u00e9dias du Si\u00e8cle d\u2019Or espagnol. CLASSIQUE \/ 2001-2003 Le Triomphe de l\u2019Amour de Marivaux Mise en sc\u00e8ne Herv\u00e9 van der Meulen R\u00f4le d'Hermidas, suivante marivaudienne travestie en homme tout au long de l\u2019intrigue. CONTEMPORAIN \/ 2000-2001 L\u2019Azote, Le Grand Vizir, Le D\u00e9funtde Ren\u00e9 de Obaldia Mise en sc\u00e8ne Isabelle G\u00e9not Diff\u00e9rents r\u00f4les de ...","og_url":"https:\/\/sophiestalport.com\/index.php\/et_aussi_sophie_stalport\/","og_site_name":"Sophie Stalport","article_modified_time":"2018-06-13T13:23:28+00:00","twitter_card":"summary_large_image","twitter_misc":{"Dur\u00e9e de lecture estim\u00e9e":"3 minutes"},"schema":{"@context":"https:\/\/schema.org","@graph":[{"@type":"WebPage","@id":"https:\/\/sophiestalport.com\/index.php\/et_aussi_sophie_stalport\/","url":"https:\/\/sophiestalport.com\/index.php\/et_aussi_sophie_stalport\/","name":"Et aussi... - Sophie Stalport","isPartOf":{"@id":"https:\/\/sophiestalport.com\/#website"},"datePublished":"2018-06-08T20:59:19+00:00","dateModified":"2018-06-13T13:23:28+00:00","breadcrumb":{"@id":"https:\/\/sophiestalport.com\/index.php\/et_aussi_sophie_stalport\/#breadcrumb"},"inLanguage":"fr-FR","potentialAction":[{"@type":"ReadAction","target":["https:\/\/sophiestalport.com\/index.php\/et_aussi_sophie_stalport\/"]}]},{"@type":"BreadcrumbList","@id":"https:\/\/sophiestalport.com\/index.php\/et_aussi_sophie_stalport\/#breadcrumb","itemListElement":[{"@type":"ListItem","position":1,"name":"Home","item":"https:\/\/sophiestalport.com\/"},{"@type":"ListItem","position":2,"name":"Et aussi&#8230;"}]},{"@type":"WebSite","@id":"https:\/\/sophiestalport.com\/#website","url":"https:\/\/sophiestalport.com\/","name":"Sophie Stalport","description":"Com\u00e9dienne","potentialAction":[{"@type":"SearchAction","target":{"@type":"EntryPoint","urlTemplate":"https:\/\/sophiestalport.com\/?s={search_term_string}"},"query-input":"required name=search_term_string"}],"inLanguage":"fr-FR"}]}},"_links":{"self":[{"href":"https:\/\/sophiestalport.com\/index.php\/wp-json\/wp\/v2\/pages\/577"}],"collection":[{"href":"https:\/\/sophiestalport.com\/index.php\/wp-json\/wp\/v2\/pages"}],"about":[{"href":"https:\/\/sophiestalport.com\/index.php\/wp-json\/wp\/v2\/types\/page"}],"author":[{"embeddable":true,"href":"https:\/\/sophiestalport.com\/index.php\/wp-json\/wp\/v2\/users\/1"}],"replies":[{"embeddable":true,"href":"https:\/\/sophiestalport.com\/index.php\/wp-json\/wp\/v2\/comments?post=577"}],"version-history":[{"count":15,"href":"https:\/\/sophiestalport.com\/index.php\/wp-json\/wp\/v2\/pages\/577\/revisions"}],"predecessor-version":[{"id":682,"href":"https:\/\/sophiestalport.com\/index.php\/wp-json\/wp\/v2\/pages\/577\/revisions\/682"}],"wp:attachment":[{"href":"https:\/\/sophiestalport.com\/index.php\/wp-json\/wp\/v2\/media?parent=577"}],"curies":[{"name":"wp","href":"https:\/\/api.w.org\/{rel}","templated":true}]}}