{"id":568,"date":"2018-06-08T22:48:34","date_gmt":"2018-06-08T20:48:34","guid":{"rendered":"http:\/\/sophiestalport.com\/?page_id=568"},"modified":"2018-06-08T22:55:43","modified_gmt":"2018-06-08T20:55:43","slug":"urgences_etat_des_lieux_avant_le_chaos","status":"publish","type":"page","link":"https:\/\/sophiestalport.com\/index.php\/urgences_etat_des_lieux_avant_le_chaos\/","title":{"rendered":"Urgences, \u00e9tat des lieux avant le chaos"},"content":{"rendered":"<div id=\"cs-content\" class=\"cs-content\"><\/div>\n","protected":false},"excerpt":{"rendered":"<p>CONTEMPORAIN \/ 2007-2008 Urgences, \u00e9tat des lieux&#8230; de Serge Adam Mise en sc\u00e8ne Marie Pag\u00e8s Moments de vie \u00e9pingl\u00e9s par une \u00e9criture contemporaine f\u00e9roce et joyeuse \u00e0 la fois, Urgences\u00a0! est le miroir bris\u00e9 d\u2019un regard \u00e0 mille facettes sur notre monde secou\u00e9. Cruel et dr\u00f4le \u00e0 la fois. R\u00f4le\u00a0: Personnages multiples, de la call girl \u00e0 la m\u00e8re de famille en passant par la journaliste\u00a0\u00ab\u00a0fashion\u00a0\u00bb\u2026 Avec Sophie Stalport, Coralie Trichard, Olivier Ranger, Beno\u00eet Thevenot Avignon 2007 \/ Maison des &#8230;<\/p>\n","protected":false},"author":1,"featured_media":0,"parent":0,"menu_order":0,"comment_status":"closed","ping_status":"closed","template":"","meta":[],"yoast_head":"<!-- This site is optimized with the Yoast SEO plugin v20.11 - https:\/\/yoast.com\/wordpress\/plugins\/seo\/ -->\n<title>Urgences, \u00e9tat des lieux avant le chaos - Sophie Stalport<\/title>\n<meta name=\"robots\" content=\"index, follow, max-snippet:-1, max-image-preview:large, max-video-preview:-1\" \/>\n<link rel=\"canonical\" href=\"https:\/\/sophiestalport.com\/index.php\/urgences_etat_des_lieux_avant_le_chaos\/\" \/>\n<meta property=\"og:locale\" content=\"fr_FR\" \/>\n<meta property=\"og:type\" content=\"article\" \/>\n<meta property=\"og:title\" content=\"Urgences, \u00e9tat des lieux avant le chaos - Sophie Stalport\" \/>\n<meta property=\"og:description\" content=\"CONTEMPORAIN \/ 2007-2008 Urgences, \u00e9tat des lieux... de Serge Adam Mise en sc\u00e8ne Marie Pag\u00e8s Moments de vie \u00e9pingl\u00e9s par une \u00e9criture contemporaine f\u00e9roce et joyeuse \u00e0 la fois, Urgences\u00a0! est le miroir bris\u00e9 d\u2019un regard \u00e0 mille facettes sur notre monde secou\u00e9. Cruel et dr\u00f4le \u00e0 la fois. R\u00f4le\u00a0: Personnages multiples, de la call girl \u00e0 la m\u00e8re de famille en passant par la journaliste\u00a0\u00ab\u00a0fashion\u00a0\u00bb\u2026 Avec Sophie Stalport, Coralie Trichard, Olivier Ranger, Beno\u00eet Thevenot Avignon 2007 \/ Maison des ...\" \/>\n<meta property=\"og:url\" content=\"https:\/\/sophiestalport.com\/index.php\/urgences_etat_des_lieux_avant_le_chaos\/\" \/>\n<meta property=\"og:site_name\" content=\"Sophie Stalport\" \/>\n<meta property=\"article:modified_time\" content=\"2018-06-08T20:55:43+00:00\" \/>\n<meta name=\"twitter:card\" content=\"summary_large_image\" \/>\n<meta name=\"twitter:label1\" content=\"Dur\u00e9e de lecture estim\u00e9e\" \/>\n\t<meta name=\"twitter:data1\" content=\"1 minute\" \/>\n<script type=\"application\/ld+json\" class=\"yoast-schema-graph\">{\"@context\":\"https:\/\/schema.org\",\"@graph\":[{\"@type\":\"WebPage\",\"@id\":\"https:\/\/sophiestalport.com\/index.php\/urgences_etat_des_lieux_avant_le_chaos\/\",\"url\":\"https:\/\/sophiestalport.com\/index.php\/urgences_etat_des_lieux_avant_le_chaos\/\",\"name\":\"Urgences, \u00e9tat des lieux avant le chaos - Sophie Stalport\",\"isPartOf\":{\"@id\":\"https:\/\/sophiestalport.com\/#website\"},\"datePublished\":\"2018-06-08T20:48:34+00:00\",\"dateModified\":\"2018-06-08T20:55:43+00:00\",\"breadcrumb\":{\"@id\":\"https:\/\/sophiestalport.com\/index.php\/urgences_etat_des_lieux_avant_le_chaos\/#breadcrumb\"},\"inLanguage\":\"fr-FR\",\"potentialAction\":[{\"@type\":\"ReadAction\",\"target\":[\"https:\/\/sophiestalport.com\/index.php\/urgences_etat_des_lieux_avant_le_chaos\/\"]}]},{\"@type\":\"BreadcrumbList\",\"@id\":\"https:\/\/sophiestalport.com\/index.php\/urgences_etat_des_lieux_avant_le_chaos\/#breadcrumb\",\"itemListElement\":[{\"@type\":\"ListItem\",\"position\":1,\"name\":\"Home\",\"item\":\"https:\/\/sophiestalport.com\/\"},{\"@type\":\"ListItem\",\"position\":2,\"name\":\"Urgences, \u00e9tat des lieux avant le chaos\"}]},{\"@type\":\"WebSite\",\"@id\":\"https:\/\/sophiestalport.com\/#website\",\"url\":\"https:\/\/sophiestalport.com\/\",\"name\":\"Sophie Stalport\",\"description\":\"Com\u00e9dienne\",\"potentialAction\":[{\"@type\":\"SearchAction\",\"target\":{\"@type\":\"EntryPoint\",\"urlTemplate\":\"https:\/\/sophiestalport.com\/?s={search_term_string}\"},\"query-input\":\"required name=search_term_string\"}],\"inLanguage\":\"fr-FR\"}]}<\/script>\n<!-- \/ Yoast SEO plugin. -->","yoast_head_json":{"title":"Urgences, \u00e9tat des lieux avant le chaos - Sophie Stalport","robots":{"index":"index","follow":"follow","max-snippet":"max-snippet:-1","max-image-preview":"max-image-preview:large","max-video-preview":"max-video-preview:-1"},"canonical":"https:\/\/sophiestalport.com\/index.php\/urgences_etat_des_lieux_avant_le_chaos\/","og_locale":"fr_FR","og_type":"article","og_title":"Urgences, \u00e9tat des lieux avant le chaos - Sophie Stalport","og_description":"CONTEMPORAIN \/ 2007-2008 Urgences, \u00e9tat des lieux... de Serge Adam Mise en sc\u00e8ne Marie Pag\u00e8s Moments de vie \u00e9pingl\u00e9s par une \u00e9criture contemporaine f\u00e9roce et joyeuse \u00e0 la fois, Urgences\u00a0! est le miroir bris\u00e9 d\u2019un regard \u00e0 mille facettes sur notre monde secou\u00e9. Cruel et dr\u00f4le \u00e0 la fois. R\u00f4le\u00a0: Personnages multiples, de la call girl \u00e0 la m\u00e8re de famille en passant par la journaliste\u00a0\u00ab\u00a0fashion\u00a0\u00bb\u2026 Avec Sophie Stalport, Coralie Trichard, Olivier Ranger, Beno\u00eet Thevenot Avignon 2007 \/ Maison des ...","og_url":"https:\/\/sophiestalport.com\/index.php\/urgences_etat_des_lieux_avant_le_chaos\/","og_site_name":"Sophie Stalport","article_modified_time":"2018-06-08T20:55:43+00:00","twitter_card":"summary_large_image","twitter_misc":{"Dur\u00e9e de lecture estim\u00e9e":"1 minute"},"schema":{"@context":"https:\/\/schema.org","@graph":[{"@type":"WebPage","@id":"https:\/\/sophiestalport.com\/index.php\/urgences_etat_des_lieux_avant_le_chaos\/","url":"https:\/\/sophiestalport.com\/index.php\/urgences_etat_des_lieux_avant_le_chaos\/","name":"Urgences, \u00e9tat des lieux avant le chaos - Sophie Stalport","isPartOf":{"@id":"https:\/\/sophiestalport.com\/#website"},"datePublished":"2018-06-08T20:48:34+00:00","dateModified":"2018-06-08T20:55:43+00:00","breadcrumb":{"@id":"https:\/\/sophiestalport.com\/index.php\/urgences_etat_des_lieux_avant_le_chaos\/#breadcrumb"},"inLanguage":"fr-FR","potentialAction":[{"@type":"ReadAction","target":["https:\/\/sophiestalport.com\/index.php\/urgences_etat_des_lieux_avant_le_chaos\/"]}]},{"@type":"BreadcrumbList","@id":"https:\/\/sophiestalport.com\/index.php\/urgences_etat_des_lieux_avant_le_chaos\/#breadcrumb","itemListElement":[{"@type":"ListItem","position":1,"name":"Home","item":"https:\/\/sophiestalport.com\/"},{"@type":"ListItem","position":2,"name":"Urgences, \u00e9tat des lieux avant le chaos"}]},{"@type":"WebSite","@id":"https:\/\/sophiestalport.com\/#website","url":"https:\/\/sophiestalport.com\/","name":"Sophie Stalport","description":"Com\u00e9dienne","potentialAction":[{"@type":"SearchAction","target":{"@type":"EntryPoint","urlTemplate":"https:\/\/sophiestalport.com\/?s={search_term_string}"},"query-input":"required name=search_term_string"}],"inLanguage":"fr-FR"}]}},"_links":{"self":[{"href":"https:\/\/sophiestalport.com\/index.php\/wp-json\/wp\/v2\/pages\/568"}],"collection":[{"href":"https:\/\/sophiestalport.com\/index.php\/wp-json\/wp\/v2\/pages"}],"about":[{"href":"https:\/\/sophiestalport.com\/index.php\/wp-json\/wp\/v2\/types\/page"}],"author":[{"embeddable":true,"href":"https:\/\/sophiestalport.com\/index.php\/wp-json\/wp\/v2\/users\/1"}],"replies":[{"embeddable":true,"href":"https:\/\/sophiestalport.com\/index.php\/wp-json\/wp\/v2\/comments?post=568"}],"version-history":[{"count":5,"href":"https:\/\/sophiestalport.com\/index.php\/wp-json\/wp\/v2\/pages\/568\/revisions"}],"predecessor-version":[{"id":574,"href":"https:\/\/sophiestalport.com\/index.php\/wp-json\/wp\/v2\/pages\/568\/revisions\/574"}],"wp:attachment":[{"href":"https:\/\/sophiestalport.com\/index.php\/wp-json\/wp\/v2\/media?parent=568"}],"curies":[{"name":"wp","href":"https:\/\/api.w.org\/{rel}","templated":true}]}}