{"id":560,"date":"2018-06-08T22:43:47","date_gmt":"2018-06-08T20:43:47","guid":{"rendered":"http:\/\/sophiestalport.com\/?page_id=560"},"modified":"2018-06-08T22:47:10","modified_gmt":"2018-06-08T20:47:10","slug":"comment_chamoune_mesguish_stalport","status":"publish","type":"page","link":"https:\/\/sophiestalport.com\/index.php\/comment_chamoune_mesguish_stalport\/","title":{"rendered":"Comment devient-on Chamoune?"},"content":{"rendered":"<div id=\"cs-content\" class=\"cs-content\"><\/div>\n","protected":false},"excerpt":{"rendered":"<p>JEUNE PUBLIC \/ 2006 Comment devient-on chamoune? de Charlotte Escamez Mise en sc\u00e8ne William Mesguich Chamoune capte les \u00e2mes. Il tient ce don de son p\u00e8re qui le tenait de son p\u00e8re qui le tenait de son fr\u00e8re qui le tenait de son cousin germain Maximilien\u2026 Tout est beau au pays de l\u2019\u00e2me jusqu\u2019au jour o\u00f9 Domino le Diabolo, esprit malin du monde tourneboul\u00e9, d\u00e9robe l\u2019\u00e2me de la princesse \u00e0 la voix de cristal : la belle Lavila\u2026 Chamoune part &#8230;<\/p>\n","protected":false},"author":1,"featured_media":0,"parent":0,"menu_order":0,"comment_status":"closed","ping_status":"closed","template":"","meta":[],"yoast_head":"<!-- This site is optimized with the Yoast SEO plugin v20.11 - https:\/\/yoast.com\/wordpress\/plugins\/seo\/ -->\n<title>Comment devient-on Chamoune? - Sophie Stalport<\/title>\n<meta name=\"robots\" content=\"index, follow, max-snippet:-1, max-image-preview:large, max-video-preview:-1\" \/>\n<link rel=\"canonical\" href=\"https:\/\/sophiestalport.com\/index.php\/comment_chamoune_mesguish_stalport\/\" \/>\n<meta property=\"og:locale\" content=\"fr_FR\" \/>\n<meta property=\"og:type\" content=\"article\" \/>\n<meta property=\"og:title\" content=\"Comment devient-on Chamoune? - Sophie Stalport\" \/>\n<meta property=\"og:description\" content=\"JEUNE PUBLIC \/ 2006 Comment devient-on chamoune? de Charlotte Escamez Mise en sc\u00e8ne William Mesguich Chamoune capte les \u00e2mes. Il tient ce don de son p\u00e8re qui le tenait de son p\u00e8re qui le tenait de son fr\u00e8re qui le tenait de son cousin germain Maximilien\u2026 Tout est beau au pays de l\u2019\u00e2me jusqu\u2019au jour o\u00f9 Domino le Diabolo, esprit malin du monde tourneboul\u00e9, d\u00e9robe l\u2019\u00e2me de la princesse \u00e0 la voix de cristal : la belle Lavila\u2026 Chamoune part ...\" \/>\n<meta property=\"og:url\" content=\"https:\/\/sophiestalport.com\/index.php\/comment_chamoune_mesguish_stalport\/\" \/>\n<meta property=\"og:site_name\" content=\"Sophie Stalport\" \/>\n<meta property=\"article:modified_time\" content=\"2018-06-08T20:47:10+00:00\" \/>\n<meta name=\"twitter:card\" content=\"summary_large_image\" \/>\n<meta name=\"twitter:label1\" content=\"Dur\u00e9e de lecture estim\u00e9e\" \/>\n\t<meta name=\"twitter:data1\" content=\"1 minute\" \/>\n<script type=\"application\/ld+json\" class=\"yoast-schema-graph\">{\"@context\":\"https:\/\/schema.org\",\"@graph\":[{\"@type\":\"WebPage\",\"@id\":\"https:\/\/sophiestalport.com\/index.php\/comment_chamoune_mesguish_stalport\/\",\"url\":\"https:\/\/sophiestalport.com\/index.php\/comment_chamoune_mesguish_stalport\/\",\"name\":\"Comment devient-on Chamoune? - Sophie Stalport\",\"isPartOf\":{\"@id\":\"https:\/\/sophiestalport.com\/#website\"},\"datePublished\":\"2018-06-08T20:43:47+00:00\",\"dateModified\":\"2018-06-08T20:47:10+00:00\",\"breadcrumb\":{\"@id\":\"https:\/\/sophiestalport.com\/index.php\/comment_chamoune_mesguish_stalport\/#breadcrumb\"},\"inLanguage\":\"fr-FR\",\"potentialAction\":[{\"@type\":\"ReadAction\",\"target\":[\"https:\/\/sophiestalport.com\/index.php\/comment_chamoune_mesguish_stalport\/\"]}]},{\"@type\":\"BreadcrumbList\",\"@id\":\"https:\/\/sophiestalport.com\/index.php\/comment_chamoune_mesguish_stalport\/#breadcrumb\",\"itemListElement\":[{\"@type\":\"ListItem\",\"position\":1,\"name\":\"Home\",\"item\":\"https:\/\/sophiestalport.com\/\"},{\"@type\":\"ListItem\",\"position\":2,\"name\":\"Comment devient-on Chamoune?\"}]},{\"@type\":\"WebSite\",\"@id\":\"https:\/\/sophiestalport.com\/#website\",\"url\":\"https:\/\/sophiestalport.com\/\",\"name\":\"Sophie Stalport\",\"description\":\"Com\u00e9dienne\",\"potentialAction\":[{\"@type\":\"SearchAction\",\"target\":{\"@type\":\"EntryPoint\",\"urlTemplate\":\"https:\/\/sophiestalport.com\/?s={search_term_string}\"},\"query-input\":\"required name=search_term_string\"}],\"inLanguage\":\"fr-FR\"}]}<\/script>\n<!-- \/ Yoast SEO plugin. -->","yoast_head_json":{"title":"Comment devient-on Chamoune? - Sophie Stalport","robots":{"index":"index","follow":"follow","max-snippet":"max-snippet:-1","max-image-preview":"max-image-preview:large","max-video-preview":"max-video-preview:-1"},"canonical":"https:\/\/sophiestalport.com\/index.php\/comment_chamoune_mesguish_stalport\/","og_locale":"fr_FR","og_type":"article","og_title":"Comment devient-on Chamoune? - Sophie Stalport","og_description":"JEUNE PUBLIC \/ 2006 Comment devient-on chamoune? de Charlotte Escamez Mise en sc\u00e8ne William Mesguich Chamoune capte les \u00e2mes. Il tient ce don de son p\u00e8re qui le tenait de son p\u00e8re qui le tenait de son fr\u00e8re qui le tenait de son cousin germain Maximilien\u2026 Tout est beau au pays de l\u2019\u00e2me jusqu\u2019au jour o\u00f9 Domino le Diabolo, esprit malin du monde tourneboul\u00e9, d\u00e9robe l\u2019\u00e2me de la princesse \u00e0 la voix de cristal : la belle Lavila\u2026 Chamoune part ...","og_url":"https:\/\/sophiestalport.com\/index.php\/comment_chamoune_mesguish_stalport\/","og_site_name":"Sophie Stalport","article_modified_time":"2018-06-08T20:47:10+00:00","twitter_card":"summary_large_image","twitter_misc":{"Dur\u00e9e de lecture estim\u00e9e":"1 minute"},"schema":{"@context":"https:\/\/schema.org","@graph":[{"@type":"WebPage","@id":"https:\/\/sophiestalport.com\/index.php\/comment_chamoune_mesguish_stalport\/","url":"https:\/\/sophiestalport.com\/index.php\/comment_chamoune_mesguish_stalport\/","name":"Comment devient-on Chamoune? - Sophie Stalport","isPartOf":{"@id":"https:\/\/sophiestalport.com\/#website"},"datePublished":"2018-06-08T20:43:47+00:00","dateModified":"2018-06-08T20:47:10+00:00","breadcrumb":{"@id":"https:\/\/sophiestalport.com\/index.php\/comment_chamoune_mesguish_stalport\/#breadcrumb"},"inLanguage":"fr-FR","potentialAction":[{"@type":"ReadAction","target":["https:\/\/sophiestalport.com\/index.php\/comment_chamoune_mesguish_stalport\/"]}]},{"@type":"BreadcrumbList","@id":"https:\/\/sophiestalport.com\/index.php\/comment_chamoune_mesguish_stalport\/#breadcrumb","itemListElement":[{"@type":"ListItem","position":1,"name":"Home","item":"https:\/\/sophiestalport.com\/"},{"@type":"ListItem","position":2,"name":"Comment devient-on Chamoune?"}]},{"@type":"WebSite","@id":"https:\/\/sophiestalport.com\/#website","url":"https:\/\/sophiestalport.com\/","name":"Sophie Stalport","description":"Com\u00e9dienne","potentialAction":[{"@type":"SearchAction","target":{"@type":"EntryPoint","urlTemplate":"https:\/\/sophiestalport.com\/?s={search_term_string}"},"query-input":"required name=search_term_string"}],"inLanguage":"fr-FR"}]}},"_links":{"self":[{"href":"https:\/\/sophiestalport.com\/index.php\/wp-json\/wp\/v2\/pages\/560"}],"collection":[{"href":"https:\/\/sophiestalport.com\/index.php\/wp-json\/wp\/v2\/pages"}],"about":[{"href":"https:\/\/sophiestalport.com\/index.php\/wp-json\/wp\/v2\/types\/page"}],"author":[{"embeddable":true,"href":"https:\/\/sophiestalport.com\/index.php\/wp-json\/wp\/v2\/users\/1"}],"replies":[{"embeddable":true,"href":"https:\/\/sophiestalport.com\/index.php\/wp-json\/wp\/v2\/comments?post=560"}],"version-history":[{"count":6,"href":"https:\/\/sophiestalport.com\/index.php\/wp-json\/wp\/v2\/pages\/560\/revisions"}],"predecessor-version":[{"id":567,"href":"https:\/\/sophiestalport.com\/index.php\/wp-json\/wp\/v2\/pages\/560\/revisions\/567"}],"wp:attachment":[{"href":"https:\/\/sophiestalport.com\/index.php\/wp-json\/wp\/v2\/media?parent=560"}],"curies":[{"name":"wp","href":"https:\/\/api.w.org\/{rel}","templated":true}]}}