{"id":545,"date":"2018-06-08T22:21:03","date_gmt":"2018-06-08T20:21:03","guid":{"rendered":"http:\/\/sophiestalport.com\/?page_id=545"},"modified":"2018-06-19T15:49:26","modified_gmt":"2018-06-19T13:49:26","slug":"la_ptite_toile_carre_blanc_sur_fond_bleu","status":"publish","type":"page","link":"https:\/\/sophiestalport.com\/index.php\/la_ptite_toile_carre_blanc_sur_fond_bleu\/","title":{"rendered":"La p&rsquo;tite toile"},"content":{"rendered":"<div id=\"cs-content\" class=\"cs-content\"><\/div>\n","protected":false},"excerpt":{"rendered":"<p>JEUNE PUBLIC \/ 2007-2011 LA p&rsquo;tite toile d\u2019Emmanuelle Marquis Direction d\u2019acteur St\u00e9phanie Grosjean LA P&rsquo;TITE TOILE est un conte pour enfants \u00e0 partir de 7 ans sur la peinture du XXe si\u00e8cle, de Henri Matisse \u00e0 Andy Warhol, \u00e0 travers les yeux d\u2019une petite fille, Alice. Partie \u00e0 la recherche de son ami Louis et d\u2019une petite toile de Paul C\u00e9zanne, Alice va parcourir le monde entier au cours d\u2019un voyage initiatique, rencontrer de nombreux peintres et s\u2019\u00e9panouir \u00e0 leur &#8230;<\/p>\n","protected":false},"author":1,"featured_media":0,"parent":0,"menu_order":0,"comment_status":"closed","ping_status":"closed","template":"","meta":[],"yoast_head":"<!-- This site is optimized with the Yoast SEO plugin v20.11 - https:\/\/yoast.com\/wordpress\/plugins\/seo\/ -->\n<title>La p&#039;tite toile - Sophie Stalport<\/title>\n<meta name=\"robots\" content=\"index, follow, max-snippet:-1, max-image-preview:large, max-video-preview:-1\" \/>\n<link rel=\"canonical\" href=\"https:\/\/sophiestalport.com\/index.php\/la_ptite_toile_carre_blanc_sur_fond_bleu\/\" \/>\n<meta property=\"og:locale\" content=\"fr_FR\" \/>\n<meta property=\"og:type\" content=\"article\" \/>\n<meta property=\"og:title\" content=\"La p&#039;tite toile - Sophie Stalport\" \/>\n<meta property=\"og:description\" content=\"JEUNE PUBLIC \/ 2007-2011 LA p&#039;tite toile d\u2019Emmanuelle Marquis Direction d\u2019acteur St\u00e9phanie Grosjean LA P&#039;TITE TOILE est un conte pour enfants \u00e0 partir de 7 ans sur la peinture du XXe si\u00e8cle, de Henri Matisse \u00e0 Andy Warhol, \u00e0 travers les yeux d\u2019une petite fille, Alice. Partie \u00e0 la recherche de son ami Louis et d\u2019une petite toile de Paul C\u00e9zanne, Alice va parcourir le monde entier au cours d\u2019un voyage initiatique, rencontrer de nombreux peintres et s\u2019\u00e9panouir \u00e0 leur ...\" \/>\n<meta property=\"og:url\" content=\"https:\/\/sophiestalport.com\/index.php\/la_ptite_toile_carre_blanc_sur_fond_bleu\/\" \/>\n<meta property=\"og:site_name\" content=\"Sophie Stalport\" \/>\n<meta property=\"article:modified_time\" content=\"2018-06-19T13:49:26+00:00\" \/>\n<meta name=\"twitter:card\" content=\"summary_large_image\" \/>\n<meta name=\"twitter:label1\" content=\"Dur\u00e9e de lecture estim\u00e9e\" \/>\n\t<meta name=\"twitter:data1\" content=\"2 minutes\" \/>\n<script type=\"application\/ld+json\" class=\"yoast-schema-graph\">{\"@context\":\"https:\/\/schema.org\",\"@graph\":[{\"@type\":\"WebPage\",\"@id\":\"https:\/\/sophiestalport.com\/index.php\/la_ptite_toile_carre_blanc_sur_fond_bleu\/\",\"url\":\"https:\/\/sophiestalport.com\/index.php\/la_ptite_toile_carre_blanc_sur_fond_bleu\/\",\"name\":\"La p'tite toile - Sophie Stalport\",\"isPartOf\":{\"@id\":\"https:\/\/sophiestalport.com\/#website\"},\"datePublished\":\"2018-06-08T20:21:03+00:00\",\"dateModified\":\"2018-06-19T13:49:26+00:00\",\"breadcrumb\":{\"@id\":\"https:\/\/sophiestalport.com\/index.php\/la_ptite_toile_carre_blanc_sur_fond_bleu\/#breadcrumb\"},\"inLanguage\":\"fr-FR\",\"potentialAction\":[{\"@type\":\"ReadAction\",\"target\":[\"https:\/\/sophiestalport.com\/index.php\/la_ptite_toile_carre_blanc_sur_fond_bleu\/\"]}]},{\"@type\":\"BreadcrumbList\",\"@id\":\"https:\/\/sophiestalport.com\/index.php\/la_ptite_toile_carre_blanc_sur_fond_bleu\/#breadcrumb\",\"itemListElement\":[{\"@type\":\"ListItem\",\"position\":1,\"name\":\"Home\",\"item\":\"https:\/\/sophiestalport.com\/\"},{\"@type\":\"ListItem\",\"position\":2,\"name\":\"La p&rsquo;tite toile\"}]},{\"@type\":\"WebSite\",\"@id\":\"https:\/\/sophiestalport.com\/#website\",\"url\":\"https:\/\/sophiestalport.com\/\",\"name\":\"Sophie Stalport\",\"description\":\"Com\u00e9dienne\",\"potentialAction\":[{\"@type\":\"SearchAction\",\"target\":{\"@type\":\"EntryPoint\",\"urlTemplate\":\"https:\/\/sophiestalport.com\/?s={search_term_string}\"},\"query-input\":\"required name=search_term_string\"}],\"inLanguage\":\"fr-FR\"}]}<\/script>\n<!-- \/ Yoast SEO plugin. -->","yoast_head_json":{"title":"La p'tite toile - Sophie Stalport","robots":{"index":"index","follow":"follow","max-snippet":"max-snippet:-1","max-image-preview":"max-image-preview:large","max-video-preview":"max-video-preview:-1"},"canonical":"https:\/\/sophiestalport.com\/index.php\/la_ptite_toile_carre_blanc_sur_fond_bleu\/","og_locale":"fr_FR","og_type":"article","og_title":"La p'tite toile - Sophie Stalport","og_description":"JEUNE PUBLIC \/ 2007-2011 LA p'tite toile d\u2019Emmanuelle Marquis Direction d\u2019acteur St\u00e9phanie Grosjean LA P'TITE TOILE est un conte pour enfants \u00e0 partir de 7 ans sur la peinture du XXe si\u00e8cle, de Henri Matisse \u00e0 Andy Warhol, \u00e0 travers les yeux d\u2019une petite fille, Alice. Partie \u00e0 la recherche de son ami Louis et d\u2019une petite toile de Paul C\u00e9zanne, Alice va parcourir le monde entier au cours d\u2019un voyage initiatique, rencontrer de nombreux peintres et s\u2019\u00e9panouir \u00e0 leur ...","og_url":"https:\/\/sophiestalport.com\/index.php\/la_ptite_toile_carre_blanc_sur_fond_bleu\/","og_site_name":"Sophie Stalport","article_modified_time":"2018-06-19T13:49:26+00:00","twitter_card":"summary_large_image","twitter_misc":{"Dur\u00e9e de lecture estim\u00e9e":"2 minutes"},"schema":{"@context":"https:\/\/schema.org","@graph":[{"@type":"WebPage","@id":"https:\/\/sophiestalport.com\/index.php\/la_ptite_toile_carre_blanc_sur_fond_bleu\/","url":"https:\/\/sophiestalport.com\/index.php\/la_ptite_toile_carre_blanc_sur_fond_bleu\/","name":"La p'tite toile - Sophie Stalport","isPartOf":{"@id":"https:\/\/sophiestalport.com\/#website"},"datePublished":"2018-06-08T20:21:03+00:00","dateModified":"2018-06-19T13:49:26+00:00","breadcrumb":{"@id":"https:\/\/sophiestalport.com\/index.php\/la_ptite_toile_carre_blanc_sur_fond_bleu\/#breadcrumb"},"inLanguage":"fr-FR","potentialAction":[{"@type":"ReadAction","target":["https:\/\/sophiestalport.com\/index.php\/la_ptite_toile_carre_blanc_sur_fond_bleu\/"]}]},{"@type":"BreadcrumbList","@id":"https:\/\/sophiestalport.com\/index.php\/la_ptite_toile_carre_blanc_sur_fond_bleu\/#breadcrumb","itemListElement":[{"@type":"ListItem","position":1,"name":"Home","item":"https:\/\/sophiestalport.com\/"},{"@type":"ListItem","position":2,"name":"La p&rsquo;tite toile"}]},{"@type":"WebSite","@id":"https:\/\/sophiestalport.com\/#website","url":"https:\/\/sophiestalport.com\/","name":"Sophie Stalport","description":"Com\u00e9dienne","potentialAction":[{"@type":"SearchAction","target":{"@type":"EntryPoint","urlTemplate":"https:\/\/sophiestalport.com\/?s={search_term_string}"},"query-input":"required name=search_term_string"}],"inLanguage":"fr-FR"}]}},"_links":{"self":[{"href":"https:\/\/sophiestalport.com\/index.php\/wp-json\/wp\/v2\/pages\/545"}],"collection":[{"href":"https:\/\/sophiestalport.com\/index.php\/wp-json\/wp\/v2\/pages"}],"about":[{"href":"https:\/\/sophiestalport.com\/index.php\/wp-json\/wp\/v2\/types\/page"}],"author":[{"embeddable":true,"href":"https:\/\/sophiestalport.com\/index.php\/wp-json\/wp\/v2\/users\/1"}],"replies":[{"embeddable":true,"href":"https:\/\/sophiestalport.com\/index.php\/wp-json\/wp\/v2\/comments?post=545"}],"version-history":[{"count":8,"href":"https:\/\/sophiestalport.com\/index.php\/wp-json\/wp\/v2\/pages\/545\/revisions"}],"predecessor-version":[{"id":848,"href":"https:\/\/sophiestalport.com\/index.php\/wp-json\/wp\/v2\/pages\/545\/revisions\/848"}],"wp:attachment":[{"href":"https:\/\/sophiestalport.com\/index.php\/wp-json\/wp\/v2\/media?parent=545"}],"curies":[{"name":"wp","href":"https:\/\/api.w.org\/{rel}","templated":true}]}}