{"id":535,"date":"2018-06-08T22:13:02","date_gmt":"2018-06-08T20:13:02","guid":{"rendered":"http:\/\/sophiestalport.com\/?page_id=535"},"modified":"2019-09-04T15:38:41","modified_gmt":"2019-09-04T13:38:41","slug":"julie_lamouette_one_woman_show","status":"publish","type":"page","link":"https:\/\/sophiestalport.com\/index.php\/julie_lamouette_one_woman_show\/","title":{"rendered":"Julie Lamouette"},"content":{"rendered":"<div id=\"cs-content\" class=\"cs-content\"><\/div>\n","protected":false},"excerpt":{"rendered":"<p>ONE WOMAN SHOW\/ 2006 Julie Lamouette de Jean-Marc Willaroza Mise en sc\u00e8ne Joyce Madbak Seule en sc\u00e8ne. Trentenaire c\u00e9libataire, personnage comique et d\u00e9jant\u00e9, Julie Lamouette nous entra\u00eene dans les m\u00e9andres de ses (non) aventures amoureuses\u2026 A la suite, deux extraits du spectacle : Extrait du sketch \u00ab\u00a0Les premiers amoureux\u00a0\u00bbExtrait du sketch \u00ab\u00a0Le don d&rsquo;orgasme\u00a0\u00bb<\/p>\n","protected":false},"author":1,"featured_media":0,"parent":0,"menu_order":0,"comment_status":"closed","ping_status":"closed","template":"","meta":[],"yoast_head":"<!-- This site is optimized with the Yoast SEO plugin v20.11 - https:\/\/yoast.com\/wordpress\/plugins\/seo\/ -->\n<title>Julie Lamouette - Sophie Stalport<\/title>\n<meta name=\"robots\" content=\"index, follow, max-snippet:-1, max-image-preview:large, max-video-preview:-1\" \/>\n<link rel=\"canonical\" href=\"https:\/\/sophiestalport.com\/index.php\/julie_lamouette_one_woman_show\/\" \/>\n<meta property=\"og:locale\" content=\"fr_FR\" \/>\n<meta property=\"og:type\" content=\"article\" \/>\n<meta property=\"og:title\" content=\"Julie Lamouette - Sophie Stalport\" \/>\n<meta property=\"og:description\" content=\"ONE WOMAN SHOW\/ 2006 Julie Lamouette de Jean-Marc Willaroza Mise en sc\u00e8ne Joyce Madbak Seule en sc\u00e8ne. Trentenaire c\u00e9libataire, personnage comique et d\u00e9jant\u00e9, Julie Lamouette nous entra\u00eene dans les m\u00e9andres de ses (non) aventures amoureuses\u2026 A la suite, deux extraits du spectacle : Extrait du sketch &quot;Les premiers amoureux&quot;Extrait du sketch &quot;Le don d&#039;orgasme&quot;\" \/>\n<meta property=\"og:url\" content=\"https:\/\/sophiestalport.com\/index.php\/julie_lamouette_one_woman_show\/\" \/>\n<meta property=\"og:site_name\" content=\"Sophie Stalport\" \/>\n<meta property=\"article:modified_time\" content=\"2019-09-04T13:38:41+00:00\" \/>\n<meta name=\"twitter:card\" content=\"summary_large_image\" \/>\n<meta name=\"twitter:label1\" content=\"Dur\u00e9e de lecture estim\u00e9e\" \/>\n\t<meta name=\"twitter:data1\" content=\"1 minute\" \/>\n<script type=\"application\/ld+json\" class=\"yoast-schema-graph\">{\"@context\":\"https:\/\/schema.org\",\"@graph\":[{\"@type\":\"WebPage\",\"@id\":\"https:\/\/sophiestalport.com\/index.php\/julie_lamouette_one_woman_show\/\",\"url\":\"https:\/\/sophiestalport.com\/index.php\/julie_lamouette_one_woman_show\/\",\"name\":\"Julie Lamouette - Sophie Stalport\",\"isPartOf\":{\"@id\":\"https:\/\/sophiestalport.com\/#website\"},\"datePublished\":\"2018-06-08T20:13:02+00:00\",\"dateModified\":\"2019-09-04T13:38:41+00:00\",\"breadcrumb\":{\"@id\":\"https:\/\/sophiestalport.com\/index.php\/julie_lamouette_one_woman_show\/#breadcrumb\"},\"inLanguage\":\"fr-FR\",\"potentialAction\":[{\"@type\":\"ReadAction\",\"target\":[\"https:\/\/sophiestalport.com\/index.php\/julie_lamouette_one_woman_show\/\"]}]},{\"@type\":\"BreadcrumbList\",\"@id\":\"https:\/\/sophiestalport.com\/index.php\/julie_lamouette_one_woman_show\/#breadcrumb\",\"itemListElement\":[{\"@type\":\"ListItem\",\"position\":1,\"name\":\"Home\",\"item\":\"https:\/\/sophiestalport.com\/\"},{\"@type\":\"ListItem\",\"position\":2,\"name\":\"Julie Lamouette\"}]},{\"@type\":\"WebSite\",\"@id\":\"https:\/\/sophiestalport.com\/#website\",\"url\":\"https:\/\/sophiestalport.com\/\",\"name\":\"Sophie Stalport\",\"description\":\"Com\u00e9dienne\",\"potentialAction\":[{\"@type\":\"SearchAction\",\"target\":{\"@type\":\"EntryPoint\",\"urlTemplate\":\"https:\/\/sophiestalport.com\/?s={search_term_string}\"},\"query-input\":\"required name=search_term_string\"}],\"inLanguage\":\"fr-FR\"}]}<\/script>\n<!-- \/ Yoast SEO plugin. -->","yoast_head_json":{"title":"Julie Lamouette - Sophie Stalport","robots":{"index":"index","follow":"follow","max-snippet":"max-snippet:-1","max-image-preview":"max-image-preview:large","max-video-preview":"max-video-preview:-1"},"canonical":"https:\/\/sophiestalport.com\/index.php\/julie_lamouette_one_woman_show\/","og_locale":"fr_FR","og_type":"article","og_title":"Julie Lamouette - Sophie Stalport","og_description":"ONE WOMAN SHOW\/ 2006 Julie Lamouette de Jean-Marc Willaroza Mise en sc\u00e8ne Joyce Madbak Seule en sc\u00e8ne. Trentenaire c\u00e9libataire, personnage comique et d\u00e9jant\u00e9, Julie Lamouette nous entra\u00eene dans les m\u00e9andres de ses (non) aventures amoureuses\u2026 A la suite, deux extraits du spectacle : Extrait du sketch \"Les premiers amoureux\"Extrait du sketch \"Le don d'orgasme\"","og_url":"https:\/\/sophiestalport.com\/index.php\/julie_lamouette_one_woman_show\/","og_site_name":"Sophie Stalport","article_modified_time":"2019-09-04T13:38:41+00:00","twitter_card":"summary_large_image","twitter_misc":{"Dur\u00e9e de lecture estim\u00e9e":"1 minute"},"schema":{"@context":"https:\/\/schema.org","@graph":[{"@type":"WebPage","@id":"https:\/\/sophiestalport.com\/index.php\/julie_lamouette_one_woman_show\/","url":"https:\/\/sophiestalport.com\/index.php\/julie_lamouette_one_woman_show\/","name":"Julie Lamouette - Sophie Stalport","isPartOf":{"@id":"https:\/\/sophiestalport.com\/#website"},"datePublished":"2018-06-08T20:13:02+00:00","dateModified":"2019-09-04T13:38:41+00:00","breadcrumb":{"@id":"https:\/\/sophiestalport.com\/index.php\/julie_lamouette_one_woman_show\/#breadcrumb"},"inLanguage":"fr-FR","potentialAction":[{"@type":"ReadAction","target":["https:\/\/sophiestalport.com\/index.php\/julie_lamouette_one_woman_show\/"]}]},{"@type":"BreadcrumbList","@id":"https:\/\/sophiestalport.com\/index.php\/julie_lamouette_one_woman_show\/#breadcrumb","itemListElement":[{"@type":"ListItem","position":1,"name":"Home","item":"https:\/\/sophiestalport.com\/"},{"@type":"ListItem","position":2,"name":"Julie Lamouette"}]},{"@type":"WebSite","@id":"https:\/\/sophiestalport.com\/#website","url":"https:\/\/sophiestalport.com\/","name":"Sophie Stalport","description":"Com\u00e9dienne","potentialAction":[{"@type":"SearchAction","target":{"@type":"EntryPoint","urlTemplate":"https:\/\/sophiestalport.com\/?s={search_term_string}"},"query-input":"required name=search_term_string"}],"inLanguage":"fr-FR"}]}},"_links":{"self":[{"href":"https:\/\/sophiestalport.com\/index.php\/wp-json\/wp\/v2\/pages\/535"}],"collection":[{"href":"https:\/\/sophiestalport.com\/index.php\/wp-json\/wp\/v2\/pages"}],"about":[{"href":"https:\/\/sophiestalport.com\/index.php\/wp-json\/wp\/v2\/types\/page"}],"author":[{"embeddable":true,"href":"https:\/\/sophiestalport.com\/index.php\/wp-json\/wp\/v2\/users\/1"}],"replies":[{"embeddable":true,"href":"https:\/\/sophiestalport.com\/index.php\/wp-json\/wp\/v2\/comments?post=535"}],"version-history":[{"count":17,"href":"https:\/\/sophiestalport.com\/index.php\/wp-json\/wp\/v2\/pages\/535\/revisions"}],"predecessor-version":[{"id":1155,"href":"https:\/\/sophiestalport.com\/index.php\/wp-json\/wp\/v2\/pages\/535\/revisions\/1155"}],"wp:attachment":[{"href":"https:\/\/sophiestalport.com\/index.php\/wp-json\/wp\/v2\/media?parent=535"}],"curies":[{"name":"wp","href":"https:\/\/api.w.org\/{rel}","templated":true}]}}