{"id":448,"date":"2018-06-07T16:43:36","date_gmt":"2018-06-07T14:43:36","guid":{"rendered":"http:\/\/sophiestalport.com\/?page_id=448"},"modified":"2018-06-07T16:57:09","modified_gmt":"2018-06-07T14:57:09","slug":"proces_bobigny_mylene_bonnet","status":"publish","type":"page","link":"https:\/\/sophiestalport.com\/index.php\/proces_bobigny_mylene_bonnet\/","title":{"rendered":"Proc\u00e8s de Bobigny, 40 ans de libert\u00e9?"},"content":{"rendered":"<div id=\"cs-content\" class=\"cs-content\"><\/div>\n","protected":false},"excerpt":{"rendered":"<p>DOCU TH\u00c9\u00c2TRE \/ 2012 Proc\u00e8s de Bobigny, 40 ans de libert\u00e9? Adaptation et mise en sc\u00e8ne Myl\u00e8ne Bonnet Marie-Claire a 16 ans quand elle se retrouve enceinte \u00e0 la suite d\u2019un viol. Elle refuse de devenir m\u00e8re dans ces conditions. Nous sommes en 1972, l\u2019avortement est interdit par la loi. Le Proc\u00e8s de Bobigny est le proc\u00e8s de cinq personnes : Marie-Claire, avort\u00e9e clandestinement, son avorteuse et ses co inculp\u00e9es (sa m\u00e8re et ses amies). Aujourd\u2019hui, en 2012, le droit &#8230;<\/p>\n","protected":false},"author":1,"featured_media":0,"parent":0,"menu_order":0,"comment_status":"closed","ping_status":"closed","template":"","meta":[],"yoast_head":"<!-- This site is optimized with the Yoast SEO plugin v20.11 - https:\/\/yoast.com\/wordpress\/plugins\/seo\/ -->\n<title>Proc\u00e8s de Bobigny, 40 ans de libert\u00e9? - Sophie Stalport<\/title>\n<meta name=\"robots\" content=\"index, follow, max-snippet:-1, max-image-preview:large, max-video-preview:-1\" \/>\n<link rel=\"canonical\" href=\"https:\/\/sophiestalport.com\/index.php\/proces_bobigny_mylene_bonnet\/\" \/>\n<meta property=\"og:locale\" content=\"fr_FR\" \/>\n<meta property=\"og:type\" content=\"article\" \/>\n<meta property=\"og:title\" content=\"Proc\u00e8s de Bobigny, 40 ans de libert\u00e9? - Sophie Stalport\" \/>\n<meta property=\"og:description\" content=\"DOCU TH\u00c9\u00c2TRE \/ 2012 Proc\u00e8s de Bobigny, 40 ans de libert\u00e9? Adaptation et mise en sc\u00e8ne Myl\u00e8ne Bonnet Marie-Claire a 16 ans quand elle se retrouve enceinte \u00e0 la suite d\u2019un viol. Elle refuse de devenir m\u00e8re dans ces conditions. Nous sommes en 1972, l\u2019avortement est interdit par la loi. Le Proc\u00e8s de Bobigny est le proc\u00e8s de cinq personnes : Marie-Claire, avort\u00e9e clandestinement, son avorteuse et ses co inculp\u00e9es (sa m\u00e8re et ses amies). Aujourd\u2019hui, en 2012, le droit ...\" \/>\n<meta property=\"og:url\" content=\"https:\/\/sophiestalport.com\/index.php\/proces_bobigny_mylene_bonnet\/\" \/>\n<meta property=\"og:site_name\" content=\"Sophie Stalport\" \/>\n<meta property=\"article:modified_time\" content=\"2018-06-07T14:57:09+00:00\" \/>\n<meta name=\"twitter:card\" content=\"summary_large_image\" \/>\n<meta name=\"twitter:label1\" content=\"Dur\u00e9e de lecture estim\u00e9e\" \/>\n\t<meta name=\"twitter:data1\" content=\"2 minutes\" \/>\n<script type=\"application\/ld+json\" class=\"yoast-schema-graph\">{\"@context\":\"https:\/\/schema.org\",\"@graph\":[{\"@type\":\"WebPage\",\"@id\":\"https:\/\/sophiestalport.com\/index.php\/proces_bobigny_mylene_bonnet\/\",\"url\":\"https:\/\/sophiestalport.com\/index.php\/proces_bobigny_mylene_bonnet\/\",\"name\":\"Proc\u00e8s de Bobigny, 40 ans de libert\u00e9? - Sophie Stalport\",\"isPartOf\":{\"@id\":\"https:\/\/sophiestalport.com\/#website\"},\"datePublished\":\"2018-06-07T14:43:36+00:00\",\"dateModified\":\"2018-06-07T14:57:09+00:00\",\"breadcrumb\":{\"@id\":\"https:\/\/sophiestalport.com\/index.php\/proces_bobigny_mylene_bonnet\/#breadcrumb\"},\"inLanguage\":\"fr-FR\",\"potentialAction\":[{\"@type\":\"ReadAction\",\"target\":[\"https:\/\/sophiestalport.com\/index.php\/proces_bobigny_mylene_bonnet\/\"]}]},{\"@type\":\"BreadcrumbList\",\"@id\":\"https:\/\/sophiestalport.com\/index.php\/proces_bobigny_mylene_bonnet\/#breadcrumb\",\"itemListElement\":[{\"@type\":\"ListItem\",\"position\":1,\"name\":\"Home\",\"item\":\"https:\/\/sophiestalport.com\/\"},{\"@type\":\"ListItem\",\"position\":2,\"name\":\"Proc\u00e8s de Bobigny, 40 ans de libert\u00e9?\"}]},{\"@type\":\"WebSite\",\"@id\":\"https:\/\/sophiestalport.com\/#website\",\"url\":\"https:\/\/sophiestalport.com\/\",\"name\":\"Sophie Stalport\",\"description\":\"Com\u00e9dienne\",\"potentialAction\":[{\"@type\":\"SearchAction\",\"target\":{\"@type\":\"EntryPoint\",\"urlTemplate\":\"https:\/\/sophiestalport.com\/?s={search_term_string}\"},\"query-input\":\"required name=search_term_string\"}],\"inLanguage\":\"fr-FR\"}]}<\/script>\n<!-- \/ Yoast SEO plugin. -->","yoast_head_json":{"title":"Proc\u00e8s de Bobigny, 40 ans de libert\u00e9? - Sophie Stalport","robots":{"index":"index","follow":"follow","max-snippet":"max-snippet:-1","max-image-preview":"max-image-preview:large","max-video-preview":"max-video-preview:-1"},"canonical":"https:\/\/sophiestalport.com\/index.php\/proces_bobigny_mylene_bonnet\/","og_locale":"fr_FR","og_type":"article","og_title":"Proc\u00e8s de Bobigny, 40 ans de libert\u00e9? - Sophie Stalport","og_description":"DOCU TH\u00c9\u00c2TRE \/ 2012 Proc\u00e8s de Bobigny, 40 ans de libert\u00e9? Adaptation et mise en sc\u00e8ne Myl\u00e8ne Bonnet Marie-Claire a 16 ans quand elle se retrouve enceinte \u00e0 la suite d\u2019un viol. Elle refuse de devenir m\u00e8re dans ces conditions. Nous sommes en 1972, l\u2019avortement est interdit par la loi. Le Proc\u00e8s de Bobigny est le proc\u00e8s de cinq personnes : Marie-Claire, avort\u00e9e clandestinement, son avorteuse et ses co inculp\u00e9es (sa m\u00e8re et ses amies). Aujourd\u2019hui, en 2012, le droit ...","og_url":"https:\/\/sophiestalport.com\/index.php\/proces_bobigny_mylene_bonnet\/","og_site_name":"Sophie Stalport","article_modified_time":"2018-06-07T14:57:09+00:00","twitter_card":"summary_large_image","twitter_misc":{"Dur\u00e9e de lecture estim\u00e9e":"2 minutes"},"schema":{"@context":"https:\/\/schema.org","@graph":[{"@type":"WebPage","@id":"https:\/\/sophiestalport.com\/index.php\/proces_bobigny_mylene_bonnet\/","url":"https:\/\/sophiestalport.com\/index.php\/proces_bobigny_mylene_bonnet\/","name":"Proc\u00e8s de Bobigny, 40 ans de libert\u00e9? - Sophie Stalport","isPartOf":{"@id":"https:\/\/sophiestalport.com\/#website"},"datePublished":"2018-06-07T14:43:36+00:00","dateModified":"2018-06-07T14:57:09+00:00","breadcrumb":{"@id":"https:\/\/sophiestalport.com\/index.php\/proces_bobigny_mylene_bonnet\/#breadcrumb"},"inLanguage":"fr-FR","potentialAction":[{"@type":"ReadAction","target":["https:\/\/sophiestalport.com\/index.php\/proces_bobigny_mylene_bonnet\/"]}]},{"@type":"BreadcrumbList","@id":"https:\/\/sophiestalport.com\/index.php\/proces_bobigny_mylene_bonnet\/#breadcrumb","itemListElement":[{"@type":"ListItem","position":1,"name":"Home","item":"https:\/\/sophiestalport.com\/"},{"@type":"ListItem","position":2,"name":"Proc\u00e8s de Bobigny, 40 ans de libert\u00e9?"}]},{"@type":"WebSite","@id":"https:\/\/sophiestalport.com\/#website","url":"https:\/\/sophiestalport.com\/","name":"Sophie Stalport","description":"Com\u00e9dienne","potentialAction":[{"@type":"SearchAction","target":{"@type":"EntryPoint","urlTemplate":"https:\/\/sophiestalport.com\/?s={search_term_string}"},"query-input":"required name=search_term_string"}],"inLanguage":"fr-FR"}]}},"_links":{"self":[{"href":"https:\/\/sophiestalport.com\/index.php\/wp-json\/wp\/v2\/pages\/448"}],"collection":[{"href":"https:\/\/sophiestalport.com\/index.php\/wp-json\/wp\/v2\/pages"}],"about":[{"href":"https:\/\/sophiestalport.com\/index.php\/wp-json\/wp\/v2\/types\/page"}],"author":[{"embeddable":true,"href":"https:\/\/sophiestalport.com\/index.php\/wp-json\/wp\/v2\/users\/1"}],"replies":[{"embeddable":true,"href":"https:\/\/sophiestalport.com\/index.php\/wp-json\/wp\/v2\/comments?post=448"}],"version-history":[{"count":7,"href":"https:\/\/sophiestalport.com\/index.php\/wp-json\/wp\/v2\/pages\/448\/revisions"}],"predecessor-version":[{"id":459,"href":"https:\/\/sophiestalport.com\/index.php\/wp-json\/wp\/v2\/pages\/448\/revisions\/459"}],"wp:attachment":[{"href":"https:\/\/sophiestalport.com\/index.php\/wp-json\/wp\/v2\/media?parent=448"}],"curies":[{"name":"wp","href":"https:\/\/api.w.org\/{rel}","templated":true}]}}