{"id":436,"date":"2018-06-07T16:31:59","date_gmt":"2018-06-07T14:31:59","guid":{"rendered":"http:\/\/sophiestalport.com\/?page_id=436"},"modified":"2022-11-27T22:30:25","modified_gmt":"2022-11-27T21:30:25","slug":"les_vagues_woolf_van_der_meulen_classique","status":"publish","type":"page","link":"https:\/\/sophiestalport.com\/index.php\/les_vagues_woolf_van_der_meulen_classique\/","title":{"rendered":"Les vagues"},"content":{"rendered":"<div id=\"cs-content\" class=\"cs-content\"><\/div>\n","protected":false},"excerpt":{"rendered":"<p>Classique \/ 2003-2006 Les vagues de Virginia Woolf Adaptation th\u00e9\u00e2trale Yves Gasc Mise en sc\u00e8ne Herv\u00e9 van der Meulen Dans Les Vagues, Virginia Woolf relate la vie d\u2019un groupe de six amis qu\u2019elle conduit de l\u2019enfance \u00e0 l\u2019\u00e2ge adulte. Plus qu\u2019aux \u00e9v\u00e9nements ext\u00e9rieurs, elle s\u2019attache \u00e0 d\u00e9crire les mouvances, les contradictions que traversent le c\u0153ur et la raison de l\u2019homme\u00a0: illusions et d\u00e9sillusions, tendresse et cruaut\u00e9, recherche de la solitude et besoin des autres, d\u00e9sir de vie et d\u00e9sir de &#8230;<\/p>\n","protected":false},"author":1,"featured_media":0,"parent":0,"menu_order":0,"comment_status":"closed","ping_status":"closed","template":"","meta":[],"yoast_head":"<!-- This site is optimized with the Yoast SEO plugin v20.11 - https:\/\/yoast.com\/wordpress\/plugins\/seo\/ -->\n<title>Les vagues - Sophie Stalport<\/title>\n<meta name=\"robots\" content=\"index, follow, max-snippet:-1, max-image-preview:large, max-video-preview:-1\" \/>\n<link rel=\"canonical\" href=\"https:\/\/sophiestalport.com\/index.php\/les_vagues_woolf_van_der_meulen_classique\/\" \/>\n<meta property=\"og:locale\" content=\"fr_FR\" \/>\n<meta property=\"og:type\" content=\"article\" \/>\n<meta property=\"og:title\" content=\"Les vagues - Sophie Stalport\" \/>\n<meta property=\"og:description\" content=\"Classique \/ 2003-2006 Les vagues de Virginia Woolf Adaptation th\u00e9\u00e2trale Yves Gasc Mise en sc\u00e8ne Herv\u00e9 van der Meulen Dans Les Vagues, Virginia Woolf relate la vie d\u2019un groupe de six amis qu\u2019elle conduit de l\u2019enfance \u00e0 l\u2019\u00e2ge adulte. Plus qu\u2019aux \u00e9v\u00e9nements ext\u00e9rieurs, elle s\u2019attache \u00e0 d\u00e9crire les mouvances, les contradictions que traversent le c\u0153ur et la raison de l\u2019homme\u00a0: illusions et d\u00e9sillusions, tendresse et cruaut\u00e9, recherche de la solitude et besoin des autres, d\u00e9sir de vie et d\u00e9sir de ...\" \/>\n<meta property=\"og:url\" content=\"https:\/\/sophiestalport.com\/index.php\/les_vagues_woolf_van_der_meulen_classique\/\" \/>\n<meta property=\"og:site_name\" content=\"Sophie Stalport\" \/>\n<meta property=\"article:modified_time\" content=\"2022-11-27T21:30:25+00:00\" \/>\n<meta name=\"twitter:card\" content=\"summary_large_image\" \/>\n<meta name=\"twitter:label1\" content=\"Dur\u00e9e de lecture estim\u00e9e\" \/>\n\t<meta name=\"twitter:data1\" content=\"2 minutes\" \/>\n<script type=\"application\/ld+json\" class=\"yoast-schema-graph\">{\"@context\":\"https:\/\/schema.org\",\"@graph\":[{\"@type\":\"WebPage\",\"@id\":\"https:\/\/sophiestalport.com\/index.php\/les_vagues_woolf_van_der_meulen_classique\/\",\"url\":\"https:\/\/sophiestalport.com\/index.php\/les_vagues_woolf_van_der_meulen_classique\/\",\"name\":\"Les vagues - Sophie Stalport\",\"isPartOf\":{\"@id\":\"https:\/\/sophiestalport.com\/#website\"},\"datePublished\":\"2018-06-07T14:31:59+00:00\",\"dateModified\":\"2022-11-27T21:30:25+00:00\",\"breadcrumb\":{\"@id\":\"https:\/\/sophiestalport.com\/index.php\/les_vagues_woolf_van_der_meulen_classique\/#breadcrumb\"},\"inLanguage\":\"fr-FR\",\"potentialAction\":[{\"@type\":\"ReadAction\",\"target\":[\"https:\/\/sophiestalport.com\/index.php\/les_vagues_woolf_van_der_meulen_classique\/\"]}]},{\"@type\":\"BreadcrumbList\",\"@id\":\"https:\/\/sophiestalport.com\/index.php\/les_vagues_woolf_van_der_meulen_classique\/#breadcrumb\",\"itemListElement\":[{\"@type\":\"ListItem\",\"position\":1,\"name\":\"Home\",\"item\":\"https:\/\/sophiestalport.com\/\"},{\"@type\":\"ListItem\",\"position\":2,\"name\":\"Les vagues\"}]},{\"@type\":\"WebSite\",\"@id\":\"https:\/\/sophiestalport.com\/#website\",\"url\":\"https:\/\/sophiestalport.com\/\",\"name\":\"Sophie Stalport\",\"description\":\"Com\u00e9dienne\",\"potentialAction\":[{\"@type\":\"SearchAction\",\"target\":{\"@type\":\"EntryPoint\",\"urlTemplate\":\"https:\/\/sophiestalport.com\/?s={search_term_string}\"},\"query-input\":\"required name=search_term_string\"}],\"inLanguage\":\"fr-FR\"}]}<\/script>\n<!-- \/ Yoast SEO plugin. -->","yoast_head_json":{"title":"Les vagues - Sophie Stalport","robots":{"index":"index","follow":"follow","max-snippet":"max-snippet:-1","max-image-preview":"max-image-preview:large","max-video-preview":"max-video-preview:-1"},"canonical":"https:\/\/sophiestalport.com\/index.php\/les_vagues_woolf_van_der_meulen_classique\/","og_locale":"fr_FR","og_type":"article","og_title":"Les vagues - Sophie Stalport","og_description":"Classique \/ 2003-2006 Les vagues de Virginia Woolf Adaptation th\u00e9\u00e2trale Yves Gasc Mise en sc\u00e8ne Herv\u00e9 van der Meulen Dans Les Vagues, Virginia Woolf relate la vie d\u2019un groupe de six amis qu\u2019elle conduit de l\u2019enfance \u00e0 l\u2019\u00e2ge adulte. Plus qu\u2019aux \u00e9v\u00e9nements ext\u00e9rieurs, elle s\u2019attache \u00e0 d\u00e9crire les mouvances, les contradictions que traversent le c\u0153ur et la raison de l\u2019homme\u00a0: illusions et d\u00e9sillusions, tendresse et cruaut\u00e9, recherche de la solitude et besoin des autres, d\u00e9sir de vie et d\u00e9sir de ...","og_url":"https:\/\/sophiestalport.com\/index.php\/les_vagues_woolf_van_der_meulen_classique\/","og_site_name":"Sophie Stalport","article_modified_time":"2022-11-27T21:30:25+00:00","twitter_card":"summary_large_image","twitter_misc":{"Dur\u00e9e de lecture estim\u00e9e":"2 minutes"},"schema":{"@context":"https:\/\/schema.org","@graph":[{"@type":"WebPage","@id":"https:\/\/sophiestalport.com\/index.php\/les_vagues_woolf_van_der_meulen_classique\/","url":"https:\/\/sophiestalport.com\/index.php\/les_vagues_woolf_van_der_meulen_classique\/","name":"Les vagues - Sophie Stalport","isPartOf":{"@id":"https:\/\/sophiestalport.com\/#website"},"datePublished":"2018-06-07T14:31:59+00:00","dateModified":"2022-11-27T21:30:25+00:00","breadcrumb":{"@id":"https:\/\/sophiestalport.com\/index.php\/les_vagues_woolf_van_der_meulen_classique\/#breadcrumb"},"inLanguage":"fr-FR","potentialAction":[{"@type":"ReadAction","target":["https:\/\/sophiestalport.com\/index.php\/les_vagues_woolf_van_der_meulen_classique\/"]}]},{"@type":"BreadcrumbList","@id":"https:\/\/sophiestalport.com\/index.php\/les_vagues_woolf_van_der_meulen_classique\/#breadcrumb","itemListElement":[{"@type":"ListItem","position":1,"name":"Home","item":"https:\/\/sophiestalport.com\/"},{"@type":"ListItem","position":2,"name":"Les vagues"}]},{"@type":"WebSite","@id":"https:\/\/sophiestalport.com\/#website","url":"https:\/\/sophiestalport.com\/","name":"Sophie Stalport","description":"Com\u00e9dienne","potentialAction":[{"@type":"SearchAction","target":{"@type":"EntryPoint","urlTemplate":"https:\/\/sophiestalport.com\/?s={search_term_string}"},"query-input":"required name=search_term_string"}],"inLanguage":"fr-FR"}]}},"_links":{"self":[{"href":"https:\/\/sophiestalport.com\/index.php\/wp-json\/wp\/v2\/pages\/436"}],"collection":[{"href":"https:\/\/sophiestalport.com\/index.php\/wp-json\/wp\/v2\/pages"}],"about":[{"href":"https:\/\/sophiestalport.com\/index.php\/wp-json\/wp\/v2\/types\/page"}],"author":[{"embeddable":true,"href":"https:\/\/sophiestalport.com\/index.php\/wp-json\/wp\/v2\/users\/1"}],"replies":[{"embeddable":true,"href":"https:\/\/sophiestalport.com\/index.php\/wp-json\/wp\/v2\/comments?post=436"}],"version-history":[{"count":19,"href":"https:\/\/sophiestalport.com\/index.php\/wp-json\/wp\/v2\/pages\/436\/revisions"}],"predecessor-version":[{"id":1277,"href":"https:\/\/sophiestalport.com\/index.php\/wp-json\/wp\/v2\/pages\/436\/revisions\/1277"}],"wp:attachment":[{"href":"https:\/\/sophiestalport.com\/index.php\/wp-json\/wp\/v2\/media?parent=436"}],"curies":[{"name":"wp","href":"https:\/\/api.w.org\/{rel}","templated":true}]}}