{"id":418,"date":"2018-06-07T16:07:01","date_gmt":"2018-06-07T14:07:01","guid":{"rendered":"http:\/\/sophiestalport.com\/?page_id=418"},"modified":"2018-06-19T14:36:10","modified_gmt":"2018-06-19T12:36:10","slug":"le_petit_pinceau_de_klee_spectacle_art_enfants-2","status":"publish","type":"page","link":"https:\/\/sophiestalport.com\/index.php\/le_petit_pinceau_de_klee_spectacle_art_enfants-2\/","title":{"rendered":"Le petit pinceau de Klee"},"content":{"rendered":"<div id=\"cs-content\" class=\"cs-content\"><\/div>\n","protected":false},"excerpt":{"rendered":"<p>JEUNE PUBLIC &#8211; PETITE ENFANCE \/ Cr\u00e9ation 2012 Spectacle actuellement en tourn\u00e9e Le petit pinceau de Klee d\u2019Emmanuelle Marquis Mise en sc\u00e8ne collective Cr\u00e9dit photo Maud Cloix LE PETIT PINCEAU DE KLEE est une petite forme th\u00e9\u00e2trale pour les enfants \u00e0 partir de 18 mois&#8230; Calqu\u00e9 sur le rythme et les \u00e9motions des plus petits, ce spectacle est une porte d\u2019entr\u00e9e dans le monde de la peinture \u00e0 travers deux \u0153uvres de Paul Klee et Vassily Kandinsky. L\u2019histoire de \u00ab\u00a0Petit &#8230;<\/p>\n","protected":false},"author":1,"featured_media":0,"parent":0,"menu_order":0,"comment_status":"closed","ping_status":"closed","template":"","meta":[],"yoast_head":"<!-- This site is optimized with the Yoast SEO plugin v20.11 - https:\/\/yoast.com\/wordpress\/plugins\/seo\/ -->\n<title>Le petit pinceau de Klee - Sophie Stalport<\/title>\n<meta name=\"robots\" content=\"index, follow, max-snippet:-1, max-image-preview:large, max-video-preview:-1\" \/>\n<link rel=\"canonical\" href=\"https:\/\/sophiestalport.com\/index.php\/le_petit_pinceau_de_klee_spectacle_art_enfants-2\/\" \/>\n<meta property=\"og:locale\" content=\"fr_FR\" \/>\n<meta property=\"og:type\" content=\"article\" \/>\n<meta property=\"og:title\" content=\"Le petit pinceau de Klee - Sophie Stalport\" \/>\n<meta property=\"og:description\" content=\"JEUNE PUBLIC - PETITE ENFANCE \/ Cr\u00e9ation 2012 Spectacle actuellement en tourn\u00e9e Le petit pinceau de Klee d\u2019Emmanuelle Marquis Mise en sc\u00e8ne collective Cr\u00e9dit photo Maud Cloix LE PETIT PINCEAU DE KLEE est une petite forme th\u00e9\u00e2trale pour les enfants \u00e0 partir de 18 mois... Calqu\u00e9 sur le rythme et les \u00e9motions des plus petits, ce spectacle est une porte d\u2019entr\u00e9e dans le monde de la peinture \u00e0 travers deux \u0153uvres de Paul Klee et Vassily Kandinsky. L\u2019histoire de &quot;Petit ...\" \/>\n<meta property=\"og:url\" content=\"https:\/\/sophiestalport.com\/index.php\/le_petit_pinceau_de_klee_spectacle_art_enfants-2\/\" \/>\n<meta property=\"og:site_name\" content=\"Sophie Stalport\" \/>\n<meta property=\"article:modified_time\" content=\"2018-06-19T12:36:10+00:00\" \/>\n<meta name=\"twitter:card\" content=\"summary_large_image\" \/>\n<meta name=\"twitter:label1\" content=\"Dur\u00e9e de lecture estim\u00e9e\" \/>\n\t<meta name=\"twitter:data1\" content=\"3 minutes\" \/>\n<script type=\"application\/ld+json\" class=\"yoast-schema-graph\">{\"@context\":\"https:\/\/schema.org\",\"@graph\":[{\"@type\":\"WebPage\",\"@id\":\"https:\/\/sophiestalport.com\/index.php\/le_petit_pinceau_de_klee_spectacle_art_enfants-2\/\",\"url\":\"https:\/\/sophiestalport.com\/index.php\/le_petit_pinceau_de_klee_spectacle_art_enfants-2\/\",\"name\":\"Le petit pinceau de Klee - Sophie Stalport\",\"isPartOf\":{\"@id\":\"https:\/\/sophiestalport.com\/#website\"},\"datePublished\":\"2018-06-07T14:07:01+00:00\",\"dateModified\":\"2018-06-19T12:36:10+00:00\",\"breadcrumb\":{\"@id\":\"https:\/\/sophiestalport.com\/index.php\/le_petit_pinceau_de_klee_spectacle_art_enfants-2\/#breadcrumb\"},\"inLanguage\":\"fr-FR\",\"potentialAction\":[{\"@type\":\"ReadAction\",\"target\":[\"https:\/\/sophiestalport.com\/index.php\/le_petit_pinceau_de_klee_spectacle_art_enfants-2\/\"]}]},{\"@type\":\"BreadcrumbList\",\"@id\":\"https:\/\/sophiestalport.com\/index.php\/le_petit_pinceau_de_klee_spectacle_art_enfants-2\/#breadcrumb\",\"itemListElement\":[{\"@type\":\"ListItem\",\"position\":1,\"name\":\"Home\",\"item\":\"https:\/\/sophiestalport.com\/\"},{\"@type\":\"ListItem\",\"position\":2,\"name\":\"Le petit pinceau de Klee\"}]},{\"@type\":\"WebSite\",\"@id\":\"https:\/\/sophiestalport.com\/#website\",\"url\":\"https:\/\/sophiestalport.com\/\",\"name\":\"Sophie Stalport\",\"description\":\"Com\u00e9dienne\",\"potentialAction\":[{\"@type\":\"SearchAction\",\"target\":{\"@type\":\"EntryPoint\",\"urlTemplate\":\"https:\/\/sophiestalport.com\/?s={search_term_string}\"},\"query-input\":\"required name=search_term_string\"}],\"inLanguage\":\"fr-FR\"}]}<\/script>\n<!-- \/ Yoast SEO plugin. -->","yoast_head_json":{"title":"Le petit pinceau de Klee - Sophie Stalport","robots":{"index":"index","follow":"follow","max-snippet":"max-snippet:-1","max-image-preview":"max-image-preview:large","max-video-preview":"max-video-preview:-1"},"canonical":"https:\/\/sophiestalport.com\/index.php\/le_petit_pinceau_de_klee_spectacle_art_enfants-2\/","og_locale":"fr_FR","og_type":"article","og_title":"Le petit pinceau de Klee - Sophie Stalport","og_description":"JEUNE PUBLIC - PETITE ENFANCE \/ Cr\u00e9ation 2012 Spectacle actuellement en tourn\u00e9e Le petit pinceau de Klee d\u2019Emmanuelle Marquis Mise en sc\u00e8ne collective Cr\u00e9dit photo Maud Cloix LE PETIT PINCEAU DE KLEE est une petite forme th\u00e9\u00e2trale pour les enfants \u00e0 partir de 18 mois... Calqu\u00e9 sur le rythme et les \u00e9motions des plus petits, ce spectacle est une porte d\u2019entr\u00e9e dans le monde de la peinture \u00e0 travers deux \u0153uvres de Paul Klee et Vassily Kandinsky. L\u2019histoire de \"Petit ...","og_url":"https:\/\/sophiestalport.com\/index.php\/le_petit_pinceau_de_klee_spectacle_art_enfants-2\/","og_site_name":"Sophie Stalport","article_modified_time":"2018-06-19T12:36:10+00:00","twitter_card":"summary_large_image","twitter_misc":{"Dur\u00e9e de lecture estim\u00e9e":"3 minutes"},"schema":{"@context":"https:\/\/schema.org","@graph":[{"@type":"WebPage","@id":"https:\/\/sophiestalport.com\/index.php\/le_petit_pinceau_de_klee_spectacle_art_enfants-2\/","url":"https:\/\/sophiestalport.com\/index.php\/le_petit_pinceau_de_klee_spectacle_art_enfants-2\/","name":"Le petit pinceau de Klee - Sophie Stalport","isPartOf":{"@id":"https:\/\/sophiestalport.com\/#website"},"datePublished":"2018-06-07T14:07:01+00:00","dateModified":"2018-06-19T12:36:10+00:00","breadcrumb":{"@id":"https:\/\/sophiestalport.com\/index.php\/le_petit_pinceau_de_klee_spectacle_art_enfants-2\/#breadcrumb"},"inLanguage":"fr-FR","potentialAction":[{"@type":"ReadAction","target":["https:\/\/sophiestalport.com\/index.php\/le_petit_pinceau_de_klee_spectacle_art_enfants-2\/"]}]},{"@type":"BreadcrumbList","@id":"https:\/\/sophiestalport.com\/index.php\/le_petit_pinceau_de_klee_spectacle_art_enfants-2\/#breadcrumb","itemListElement":[{"@type":"ListItem","position":1,"name":"Home","item":"https:\/\/sophiestalport.com\/"},{"@type":"ListItem","position":2,"name":"Le petit pinceau de Klee"}]},{"@type":"WebSite","@id":"https:\/\/sophiestalport.com\/#website","url":"https:\/\/sophiestalport.com\/","name":"Sophie Stalport","description":"Com\u00e9dienne","potentialAction":[{"@type":"SearchAction","target":{"@type":"EntryPoint","urlTemplate":"https:\/\/sophiestalport.com\/?s={search_term_string}"},"query-input":"required name=search_term_string"}],"inLanguage":"fr-FR"}]}},"_links":{"self":[{"href":"https:\/\/sophiestalport.com\/index.php\/wp-json\/wp\/v2\/pages\/418"}],"collection":[{"href":"https:\/\/sophiestalport.com\/index.php\/wp-json\/wp\/v2\/pages"}],"about":[{"href":"https:\/\/sophiestalport.com\/index.php\/wp-json\/wp\/v2\/types\/page"}],"author":[{"embeddable":true,"href":"https:\/\/sophiestalport.com\/index.php\/wp-json\/wp\/v2\/users\/1"}],"replies":[{"embeddable":true,"href":"https:\/\/sophiestalport.com\/index.php\/wp-json\/wp\/v2\/comments?post=418"}],"version-history":[{"count":10,"href":"https:\/\/sophiestalport.com\/index.php\/wp-json\/wp\/v2\/pages\/418\/revisions"}],"predecessor-version":[{"id":815,"href":"https:\/\/sophiestalport.com\/index.php\/wp-json\/wp\/v2\/pages\/418\/revisions\/815"}],"wp:attachment":[{"href":"https:\/\/sophiestalport.com\/index.php\/wp-json\/wp\/v2\/media?parent=418"}],"curies":[{"name":"wp","href":"https:\/\/api.w.org\/{rel}","templated":true}]}}