{"id":214,"date":"2018-06-01T16:28:38","date_gmt":"2018-06-01T14:28:38","guid":{"rendered":"http:\/\/sophiestalport.com\/?page_id=214"},"modified":"2018-06-19T14:50:18","modified_gmt":"2018-06-19T12:50:18","slug":"les_culs_de_plomb-2","status":"publish","type":"page","link":"https:\/\/sophiestalport.com\/index.php\/les_culs_de_plomb-2\/","title":{"rendered":"Les culs de plomb"},"content":{"rendered":"<div id=\"cs-content\" class=\"cs-content\"><\/div>\n","protected":false},"excerpt":{"rendered":"<p>CONTEMPORAIN \/ 2012-2017 LES CULS DE PLOMB De Hugo Paviot Mise en sc\u00e8ne de l\u2019auteur Alex devient myst\u00e9rieusement autiste. Emmur\u00e9 dans une passion in\u00e9dite pour l\u2019astrophysique, il d\u00e9couvre mentalement l\u2019existence d\u2019une nouvelle plan\u00e8te et s\u2019enfuit de la clinique o\u00f9 il s\u00e9journe. Sa fianc\u00e9e Delphine l\u2019accompagne dans un voyage qui les conduira jusqu\u2019au d\u00e9sert alg\u00e9rien o\u00f9 une vieille femme \u00e0 la peau br\u00fbl\u00e9e par le soleil implore en chantant la vengeance de Dieu. L\u2019assistante sociale de la clinique, Claire Martin s\u2019interroge &#8230;<\/p>\n","protected":false},"author":1,"featured_media":0,"parent":0,"menu_order":0,"comment_status":"closed","ping_status":"closed","template":"","meta":[],"yoast_head":"<!-- This site is optimized with the Yoast SEO plugin v20.11 - https:\/\/yoast.com\/wordpress\/plugins\/seo\/ -->\n<title>Les culs de plomb - Sophie Stalport<\/title>\n<meta name=\"robots\" content=\"index, follow, max-snippet:-1, max-image-preview:large, max-video-preview:-1\" \/>\n<link rel=\"canonical\" href=\"https:\/\/sophiestalport.com\/index.php\/les_culs_de_plomb-2\/\" \/>\n<meta property=\"og:locale\" content=\"fr_FR\" \/>\n<meta property=\"og:type\" content=\"article\" \/>\n<meta property=\"og:title\" content=\"Les culs de plomb - Sophie Stalport\" \/>\n<meta property=\"og:description\" content=\"CONTEMPORAIN \/ 2012-2017 LES CULS DE PLOMB De Hugo Paviot Mise en sc\u00e8ne de l\u2019auteur Alex devient myst\u00e9rieusement autiste. Emmur\u00e9 dans une passion in\u00e9dite pour l\u2019astrophysique, il d\u00e9couvre mentalement l\u2019existence d\u2019une nouvelle plan\u00e8te et s\u2019enfuit de la clinique o\u00f9 il s\u00e9journe. Sa fianc\u00e9e Delphine l\u2019accompagne dans un voyage qui les conduira jusqu\u2019au d\u00e9sert alg\u00e9rien o\u00f9 une vieille femme \u00e0 la peau br\u00fbl\u00e9e par le soleil implore en chantant la vengeance de Dieu. L\u2019assistante sociale de la clinique, Claire Martin s\u2019interroge ...\" \/>\n<meta property=\"og:url\" content=\"https:\/\/sophiestalport.com\/index.php\/les_culs_de_plomb-2\/\" \/>\n<meta property=\"og:site_name\" content=\"Sophie Stalport\" \/>\n<meta property=\"article:modified_time\" content=\"2018-06-19T12:50:18+00:00\" \/>\n<meta name=\"twitter:card\" content=\"summary_large_image\" \/>\n<meta name=\"twitter:label1\" content=\"Dur\u00e9e de lecture estim\u00e9e\" \/>\n\t<meta name=\"twitter:data1\" content=\"2 minutes\" \/>\n<script type=\"application\/ld+json\" class=\"yoast-schema-graph\">{\"@context\":\"https:\/\/schema.org\",\"@graph\":[{\"@type\":\"WebPage\",\"@id\":\"https:\/\/sophiestalport.com\/index.php\/les_culs_de_plomb-2\/\",\"url\":\"https:\/\/sophiestalport.com\/index.php\/les_culs_de_plomb-2\/\",\"name\":\"Les culs de plomb - Sophie Stalport\",\"isPartOf\":{\"@id\":\"https:\/\/sophiestalport.com\/#website\"},\"datePublished\":\"2018-06-01T14:28:38+00:00\",\"dateModified\":\"2018-06-19T12:50:18+00:00\",\"breadcrumb\":{\"@id\":\"https:\/\/sophiestalport.com\/index.php\/les_culs_de_plomb-2\/#breadcrumb\"},\"inLanguage\":\"fr-FR\",\"potentialAction\":[{\"@type\":\"ReadAction\",\"target\":[\"https:\/\/sophiestalport.com\/index.php\/les_culs_de_plomb-2\/\"]}]},{\"@type\":\"BreadcrumbList\",\"@id\":\"https:\/\/sophiestalport.com\/index.php\/les_culs_de_plomb-2\/#breadcrumb\",\"itemListElement\":[{\"@type\":\"ListItem\",\"position\":1,\"name\":\"Home\",\"item\":\"https:\/\/sophiestalport.com\/\"},{\"@type\":\"ListItem\",\"position\":2,\"name\":\"Les culs de plomb\"}]},{\"@type\":\"WebSite\",\"@id\":\"https:\/\/sophiestalport.com\/#website\",\"url\":\"https:\/\/sophiestalport.com\/\",\"name\":\"Sophie Stalport\",\"description\":\"Com\u00e9dienne\",\"potentialAction\":[{\"@type\":\"SearchAction\",\"target\":{\"@type\":\"EntryPoint\",\"urlTemplate\":\"https:\/\/sophiestalport.com\/?s={search_term_string}\"},\"query-input\":\"required name=search_term_string\"}],\"inLanguage\":\"fr-FR\"}]}<\/script>\n<!-- \/ Yoast SEO plugin. -->","yoast_head_json":{"title":"Les culs de plomb - Sophie Stalport","robots":{"index":"index","follow":"follow","max-snippet":"max-snippet:-1","max-image-preview":"max-image-preview:large","max-video-preview":"max-video-preview:-1"},"canonical":"https:\/\/sophiestalport.com\/index.php\/les_culs_de_plomb-2\/","og_locale":"fr_FR","og_type":"article","og_title":"Les culs de plomb - Sophie Stalport","og_description":"CONTEMPORAIN \/ 2012-2017 LES CULS DE PLOMB De Hugo Paviot Mise en sc\u00e8ne de l\u2019auteur Alex devient myst\u00e9rieusement autiste. Emmur\u00e9 dans une passion in\u00e9dite pour l\u2019astrophysique, il d\u00e9couvre mentalement l\u2019existence d\u2019une nouvelle plan\u00e8te et s\u2019enfuit de la clinique o\u00f9 il s\u00e9journe. Sa fianc\u00e9e Delphine l\u2019accompagne dans un voyage qui les conduira jusqu\u2019au d\u00e9sert alg\u00e9rien o\u00f9 une vieille femme \u00e0 la peau br\u00fbl\u00e9e par le soleil implore en chantant la vengeance de Dieu. L\u2019assistante sociale de la clinique, Claire Martin s\u2019interroge ...","og_url":"https:\/\/sophiestalport.com\/index.php\/les_culs_de_plomb-2\/","og_site_name":"Sophie Stalport","article_modified_time":"2018-06-19T12:50:18+00:00","twitter_card":"summary_large_image","twitter_misc":{"Dur\u00e9e de lecture estim\u00e9e":"2 minutes"},"schema":{"@context":"https:\/\/schema.org","@graph":[{"@type":"WebPage","@id":"https:\/\/sophiestalport.com\/index.php\/les_culs_de_plomb-2\/","url":"https:\/\/sophiestalport.com\/index.php\/les_culs_de_plomb-2\/","name":"Les culs de plomb - Sophie Stalport","isPartOf":{"@id":"https:\/\/sophiestalport.com\/#website"},"datePublished":"2018-06-01T14:28:38+00:00","dateModified":"2018-06-19T12:50:18+00:00","breadcrumb":{"@id":"https:\/\/sophiestalport.com\/index.php\/les_culs_de_plomb-2\/#breadcrumb"},"inLanguage":"fr-FR","potentialAction":[{"@type":"ReadAction","target":["https:\/\/sophiestalport.com\/index.php\/les_culs_de_plomb-2\/"]}]},{"@type":"BreadcrumbList","@id":"https:\/\/sophiestalport.com\/index.php\/les_culs_de_plomb-2\/#breadcrumb","itemListElement":[{"@type":"ListItem","position":1,"name":"Home","item":"https:\/\/sophiestalport.com\/"},{"@type":"ListItem","position":2,"name":"Les culs de plomb"}]},{"@type":"WebSite","@id":"https:\/\/sophiestalport.com\/#website","url":"https:\/\/sophiestalport.com\/","name":"Sophie Stalport","description":"Com\u00e9dienne","potentialAction":[{"@type":"SearchAction","target":{"@type":"EntryPoint","urlTemplate":"https:\/\/sophiestalport.com\/?s={search_term_string}"},"query-input":"required name=search_term_string"}],"inLanguage":"fr-FR"}]}},"_links":{"self":[{"href":"https:\/\/sophiestalport.com\/index.php\/wp-json\/wp\/v2\/pages\/214"}],"collection":[{"href":"https:\/\/sophiestalport.com\/index.php\/wp-json\/wp\/v2\/pages"}],"about":[{"href":"https:\/\/sophiestalport.com\/index.php\/wp-json\/wp\/v2\/types\/page"}],"author":[{"embeddable":true,"href":"https:\/\/sophiestalport.com\/index.php\/wp-json\/wp\/v2\/users\/1"}],"replies":[{"embeddable":true,"href":"https:\/\/sophiestalport.com\/index.php\/wp-json\/wp\/v2\/comments?post=214"}],"version-history":[{"count":27,"href":"https:\/\/sophiestalport.com\/index.php\/wp-json\/wp\/v2\/pages\/214\/revisions"}],"predecessor-version":[{"id":823,"href":"https:\/\/sophiestalport.com\/index.php\/wp-json\/wp\/v2\/pages\/214\/revisions\/823"}],"wp:attachment":[{"href":"https:\/\/sophiestalport.com\/index.php\/wp-json\/wp\/v2\/media?parent=214"}],"curies":[{"name":"wp","href":"https:\/\/api.w.org\/{rel}","templated":true}]}}