{"id":203,"date":"2018-06-01T15:55:17","date_gmt":"2018-06-01T13:55:17","guid":{"rendered":"http:\/\/sophiestalport.com\/?page_id=203"},"modified":"2018-06-03T15:33:13","modified_gmt":"2018-06-03T13:33:13","slug":"alice-au-pays-des-merveilles","status":"publish","type":"page","link":"https:\/\/sophiestalport.com\/index.php\/alice-au-pays-des-merveilles\/","title":{"rendered":"Alice au pays des merveilles"},"content":{"rendered":"<div id=\"cs-content\" class=\"cs-content\"><\/div>\n","protected":false},"excerpt":{"rendered":"<p>TH\u00c9\u00c2TRE MUSICAL \/2018 Alice au pays des merveilles de Florent Nagel Mise en sc\u00e8ne Emmanuelle Marquis ALICE AU PAYS DES MERVEILLES est un conte musical compos\u00e9 en 2012 par Florent Nagel d\u2019apr\u00e8s la premi\u00e8re traduction fran\u00e7aise du roman de Lewis Carroll. Une partition pour voix parl\u00e9e et piano \u00e0 quatre mains qui emm\u00e8ne petits et grands \u00e0 partir de 7 ans au c\u0153ur des aventures d\u2019Alice, \u00e0 cet endroit du conte o\u00f9 le r\u00e9el, le r\u00eave et l\u2019imaginaire s\u2019entrem\u00ealent. \u00ab &#8230;<\/p>\n","protected":false},"author":1,"featured_media":0,"parent":0,"menu_order":0,"comment_status":"closed","ping_status":"closed","template":"","meta":[],"yoast_head":"<!-- This site is optimized with the Yoast SEO plugin v20.11 - https:\/\/yoast.com\/wordpress\/plugins\/seo\/ -->\n<title>Alice au pays des merveilles - Sophie Stalport<\/title>\n<meta name=\"robots\" content=\"index, follow, max-snippet:-1, max-image-preview:large, max-video-preview:-1\" \/>\n<link rel=\"canonical\" href=\"https:\/\/sophiestalport.com\/index.php\/alice-au-pays-des-merveilles\/\" \/>\n<meta property=\"og:locale\" content=\"fr_FR\" \/>\n<meta property=\"og:type\" content=\"article\" \/>\n<meta property=\"og:title\" content=\"Alice au pays des merveilles - Sophie Stalport\" \/>\n<meta property=\"og:description\" content=\"TH\u00c9\u00c2TRE MUSICAL \/2018 Alice au pays des merveilles de Florent Nagel Mise en sc\u00e8ne Emmanuelle Marquis ALICE AU PAYS DES MERVEILLES est un conte musical compos\u00e9 en 2012 par Florent Nagel d\u2019apr\u00e8s la premi\u00e8re traduction fran\u00e7aise du roman de Lewis Carroll. Une partition pour voix parl\u00e9e et piano \u00e0 quatre mains qui emm\u00e8ne petits et grands \u00e0 partir de 7 ans au c\u0153ur des aventures d\u2019Alice, \u00e0 cet endroit du conte o\u00f9 le r\u00e9el, le r\u00eave et l\u2019imaginaire s\u2019entrem\u00ealent. \u00ab ...\" \/>\n<meta property=\"og:url\" content=\"https:\/\/sophiestalport.com\/index.php\/alice-au-pays-des-merveilles\/\" \/>\n<meta property=\"og:site_name\" content=\"Sophie Stalport\" \/>\n<meta property=\"article:modified_time\" content=\"2018-06-03T13:33:13+00:00\" \/>\n<meta name=\"twitter:card\" content=\"summary_large_image\" \/>\n<meta name=\"twitter:label1\" content=\"Dur\u00e9e de lecture estim\u00e9e\" \/>\n\t<meta name=\"twitter:data1\" content=\"2 minutes\" \/>\n<script type=\"application\/ld+json\" class=\"yoast-schema-graph\">{\"@context\":\"https:\/\/schema.org\",\"@graph\":[{\"@type\":\"WebPage\",\"@id\":\"https:\/\/sophiestalport.com\/index.php\/alice-au-pays-des-merveilles\/\",\"url\":\"https:\/\/sophiestalport.com\/index.php\/alice-au-pays-des-merveilles\/\",\"name\":\"Alice au pays des merveilles - Sophie Stalport\",\"isPartOf\":{\"@id\":\"https:\/\/sophiestalport.com\/#website\"},\"datePublished\":\"2018-06-01T13:55:17+00:00\",\"dateModified\":\"2018-06-03T13:33:13+00:00\",\"breadcrumb\":{\"@id\":\"https:\/\/sophiestalport.com\/index.php\/alice-au-pays-des-merveilles\/#breadcrumb\"},\"inLanguage\":\"fr-FR\",\"potentialAction\":[{\"@type\":\"ReadAction\",\"target\":[\"https:\/\/sophiestalport.com\/index.php\/alice-au-pays-des-merveilles\/\"]}]},{\"@type\":\"BreadcrumbList\",\"@id\":\"https:\/\/sophiestalport.com\/index.php\/alice-au-pays-des-merveilles\/#breadcrumb\",\"itemListElement\":[{\"@type\":\"ListItem\",\"position\":1,\"name\":\"Home\",\"item\":\"https:\/\/sophiestalport.com\/\"},{\"@type\":\"ListItem\",\"position\":2,\"name\":\"Alice au pays des merveilles\"}]},{\"@type\":\"WebSite\",\"@id\":\"https:\/\/sophiestalport.com\/#website\",\"url\":\"https:\/\/sophiestalport.com\/\",\"name\":\"Sophie Stalport\",\"description\":\"Com\u00e9dienne\",\"potentialAction\":[{\"@type\":\"SearchAction\",\"target\":{\"@type\":\"EntryPoint\",\"urlTemplate\":\"https:\/\/sophiestalport.com\/?s={search_term_string}\"},\"query-input\":\"required name=search_term_string\"}],\"inLanguage\":\"fr-FR\"}]}<\/script>\n<!-- \/ Yoast SEO plugin. -->","yoast_head_json":{"title":"Alice au pays des merveilles - Sophie Stalport","robots":{"index":"index","follow":"follow","max-snippet":"max-snippet:-1","max-image-preview":"max-image-preview:large","max-video-preview":"max-video-preview:-1"},"canonical":"https:\/\/sophiestalport.com\/index.php\/alice-au-pays-des-merveilles\/","og_locale":"fr_FR","og_type":"article","og_title":"Alice au pays des merveilles - Sophie Stalport","og_description":"TH\u00c9\u00c2TRE MUSICAL \/2018 Alice au pays des merveilles de Florent Nagel Mise en sc\u00e8ne Emmanuelle Marquis ALICE AU PAYS DES MERVEILLES est un conte musical compos\u00e9 en 2012 par Florent Nagel d\u2019apr\u00e8s la premi\u00e8re traduction fran\u00e7aise du roman de Lewis Carroll. Une partition pour voix parl\u00e9e et piano \u00e0 quatre mains qui emm\u00e8ne petits et grands \u00e0 partir de 7 ans au c\u0153ur des aventures d\u2019Alice, \u00e0 cet endroit du conte o\u00f9 le r\u00e9el, le r\u00eave et l\u2019imaginaire s\u2019entrem\u00ealent. \u00ab ...","og_url":"https:\/\/sophiestalport.com\/index.php\/alice-au-pays-des-merveilles\/","og_site_name":"Sophie Stalport","article_modified_time":"2018-06-03T13:33:13+00:00","twitter_card":"summary_large_image","twitter_misc":{"Dur\u00e9e de lecture estim\u00e9e":"2 minutes"},"schema":{"@context":"https:\/\/schema.org","@graph":[{"@type":"WebPage","@id":"https:\/\/sophiestalport.com\/index.php\/alice-au-pays-des-merveilles\/","url":"https:\/\/sophiestalport.com\/index.php\/alice-au-pays-des-merveilles\/","name":"Alice au pays des merveilles - Sophie Stalport","isPartOf":{"@id":"https:\/\/sophiestalport.com\/#website"},"datePublished":"2018-06-01T13:55:17+00:00","dateModified":"2018-06-03T13:33:13+00:00","breadcrumb":{"@id":"https:\/\/sophiestalport.com\/index.php\/alice-au-pays-des-merveilles\/#breadcrumb"},"inLanguage":"fr-FR","potentialAction":[{"@type":"ReadAction","target":["https:\/\/sophiestalport.com\/index.php\/alice-au-pays-des-merveilles\/"]}]},{"@type":"BreadcrumbList","@id":"https:\/\/sophiestalport.com\/index.php\/alice-au-pays-des-merveilles\/#breadcrumb","itemListElement":[{"@type":"ListItem","position":1,"name":"Home","item":"https:\/\/sophiestalport.com\/"},{"@type":"ListItem","position":2,"name":"Alice au pays des merveilles"}]},{"@type":"WebSite","@id":"https:\/\/sophiestalport.com\/#website","url":"https:\/\/sophiestalport.com\/","name":"Sophie Stalport","description":"Com\u00e9dienne","potentialAction":[{"@type":"SearchAction","target":{"@type":"EntryPoint","urlTemplate":"https:\/\/sophiestalport.com\/?s={search_term_string}"},"query-input":"required name=search_term_string"}],"inLanguage":"fr-FR"}]}},"_links":{"self":[{"href":"https:\/\/sophiestalport.com\/index.php\/wp-json\/wp\/v2\/pages\/203"}],"collection":[{"href":"https:\/\/sophiestalport.com\/index.php\/wp-json\/wp\/v2\/pages"}],"about":[{"href":"https:\/\/sophiestalport.com\/index.php\/wp-json\/wp\/v2\/types\/page"}],"author":[{"embeddable":true,"href":"https:\/\/sophiestalport.com\/index.php\/wp-json\/wp\/v2\/users\/1"}],"replies":[{"embeddable":true,"href":"https:\/\/sophiestalport.com\/index.php\/wp-json\/wp\/v2\/comments?post=203"}],"version-history":[{"count":8,"href":"https:\/\/sophiestalport.com\/index.php\/wp-json\/wp\/v2\/pages\/203\/revisions"}],"predecessor-version":[{"id":378,"href":"https:\/\/sophiestalport.com\/index.php\/wp-json\/wp\/v2\/pages\/203\/revisions\/378"}],"wp:attachment":[{"href":"https:\/\/sophiestalport.com\/index.php\/wp-json\/wp\/v2\/media?parent=203"}],"curies":[{"name":"wp","href":"https:\/\/api.w.org\/{rel}","templated":true}]}}