{"id":197,"date":"2018-06-01T15:44:59","date_gmt":"2018-06-01T13:44:59","guid":{"rendered":"http:\/\/sophiestalport.com\/?page_id=197"},"modified":"2019-07-18T14:53:58","modified_gmt":"2019-07-18T12:53:58","slug":"theatre","status":"publish","type":"page","link":"https:\/\/sophiestalport.com\/index.php\/theatre\/","title":{"rendered":"Th\u00e9\u00e2tre"},"content":{"rendered":"<div id=\"cs-content\" class=\"cs-content\"><\/div>\n","protected":false},"excerpt":{"rendered":"<p>Th\u00e9\u00e2treDu plus r\u00e9cent aux plus anciens, je vous invite \u00e0 cliquer sur les images pour d\u00e9couvrir les d\u00e9tails de chaque spectacle. Alice au pays des merveillesde Florent nagelLes culs de plombMise en sc\u00e8ne hugo paviotMatisse ou la danse du lionCompagnie Carr\u00e9 blanc sur fond bleuLe petit pinceau de KleeCompagnie Carr\u00e9 blanc sur fond bleuL&rsquo;\u00e9change (1\u00e8re version)Mise en sc\u00e8ne Herv\u00e9 van der meulenLes VaguesMise en sc\u00e8ne Herv\u00e9 van der meulenProc\u00e8s de BobignyMise en sc\u00e8ne Myl\u00e8ne BonnetSarah GreatMise en sc\u00e8ne Mathieu LoiseauJulie &#8230;<\/p>\n","protected":false},"author":1,"featured_media":0,"parent":0,"menu_order":0,"comment_status":"closed","ping_status":"closed","template":"","meta":[],"yoast_head":"<!-- This site is optimized with the Yoast SEO plugin v20.11 - https:\/\/yoast.com\/wordpress\/plugins\/seo\/ -->\n<title>Th\u00e9\u00e2tre - Sophie Stalport<\/title>\n<meta name=\"robots\" content=\"index, follow, max-snippet:-1, max-image-preview:large, max-video-preview:-1\" \/>\n<link rel=\"canonical\" href=\"https:\/\/sophiestalport.com\/index.php\/theatre\/\" \/>\n<meta property=\"og:locale\" content=\"fr_FR\" \/>\n<meta property=\"og:type\" content=\"article\" \/>\n<meta property=\"og:title\" content=\"Th\u00e9\u00e2tre - Sophie Stalport\" \/>\n<meta property=\"og:description\" content=\"Th\u00e9\u00e2treDu plus r\u00e9cent aux plus anciens, je vous invite \u00e0 cliquer sur les images pour d\u00e9couvrir les d\u00e9tails de chaque spectacle. Alice au pays des merveillesde Florent nagelLes culs de plombMise en sc\u00e8ne hugo paviotMatisse ou la danse du lionCompagnie Carr\u00e9 blanc sur fond bleuLe petit pinceau de KleeCompagnie Carr\u00e9 blanc sur fond bleuL&#039;\u00e9change (1\u00e8re version)Mise en sc\u00e8ne Herv\u00e9 van der meulenLes VaguesMise en sc\u00e8ne Herv\u00e9 van der meulenProc\u00e8s de BobignyMise en sc\u00e8ne Myl\u00e8ne BonnetSarah GreatMise en sc\u00e8ne Mathieu LoiseauJulie ...\" \/>\n<meta property=\"og:url\" content=\"https:\/\/sophiestalport.com\/index.php\/theatre\/\" \/>\n<meta property=\"og:site_name\" content=\"Sophie Stalport\" \/>\n<meta property=\"article:modified_time\" content=\"2019-07-18T12:53:58+00:00\" \/>\n<meta name=\"twitter:card\" content=\"summary_large_image\" \/>\n<meta name=\"twitter:label1\" content=\"Dur\u00e9e de lecture estim\u00e9e\" \/>\n\t<meta name=\"twitter:data1\" content=\"6 minutes\" \/>\n<script type=\"application\/ld+json\" class=\"yoast-schema-graph\">{\"@context\":\"https:\/\/schema.org\",\"@graph\":[{\"@type\":\"WebPage\",\"@id\":\"https:\/\/sophiestalport.com\/index.php\/theatre\/\",\"url\":\"https:\/\/sophiestalport.com\/index.php\/theatre\/\",\"name\":\"Th\u00e9\u00e2tre - Sophie Stalport\",\"isPartOf\":{\"@id\":\"https:\/\/sophiestalport.com\/#website\"},\"datePublished\":\"2018-06-01T13:44:59+00:00\",\"dateModified\":\"2019-07-18T12:53:58+00:00\",\"breadcrumb\":{\"@id\":\"https:\/\/sophiestalport.com\/index.php\/theatre\/#breadcrumb\"},\"inLanguage\":\"fr-FR\",\"potentialAction\":[{\"@type\":\"ReadAction\",\"target\":[\"https:\/\/sophiestalport.com\/index.php\/theatre\/\"]}]},{\"@type\":\"BreadcrumbList\",\"@id\":\"https:\/\/sophiestalport.com\/index.php\/theatre\/#breadcrumb\",\"itemListElement\":[{\"@type\":\"ListItem\",\"position\":1,\"name\":\"Home\",\"item\":\"https:\/\/sophiestalport.com\/\"},{\"@type\":\"ListItem\",\"position\":2,\"name\":\"Th\u00e9\u00e2tre\"}]},{\"@type\":\"WebSite\",\"@id\":\"https:\/\/sophiestalport.com\/#website\",\"url\":\"https:\/\/sophiestalport.com\/\",\"name\":\"Sophie Stalport\",\"description\":\"Com\u00e9dienne\",\"potentialAction\":[{\"@type\":\"SearchAction\",\"target\":{\"@type\":\"EntryPoint\",\"urlTemplate\":\"https:\/\/sophiestalport.com\/?s={search_term_string}\"},\"query-input\":\"required name=search_term_string\"}],\"inLanguage\":\"fr-FR\"}]}<\/script>\n<!-- \/ Yoast SEO plugin. -->","yoast_head_json":{"title":"Th\u00e9\u00e2tre - Sophie Stalport","robots":{"index":"index","follow":"follow","max-snippet":"max-snippet:-1","max-image-preview":"max-image-preview:large","max-video-preview":"max-video-preview:-1"},"canonical":"https:\/\/sophiestalport.com\/index.php\/theatre\/","og_locale":"fr_FR","og_type":"article","og_title":"Th\u00e9\u00e2tre - Sophie Stalport","og_description":"Th\u00e9\u00e2treDu plus r\u00e9cent aux plus anciens, je vous invite \u00e0 cliquer sur les images pour d\u00e9couvrir les d\u00e9tails de chaque spectacle. Alice au pays des merveillesde Florent nagelLes culs de plombMise en sc\u00e8ne hugo paviotMatisse ou la danse du lionCompagnie Carr\u00e9 blanc sur fond bleuLe petit pinceau de KleeCompagnie Carr\u00e9 blanc sur fond bleuL'\u00e9change (1\u00e8re version)Mise en sc\u00e8ne Herv\u00e9 van der meulenLes VaguesMise en sc\u00e8ne Herv\u00e9 van der meulenProc\u00e8s de BobignyMise en sc\u00e8ne Myl\u00e8ne BonnetSarah GreatMise en sc\u00e8ne Mathieu LoiseauJulie ...","og_url":"https:\/\/sophiestalport.com\/index.php\/theatre\/","og_site_name":"Sophie Stalport","article_modified_time":"2019-07-18T12:53:58+00:00","twitter_card":"summary_large_image","twitter_misc":{"Dur\u00e9e de lecture estim\u00e9e":"6 minutes"},"schema":{"@context":"https:\/\/schema.org","@graph":[{"@type":"WebPage","@id":"https:\/\/sophiestalport.com\/index.php\/theatre\/","url":"https:\/\/sophiestalport.com\/index.php\/theatre\/","name":"Th\u00e9\u00e2tre - Sophie Stalport","isPartOf":{"@id":"https:\/\/sophiestalport.com\/#website"},"datePublished":"2018-06-01T13:44:59+00:00","dateModified":"2019-07-18T12:53:58+00:00","breadcrumb":{"@id":"https:\/\/sophiestalport.com\/index.php\/theatre\/#breadcrumb"},"inLanguage":"fr-FR","potentialAction":[{"@type":"ReadAction","target":["https:\/\/sophiestalport.com\/index.php\/theatre\/"]}]},{"@type":"BreadcrumbList","@id":"https:\/\/sophiestalport.com\/index.php\/theatre\/#breadcrumb","itemListElement":[{"@type":"ListItem","position":1,"name":"Home","item":"https:\/\/sophiestalport.com\/"},{"@type":"ListItem","position":2,"name":"Th\u00e9\u00e2tre"}]},{"@type":"WebSite","@id":"https:\/\/sophiestalport.com\/#website","url":"https:\/\/sophiestalport.com\/","name":"Sophie Stalport","description":"Com\u00e9dienne","potentialAction":[{"@type":"SearchAction","target":{"@type":"EntryPoint","urlTemplate":"https:\/\/sophiestalport.com\/?s={search_term_string}"},"query-input":"required name=search_term_string"}],"inLanguage":"fr-FR"}]}},"_links":{"self":[{"href":"https:\/\/sophiestalport.com\/index.php\/wp-json\/wp\/v2\/pages\/197"}],"collection":[{"href":"https:\/\/sophiestalport.com\/index.php\/wp-json\/wp\/v2\/pages"}],"about":[{"href":"https:\/\/sophiestalport.com\/index.php\/wp-json\/wp\/v2\/types\/page"}],"author":[{"embeddable":true,"href":"https:\/\/sophiestalport.com\/index.php\/wp-json\/wp\/v2\/users\/1"}],"replies":[{"embeddable":true,"href":"https:\/\/sophiestalport.com\/index.php\/wp-json\/wp\/v2\/comments?post=197"}],"version-history":[{"count":38,"href":"https:\/\/sophiestalport.com\/index.php\/wp-json\/wp\/v2\/pages\/197\/revisions"}],"predecessor-version":[{"id":1149,"href":"https:\/\/sophiestalport.com\/index.php\/wp-json\/wp\/v2\/pages\/197\/revisions\/1149"}],"wp:attachment":[{"href":"https:\/\/sophiestalport.com\/index.php\/wp-json\/wp\/v2\/media?parent=197"}],"curies":[{"name":"wp","href":"https:\/\/api.w.org\/{rel}","templated":true}]}}