{"id":190,"date":"2018-06-01T15:34:17","date_gmt":"2018-06-01T13:34:17","guid":{"rendered":"http:\/\/sophiestalport.com\/?page_id=190"},"modified":"2018-06-19T13:55:15","modified_gmt":"2018-06-19T11:55:15","slug":"visites-theatralisees-spectacles-musees","status":"publish","type":"page","link":"https:\/\/sophiestalport.com\/index.php\/visites-theatralisees-spectacles-musees\/","title":{"rendered":"Mise en sc\u00e8ne"},"content":{"rendered":"<div id=\"cs-content\" class=\"cs-content\"><\/div>\n","protected":false},"excerpt":{"rendered":"<p>Mise en sc\u00e8ne Spectacles dans les mus\u00e9esSophie Stalport signe la direction d\u2019acteur et la mise en sc\u00e8ne de plusieurs spectacles dans les mus\u00e9es, parcours-visites ludiques, parfois interactifs ou visites th\u00e9\u00e2tralis\u00e9es selon les lieux. Elle dirige Emmanuelle Marquis au Mus\u00e9e d\u2019Orsay (Paris 7\u00e8me), au Mus\u00e9e des Beaux-arts de Rennes (35), au mus\u00e9e Richard Anacr\u00e9on de Granville (50), aux mus\u00e9es Marcq et Bargoin de Clermont-Ferrand (63), au Mus\u00e9e d\u2019Art Moderne Andr\u00e9 Malraux du Havre (76)\u2026 D\u00e9couvrez l&rsquo;univers des diff\u00e9rents spectacles en cliquant &#8230;<\/p>\n","protected":false},"author":1,"featured_media":0,"parent":0,"menu_order":0,"comment_status":"closed","ping_status":"closed","template":"template-blank-4.php","meta":[],"yoast_head":"<!-- This site is optimized with the Yoast SEO plugin v20.11 - https:\/\/yoast.com\/wordpress\/plugins\/seo\/ -->\n<title>Mise en sc\u00e8ne - Sophie Stalport<\/title>\n<meta name=\"robots\" content=\"index, follow, max-snippet:-1, max-image-preview:large, max-video-preview:-1\" \/>\n<link rel=\"canonical\" href=\"https:\/\/sophiestalport.com\/index.php\/visites-theatralisees-spectacles-musees\/\" \/>\n<meta property=\"og:locale\" content=\"fr_FR\" \/>\n<meta property=\"og:type\" content=\"article\" \/>\n<meta property=\"og:title\" content=\"Mise en sc\u00e8ne - Sophie Stalport\" \/>\n<meta property=\"og:description\" content=\"Mise en sc\u00e8ne Spectacles dans les mus\u00e9esSophie Stalport signe la direction d\u2019acteur et la mise en sc\u00e8ne de plusieurs spectacles dans les mus\u00e9es, parcours-visites ludiques, parfois interactifs ou visites th\u00e9\u00e2tralis\u00e9es selon les lieux. Elle dirige Emmanuelle Marquis au Mus\u00e9e d\u2019Orsay (Paris 7\u00e8me), au Mus\u00e9e des Beaux-arts de Rennes (35), au mus\u00e9e Richard Anacr\u00e9on de Granville (50), aux mus\u00e9es Marcq et Bargoin de Clermont-Ferrand (63), au Mus\u00e9e d\u2019Art Moderne Andr\u00e9 Malraux du Havre (76)\u2026 D\u00e9couvrez l&#039;univers des diff\u00e9rents spectacles en cliquant ...\" \/>\n<meta property=\"og:url\" content=\"https:\/\/sophiestalport.com\/index.php\/visites-theatralisees-spectacles-musees\/\" \/>\n<meta property=\"og:site_name\" content=\"Sophie Stalport\" \/>\n<meta property=\"article:modified_time\" content=\"2018-06-19T11:55:15+00:00\" \/>\n<meta name=\"twitter:card\" content=\"summary_large_image\" \/>\n<meta name=\"twitter:label1\" content=\"Dur\u00e9e de lecture estim\u00e9e\" \/>\n\t<meta name=\"twitter:data1\" content=\"7 minutes\" \/>\n<script type=\"application\/ld+json\" class=\"yoast-schema-graph\">{\"@context\":\"https:\/\/schema.org\",\"@graph\":[{\"@type\":\"WebPage\",\"@id\":\"https:\/\/sophiestalport.com\/index.php\/visites-theatralisees-spectacles-musees\/\",\"url\":\"https:\/\/sophiestalport.com\/index.php\/visites-theatralisees-spectacles-musees\/\",\"name\":\"Mise en sc\u00e8ne - Sophie Stalport\",\"isPartOf\":{\"@id\":\"https:\/\/sophiestalport.com\/#website\"},\"datePublished\":\"2018-06-01T13:34:17+00:00\",\"dateModified\":\"2018-06-19T11:55:15+00:00\",\"breadcrumb\":{\"@id\":\"https:\/\/sophiestalport.com\/index.php\/visites-theatralisees-spectacles-musees\/#breadcrumb\"},\"inLanguage\":\"fr-FR\",\"potentialAction\":[{\"@type\":\"ReadAction\",\"target\":[\"https:\/\/sophiestalport.com\/index.php\/visites-theatralisees-spectacles-musees\/\"]}]},{\"@type\":\"BreadcrumbList\",\"@id\":\"https:\/\/sophiestalport.com\/index.php\/visites-theatralisees-spectacles-musees\/#breadcrumb\",\"itemListElement\":[{\"@type\":\"ListItem\",\"position\":1,\"name\":\"Home\",\"item\":\"https:\/\/sophiestalport.com\/\"},{\"@type\":\"ListItem\",\"position\":2,\"name\":\"Mise en sc\u00e8ne\"}]},{\"@type\":\"WebSite\",\"@id\":\"https:\/\/sophiestalport.com\/#website\",\"url\":\"https:\/\/sophiestalport.com\/\",\"name\":\"Sophie Stalport\",\"description\":\"Com\u00e9dienne\",\"potentialAction\":[{\"@type\":\"SearchAction\",\"target\":{\"@type\":\"EntryPoint\",\"urlTemplate\":\"https:\/\/sophiestalport.com\/?s={search_term_string}\"},\"query-input\":\"required name=search_term_string\"}],\"inLanguage\":\"fr-FR\"}]}<\/script>\n<!-- \/ Yoast SEO plugin. -->","yoast_head_json":{"title":"Mise en sc\u00e8ne - Sophie Stalport","robots":{"index":"index","follow":"follow","max-snippet":"max-snippet:-1","max-image-preview":"max-image-preview:large","max-video-preview":"max-video-preview:-1"},"canonical":"https:\/\/sophiestalport.com\/index.php\/visites-theatralisees-spectacles-musees\/","og_locale":"fr_FR","og_type":"article","og_title":"Mise en sc\u00e8ne - Sophie Stalport","og_description":"Mise en sc\u00e8ne Spectacles dans les mus\u00e9esSophie Stalport signe la direction d\u2019acteur et la mise en sc\u00e8ne de plusieurs spectacles dans les mus\u00e9es, parcours-visites ludiques, parfois interactifs ou visites th\u00e9\u00e2tralis\u00e9es selon les lieux. Elle dirige Emmanuelle Marquis au Mus\u00e9e d\u2019Orsay (Paris 7\u00e8me), au Mus\u00e9e des Beaux-arts de Rennes (35), au mus\u00e9e Richard Anacr\u00e9on de Granville (50), aux mus\u00e9es Marcq et Bargoin de Clermont-Ferrand (63), au Mus\u00e9e d\u2019Art Moderne Andr\u00e9 Malraux du Havre (76)\u2026 D\u00e9couvrez l'univers des diff\u00e9rents spectacles en cliquant ...","og_url":"https:\/\/sophiestalport.com\/index.php\/visites-theatralisees-spectacles-musees\/","og_site_name":"Sophie Stalport","article_modified_time":"2018-06-19T11:55:15+00:00","twitter_card":"summary_large_image","twitter_misc":{"Dur\u00e9e de lecture estim\u00e9e":"7 minutes"},"schema":{"@context":"https:\/\/schema.org","@graph":[{"@type":"WebPage","@id":"https:\/\/sophiestalport.com\/index.php\/visites-theatralisees-spectacles-musees\/","url":"https:\/\/sophiestalport.com\/index.php\/visites-theatralisees-spectacles-musees\/","name":"Mise en sc\u00e8ne - Sophie Stalport","isPartOf":{"@id":"https:\/\/sophiestalport.com\/#website"},"datePublished":"2018-06-01T13:34:17+00:00","dateModified":"2018-06-19T11:55:15+00:00","breadcrumb":{"@id":"https:\/\/sophiestalport.com\/index.php\/visites-theatralisees-spectacles-musees\/#breadcrumb"},"inLanguage":"fr-FR","potentialAction":[{"@type":"ReadAction","target":["https:\/\/sophiestalport.com\/index.php\/visites-theatralisees-spectacles-musees\/"]}]},{"@type":"BreadcrumbList","@id":"https:\/\/sophiestalport.com\/index.php\/visites-theatralisees-spectacles-musees\/#breadcrumb","itemListElement":[{"@type":"ListItem","position":1,"name":"Home","item":"https:\/\/sophiestalport.com\/"},{"@type":"ListItem","position":2,"name":"Mise en sc\u00e8ne"}]},{"@type":"WebSite","@id":"https:\/\/sophiestalport.com\/#website","url":"https:\/\/sophiestalport.com\/","name":"Sophie Stalport","description":"Com\u00e9dienne","potentialAction":[{"@type":"SearchAction","target":{"@type":"EntryPoint","urlTemplate":"https:\/\/sophiestalport.com\/?s={search_term_string}"},"query-input":"required name=search_term_string"}],"inLanguage":"fr-FR"}]}},"_links":{"self":[{"href":"https:\/\/sophiestalport.com\/index.php\/wp-json\/wp\/v2\/pages\/190"}],"collection":[{"href":"https:\/\/sophiestalport.com\/index.php\/wp-json\/wp\/v2\/pages"}],"about":[{"href":"https:\/\/sophiestalport.com\/index.php\/wp-json\/wp\/v2\/types\/page"}],"author":[{"embeddable":true,"href":"https:\/\/sophiestalport.com\/index.php\/wp-json\/wp\/v2\/users\/1"}],"replies":[{"embeddable":true,"href":"https:\/\/sophiestalport.com\/index.php\/wp-json\/wp\/v2\/comments?post=190"}],"version-history":[{"count":40,"href":"https:\/\/sophiestalport.com\/index.php\/wp-json\/wp\/v2\/pages\/190\/revisions"}],"predecessor-version":[{"id":793,"href":"https:\/\/sophiestalport.com\/index.php\/wp-json\/wp\/v2\/pages\/190\/revisions\/793"}],"wp:attachment":[{"href":"https:\/\/sophiestalport.com\/index.php\/wp-json\/wp\/v2\/media?parent=190"}],"curies":[{"name":"wp","href":"https:\/\/api.w.org\/{rel}","templated":true}]}}