{"id":169,"date":"2018-06-01T12:29:39","date_gmt":"2018-06-01T10:29:39","guid":{"rendered":"http:\/\/sophiestalport.com\/?page_id=169"},"modified":"2018-06-21T21:13:16","modified_gmt":"2018-06-21T19:13:16","slug":"spectacle-peinture-petite-enfance","status":"publish","type":"page","link":"https:\/\/sophiestalport.com\/index.php\/spectacle-peinture-petite-enfance\/","title":{"rendered":"Spectacles petite enfance"},"content":{"rendered":"<div id=\"cs-content\" class=\"cs-content\"><\/div>\n","protected":false},"excerpt":{"rendered":"<p>Spectacles petite enfanceSophie Stalport interpr\u00e8te pour la compagnie Carr\u00e9 blanc sur fond bleu LE PETIT PINCEAU DE KLEE et MATISSE OU LA DANSE DU LION, deux petites formes th\u00e9\u00e2trales autour de la peinture \u00e0 destination des tout-petits \u00e0 partir de 18 mois. Ces spectacles se jouent dans les lieux petite enfance, en biblioth\u00e8que ou en m\u00e9diath\u00e8que, dans les \u00e9coles maternelles, dans les petits th\u00e9\u00e2tres\u2026 Ils sont actuellement en tourn\u00e9e dans toute la France. Rendez-vous sur le site de la compagnie &#8230;<\/p>\n","protected":false},"author":1,"featured_media":0,"parent":0,"menu_order":0,"comment_status":"closed","ping_status":"closed","template":"template-blank-4.php","meta":[],"yoast_head":"<!-- This site is optimized with the Yoast SEO plugin v20.11 - https:\/\/yoast.com\/wordpress\/plugins\/seo\/ -->\n<title>Spectacles petite enfance - Sophie Stalport<\/title>\n<meta name=\"robots\" content=\"index, follow, max-snippet:-1, max-image-preview:large, max-video-preview:-1\" \/>\n<link rel=\"canonical\" href=\"https:\/\/sophiestalport.com\/index.php\/spectacle-peinture-petite-enfance\/\" \/>\n<meta property=\"og:locale\" content=\"fr_FR\" \/>\n<meta property=\"og:type\" content=\"article\" \/>\n<meta property=\"og:title\" content=\"Spectacles petite enfance - Sophie Stalport\" \/>\n<meta property=\"og:description\" content=\"Spectacles petite enfanceSophie Stalport interpr\u00e8te pour la compagnie Carr\u00e9 blanc sur fond bleu LE PETIT PINCEAU DE KLEE et MATISSE OU LA DANSE DU LION, deux petites formes th\u00e9\u00e2trales autour de la peinture \u00e0 destination des tout-petits \u00e0 partir de 18 mois. Ces spectacles se jouent dans les lieux petite enfance, en biblioth\u00e8que ou en m\u00e9diath\u00e8que, dans les \u00e9coles maternelles, dans les petits th\u00e9\u00e2tres\u2026 Ils sont actuellement en tourn\u00e9e dans toute la France. Rendez-vous sur le site de la compagnie ...\" \/>\n<meta property=\"og:url\" content=\"https:\/\/sophiestalport.com\/index.php\/spectacle-peinture-petite-enfance\/\" \/>\n<meta property=\"og:site_name\" content=\"Sophie Stalport\" \/>\n<meta property=\"article:modified_time\" content=\"2018-06-21T19:13:16+00:00\" \/>\n<meta name=\"twitter:card\" content=\"summary_large_image\" \/>\n<meta name=\"twitter:label1\" content=\"Dur\u00e9e de lecture estim\u00e9e\" \/>\n\t<meta name=\"twitter:data1\" content=\"5 minutes\" \/>\n<script type=\"application\/ld+json\" class=\"yoast-schema-graph\">{\"@context\":\"https:\/\/schema.org\",\"@graph\":[{\"@type\":\"WebPage\",\"@id\":\"https:\/\/sophiestalport.com\/index.php\/spectacle-peinture-petite-enfance\/\",\"url\":\"https:\/\/sophiestalport.com\/index.php\/spectacle-peinture-petite-enfance\/\",\"name\":\"Spectacles petite enfance - Sophie Stalport\",\"isPartOf\":{\"@id\":\"https:\/\/sophiestalport.com\/#website\"},\"datePublished\":\"2018-06-01T10:29:39+00:00\",\"dateModified\":\"2018-06-21T19:13:16+00:00\",\"breadcrumb\":{\"@id\":\"https:\/\/sophiestalport.com\/index.php\/spectacle-peinture-petite-enfance\/#breadcrumb\"},\"inLanguage\":\"fr-FR\",\"potentialAction\":[{\"@type\":\"ReadAction\",\"target\":[\"https:\/\/sophiestalport.com\/index.php\/spectacle-peinture-petite-enfance\/\"]}]},{\"@type\":\"BreadcrumbList\",\"@id\":\"https:\/\/sophiestalport.com\/index.php\/spectacle-peinture-petite-enfance\/#breadcrumb\",\"itemListElement\":[{\"@type\":\"ListItem\",\"position\":1,\"name\":\"Home\",\"item\":\"https:\/\/sophiestalport.com\/\"},{\"@type\":\"ListItem\",\"position\":2,\"name\":\"Spectacles petite enfance\"}]},{\"@type\":\"WebSite\",\"@id\":\"https:\/\/sophiestalport.com\/#website\",\"url\":\"https:\/\/sophiestalport.com\/\",\"name\":\"Sophie Stalport\",\"description\":\"Com\u00e9dienne\",\"potentialAction\":[{\"@type\":\"SearchAction\",\"target\":{\"@type\":\"EntryPoint\",\"urlTemplate\":\"https:\/\/sophiestalport.com\/?s={search_term_string}\"},\"query-input\":\"required name=search_term_string\"}],\"inLanguage\":\"fr-FR\"}]}<\/script>\n<!-- \/ Yoast SEO plugin. -->","yoast_head_json":{"title":"Spectacles petite enfance - Sophie Stalport","robots":{"index":"index","follow":"follow","max-snippet":"max-snippet:-1","max-image-preview":"max-image-preview:large","max-video-preview":"max-video-preview:-1"},"canonical":"https:\/\/sophiestalport.com\/index.php\/spectacle-peinture-petite-enfance\/","og_locale":"fr_FR","og_type":"article","og_title":"Spectacles petite enfance - Sophie Stalport","og_description":"Spectacles petite enfanceSophie Stalport interpr\u00e8te pour la compagnie Carr\u00e9 blanc sur fond bleu LE PETIT PINCEAU DE KLEE et MATISSE OU LA DANSE DU LION, deux petites formes th\u00e9\u00e2trales autour de la peinture \u00e0 destination des tout-petits \u00e0 partir de 18 mois. Ces spectacles se jouent dans les lieux petite enfance, en biblioth\u00e8que ou en m\u00e9diath\u00e8que, dans les \u00e9coles maternelles, dans les petits th\u00e9\u00e2tres\u2026 Ils sont actuellement en tourn\u00e9e dans toute la France. Rendez-vous sur le site de la compagnie ...","og_url":"https:\/\/sophiestalport.com\/index.php\/spectacle-peinture-petite-enfance\/","og_site_name":"Sophie Stalport","article_modified_time":"2018-06-21T19:13:16+00:00","twitter_card":"summary_large_image","twitter_misc":{"Dur\u00e9e de lecture estim\u00e9e":"5 minutes"},"schema":{"@context":"https:\/\/schema.org","@graph":[{"@type":"WebPage","@id":"https:\/\/sophiestalport.com\/index.php\/spectacle-peinture-petite-enfance\/","url":"https:\/\/sophiestalport.com\/index.php\/spectacle-peinture-petite-enfance\/","name":"Spectacles petite enfance - Sophie Stalport","isPartOf":{"@id":"https:\/\/sophiestalport.com\/#website"},"datePublished":"2018-06-01T10:29:39+00:00","dateModified":"2018-06-21T19:13:16+00:00","breadcrumb":{"@id":"https:\/\/sophiestalport.com\/index.php\/spectacle-peinture-petite-enfance\/#breadcrumb"},"inLanguage":"fr-FR","potentialAction":[{"@type":"ReadAction","target":["https:\/\/sophiestalport.com\/index.php\/spectacle-peinture-petite-enfance\/"]}]},{"@type":"BreadcrumbList","@id":"https:\/\/sophiestalport.com\/index.php\/spectacle-peinture-petite-enfance\/#breadcrumb","itemListElement":[{"@type":"ListItem","position":1,"name":"Home","item":"https:\/\/sophiestalport.com\/"},{"@type":"ListItem","position":2,"name":"Spectacles petite enfance"}]},{"@type":"WebSite","@id":"https:\/\/sophiestalport.com\/#website","url":"https:\/\/sophiestalport.com\/","name":"Sophie Stalport","description":"Com\u00e9dienne","potentialAction":[{"@type":"SearchAction","target":{"@type":"EntryPoint","urlTemplate":"https:\/\/sophiestalport.com\/?s={search_term_string}"},"query-input":"required name=search_term_string"}],"inLanguage":"fr-FR"}]}},"_links":{"self":[{"href":"https:\/\/sophiestalport.com\/index.php\/wp-json\/wp\/v2\/pages\/169"}],"collection":[{"href":"https:\/\/sophiestalport.com\/index.php\/wp-json\/wp\/v2\/pages"}],"about":[{"href":"https:\/\/sophiestalport.com\/index.php\/wp-json\/wp\/v2\/types\/page"}],"author":[{"embeddable":true,"href":"https:\/\/sophiestalport.com\/index.php\/wp-json\/wp\/v2\/users\/1"}],"replies":[{"embeddable":true,"href":"https:\/\/sophiestalport.com\/index.php\/wp-json\/wp\/v2\/comments?post=169"}],"version-history":[{"count":49,"href":"https:\/\/sophiestalport.com\/index.php\/wp-json\/wp\/v2\/pages\/169\/revisions"}],"predecessor-version":[{"id":893,"href":"https:\/\/sophiestalport.com\/index.php\/wp-json\/wp\/v2\/pages\/169\/revisions\/893"}],"wp:attachment":[{"href":"https:\/\/sophiestalport.com\/index.php\/wp-json\/wp\/v2\/media?parent=169"}],"curies":[{"name":"wp","href":"https:\/\/api.w.org\/{rel}","templated":true}]}}